{"id":402,"date":"2021-03-30T14:07:34","date_gmt":"2021-03-30T14:07:34","guid":{"rendered":"https:\/\/www.everpharma.com\/portfolio\/tachyben\/"},"modified":"2022-12-11T04:44:41","modified_gmt":"2022-12-11T04:44:41","slug":"tachyben","status":"publish","type":"product","link":"https:\/\/www.everpharma.com\/de\/produkte\/tachyben\/","title":{"rendered":"Tachyben\u00ae"},"content":{"rendered":"\n<div class=\"wp-block-group meta\"><div class=\"wp-block-group__inner-container is-layout-flow wp-block-group-is-layout-flow\">\n<div class=\"wp-block-group meta\"><div class=\"wp-block-group__inner-container is-layout-flow wp-block-group-is-layout-flow\">\n<div class=\"wp-block-columns is-layout-flex wp-container-core-columns-is-layout-9d6595d7 wp-block-columns-is-layout-flex\">\n<div class=\"wp-block-column is-layout-flow wp-block-column-is-layout-flow\">\n<figure class=\"wp-block-table\"><table><tbody><tr><td><strong>Darreichungsform<\/strong><\/td><td>Injektionsl\u00f6sung, Konzentrat zur Herstellung einer Infusionsl\u00f6sung<\/td><\/tr><tr><td><strong>Wirkst\u00e4rke<\/strong><\/td><td>25 mg, 50 mg, 100 mg<\/td><\/tr><tr><td><strong><strong>St\u00e4rke pro Einheit<\/strong><\/strong><\/td><td>25 mg\/5 ml, 50 mg\/10 ml, 100 mg\/20 ml<\/td><\/tr><tr><td><strong>ATC Code <\/strong><\/td><td>C02CA06<\/td><\/tr><tr><td><strong>Wirkstoffklasse<\/strong><\/td><td>Antihypertensiva<\/td><\/tr><tr><td><strong>Indikation<\/strong><\/td><td>Tachyben wird verwendet zur Behandlung von:<br>\u2013 hypertensiven Notf\u00e4llen (z. B. krisenhafter Blutdruckanstieg)<br>\u2013 schweren bzw. schwersten Formen der Bluthochdruckkrankheit<br>\u2013 therapieresistentem Bluthochdruck<br>\u2013 zur kontrollierten Blutdrucksenkung bei Patienten mit Bluthochdruck w\u00e4hrend und\/oder nach Operationen.<\/td><\/tr><\/tbody><\/table><\/figure>\n<\/div>\n<\/div>\n<\/div><\/div>\n\n\n\n<figure class=\"wp-block-image size-large is-resized\"><img loading=\"lazy\" decoding=\"async\" src=\"https:\/\/www.everpharma.com\/wp-content\/uploads\/2021\/05\/Tachyben_Packshot-2-1024x682.jpg\" alt=\"\" class=\"wp-image-2652\" width=\"512\" height=\"341\" srcset=\"https:\/\/www.everpharma.com\/wp-content\/uploads\/2021\/05\/Tachyben_Packshot-2-1024x682.jpg 1024w, https:\/\/www.everpharma.com\/wp-content\/uploads\/2021\/05\/Tachyben_Packshot-2-300x200.jpg 300w, https:\/\/www.everpharma.com\/wp-content\/uploads\/2021\/05\/Tachyben_Packshot-2-768x512.jpg 768w, https:\/\/www.everpharma.com\/wp-content\/uploads\/2021\/05\/Tachyben_Packshot-2-1536x1024.jpg 1536w, https:\/\/www.everpharma.com\/wp-content\/uploads\/2021\/05\/Tachyben_Packshot-2.jpg 2000w\" sizes=\"auto, (max-width: 512px) 100vw, 512px\" \/><\/figure>\n\n\n\n<div style=\"height:50px\" aria-hidden=\"true\" class=\"wp-block-spacer\"><\/div>\n\n\n\n<p class=\"has-base-font-size\"><em>Tachyben\u00ae EVER Pharma ist ein verschreibungspflichtiges Medikament. Informationen nur f\u00fcr medizinisches Fachpersonal.<\/em><br><em>Vollst\u00e4ndige Informationen \u00fcber das Medikament finden Sie in der Fachinformation.<\/em><\/p>\n<\/div><\/div>\n\n\n\n<div style=\"height:100px\" aria-hidden=\"true\" class=\"wp-block-spacer\"><\/div>\n","protected":false},"excerpt":{"rendered":"<p>Darreichungsform Injektionsl\u00f6sung, Konzentrat zur Herstellung einer Infusionsl\u00f6sung Wirkst\u00e4rke 25 mg, 50 mg, 100 mg St\u00e4rke pro Einheit 25 mg\/5 ml, 50 mg\/10 ml, 100 mg\/20 ml ATC Code C02CA06 Wirkstoffklasse Antihypertensiva Indikation Tachyben wird verwendet zur Behandlung von:\u2013 hypertensiven Notf\u00e4llen (z. B. krisenhafter Blutdruckanstieg)\u2013 schweren bzw. schwersten Formen der Bluthochdruckkrankheit\u2013 therapieresistentem Bluthochdruck\u2013 zur kontrollierten Blutdrucksenkung &hellip; <a href=\"https:\/\/www.everpharma.com\/de\/produkte\/tachyben\/\">Weiterlesen<\/a><\/p>\n","protected":false},"featured_media":0,"template":"","class_list":["post-402","product","type-product","status-publish","hentry"],"yoast_head":"<!-- This site is optimized with the Yoast SEO plugin v27.5 - https:\/\/yoast.com\/product\/yoast-seo-wordpress\/ -->\n<title>Tachyben\u00ae - EVER Pharma<\/title>\n<meta name=\"robots\" content=\"index, follow, max-snippet:-1, max-image-preview:large, max-video-preview:-1\" \/>\n<link rel=\"canonical\" href=\"https:\/\/www.everpharma.com\/de\/produkte\/tachyben\/\" \/>\n<meta property=\"og:locale\" content=\"de_DE\" \/>\n<meta property=\"og:type\" content=\"article\" \/>\n<meta property=\"og:title\" content=\"Tachyben\u00ae - EVER Pharma\" \/>\n<meta property=\"og:description\" content=\"Darreichungsform Injektionsl\u00f6sung, Konzentrat zur Herstellung einer Infusionsl\u00f6sung Wirkst\u00e4rke 25 mg, 50 mg, 100 mg St\u00e4rke pro Einheit 25 mg\/5 ml, 50 mg\/10 ml, 100 mg\/20 ml ATC Code C02CA06 Wirkstoffklasse Antihypertensiva Indikation Tachyben wird verwendet zur Behandlung von:\u2013 hypertensiven Notf\u00e4llen (z. B. krisenhafter Blutdruckanstieg)\u2013 schweren bzw. schwersten Formen der Bluthochdruckkrankheit\u2013 therapieresistentem Bluthochdruck\u2013 zur kontrollierten Blutdrucksenkung &hellip; Weiterlesen\" \/>\n<meta property=\"og:url\" content=\"https:\/\/www.everpharma.com\/de\/produkte\/tachyben\/\" \/>\n<meta property=\"og:site_name\" content=\"EVER Pharma\" \/>\n<meta property=\"article:modified_time\" content=\"2022-12-11T04:44:41+00:00\" \/>\n<meta property=\"og:image\" content=\"https:\/\/www.everpharma.com\/wp-content\/uploads\/2021\/05\/Tachyben_Packshot-2-1024x682.jpg\" \/>\n<meta name=\"twitter:card\" content=\"summary_large_image\" \/>\n<script type=\"application\/ld+json\" class=\"yoast-schema-graph\">{\"@context\":\"https:\\\/\\\/schema.org\",\"@graph\":[{\"@type\":\"WebPage\",\"@id\":\"https:\\\/\\\/www.everpharma.com\\\/de\\\/produkte\\\/tachyben\\\/\",\"url\":\"https:\\\/\\\/www.everpharma.com\\\/de\\\/produkte\\\/tachyben\\\/\",\"name\":\"Tachyben\u00ae - EVER Pharma\",\"isPartOf\":{\"@id\":\"https:\\\/\\\/www.everpharma.com\\\/de\\\/#website\"},\"primaryImageOfPage\":{\"@id\":\"https:\\\/\\\/www.everpharma.com\\\/de\\\/produkte\\\/tachyben\\\/#primaryimage\"},\"image\":{\"@id\":\"https:\\\/\\\/www.everpharma.com\\\/de\\\/produkte\\\/tachyben\\\/#primaryimage\"},\"thumbnailUrl\":\"https:\\\/\\\/www.everpharma.com\\\/wp-content\\\/uploads\\\/2021\\\/05\\\/Tachyben_Packshot-2-1024x682.jpg\",\"datePublished\":\"2021-03-30T14:07:34+00:00\",\"dateModified\":\"2022-12-11T04:44:41+00:00\",\"breadcrumb\":{\"@id\":\"https:\\\/\\\/www.everpharma.com\\\/de\\\/produkte\\\/tachyben\\\/#breadcrumb\"},\"inLanguage\":\"de\",\"potentialAction\":[{\"@type\":\"ReadAction\",\"target\":[\"https:\\\/\\\/www.everpharma.com\\\/de\\\/produkte\\\/tachyben\\\/\"]}]},{\"@type\":\"ImageObject\",\"inLanguage\":\"de\",\"@id\":\"https:\\\/\\\/www.everpharma.com\\\/de\\\/produkte\\\/tachyben\\\/#primaryimage\",\"url\":\"https:\\\/\\\/www.everpharma.com\\\/wp-content\\\/uploads\\\/2021\\\/05\\\/Tachyben_Packshot-2-1024x682.jpg\",\"contentUrl\":\"https:\\\/\\\/www.everpharma.com\\\/wp-content\\\/uploads\\\/2021\\\/05\\\/Tachyben_Packshot-2-1024x682.jpg\"},{\"@type\":\"BreadcrumbList\",\"@id\":\"https:\\\/\\\/www.everpharma.com\\\/de\\\/produkte\\\/tachyben\\\/#breadcrumb\",\"itemListElement\":[{\"@type\":\"ListItem\",\"position\":1,\"name\":\"Startseite\",\"item\":\"https:\\\/\\\/www.everpharma.com\\\/de\\\/\"},{\"@type\":\"ListItem\",\"position\":2,\"name\":\"Products\",\"item\":\"https:\\\/\\\/www.everpharma.com\\\/de\\\/produkte\\\/\"},{\"@type\":\"ListItem\",\"position\":3,\"name\":\"Tachyben\u00ae\"}]},{\"@type\":\"WebSite\",\"@id\":\"https:\\\/\\\/www.everpharma.com\\\/de\\\/#website\",\"url\":\"https:\\\/\\\/www.everpharma.com\\\/de\\\/\",\"name\":\"EVER Pharma\",\"description\":\"Dedicated to health.\",\"publisher\":{\"@id\":\"https:\\\/\\\/www.everpharma.com\\\/de\\\/#organization\"},\"potentialAction\":[{\"@type\":\"SearchAction\",\"target\":{\"@type\":\"EntryPoint\",\"urlTemplate\":\"https:\\\/\\\/www.everpharma.com\\\/de\\\/?s={search_term_string}\"},\"query-input\":{\"@type\":\"PropertyValueSpecification\",\"valueRequired\":true,\"valueName\":\"search_term_string\"}}],\"inLanguage\":\"de\"},{\"@type\":[\"Organization\",\"MedicalOrganization\"],\"@id\":\"https:\\\/\\\/www.everpharma.com\\\/de\\\/#organization\",\"name\":\"EVER Pharma\",\"url\":\"https:\\\/\\\/www.everpharma.com\\\/de\\\/\",\"logo\":{\"@type\":\"ImageObject\",\"inLanguage\":\"de\",\"@id\":\"https:\\\/\\\/www.everpharma.com\\\/de\\\/#\\\/schema\\\/logo\\\/image\\\/\",\"url\":\"https:\\\/\\\/www.everpharma.com\\\/wp-content\\\/uploads\\\/2022\\\/07\\\/ever-pharma-logo.png\",\"contentUrl\":\"https:\\\/\\\/www.everpharma.com\\\/wp-content\\\/uploads\\\/2022\\\/07\\\/ever-pharma-logo.png\",\"width\":240,\"height\":67,\"caption\":\"EVER Pharma\"},\"image\":{\"@id\":\"https:\\\/\\\/www.everpharma.com\\\/de\\\/#\\\/schema\\\/logo\\\/image\\\/\"},\"legalName\":\"EVER Neuro Pharma GmbH\",\"foundingDate\":\"1934-01-01\",\"description\":\"EVER Pharma is a fully integrated specialty pharmaceuticals company specializing in the research, development, and production of sterile injectables and specialty generics for neurology, oncology, intensive care, and hormone therapeutics worldwide.\",\"address\":{\"@type\":\"PostalAddress\",\"streetAddress\":\"Oberburgau 3\",\"addressLocality\":\"Unterach am Attersee\",\"addressRegion\":\"Ober\u00f6sterreich\",\"postalCode\":\"4866\",\"addressCountry\":\"AT\"},\"contactPoint\":{\"@type\":\"ContactPoint\",\"contactType\":\"customer service\",\"telephone\":\"+43 7665 20555 0\",\"email\":\"office@everpharma.com\"},\"sameAs\":[\"https:\\\/\\\/www.linkedin.com\\\/company\\\/ever-pharma\\\/\",\"https:\\\/\\\/www.wikidata.org\\\/wiki\\\/Q30268961\"]}]}<\/script>\n<!-- \/ Yoast SEO plugin. -->","yoast_head_json":{"title":"Tachyben\u00ae - EVER Pharma","robots":{"index":"index","follow":"follow","max-snippet":"max-snippet:-1","max-image-preview":"max-image-preview:large","max-video-preview":"max-video-preview:-1"},"canonical":"https:\/\/www.everpharma.com\/de\/produkte\/tachyben\/","og_locale":"de_DE","og_type":"article","og_title":"Tachyben\u00ae - EVER Pharma","og_description":"Darreichungsform Injektionsl\u00f6sung, Konzentrat zur Herstellung einer Infusionsl\u00f6sung Wirkst\u00e4rke 25 mg, 50 mg, 100 mg St\u00e4rke pro Einheit 25 mg\/5 ml, 50 mg\/10 ml, 100 mg\/20 ml ATC Code C02CA06 Wirkstoffklasse Antihypertensiva Indikation Tachyben wird verwendet zur Behandlung von:\u2013 hypertensiven Notf\u00e4llen (z. B. krisenhafter Blutdruckanstieg)\u2013 schweren bzw. schwersten Formen der Bluthochdruckkrankheit\u2013 therapieresistentem Bluthochdruck\u2013 zur kontrollierten Blutdrucksenkung &hellip; Weiterlesen","og_url":"https:\/\/www.everpharma.com\/de\/produkte\/tachyben\/","og_site_name":"EVER Pharma","article_modified_time":"2022-12-11T04:44:41+00:00","og_image":[{"url":"https:\/\/www.everpharma.com\/wp-content\/uploads\/2021\/05\/Tachyben_Packshot-2-1024x682.jpg","type":"","width":"","height":""}],"twitter_card":"summary_large_image","schema":{"@context":"https:\/\/schema.org","@graph":[{"@type":"WebPage","@id":"https:\/\/www.everpharma.com\/de\/produkte\/tachyben\/","url":"https:\/\/www.everpharma.com\/de\/produkte\/tachyben\/","name":"Tachyben\u00ae - EVER Pharma","isPartOf":{"@id":"https:\/\/www.everpharma.com\/de\/#website"},"primaryImageOfPage":{"@id":"https:\/\/www.everpharma.com\/de\/produkte\/tachyben\/#primaryimage"},"image":{"@id":"https:\/\/www.everpharma.com\/de\/produkte\/tachyben\/#primaryimage"},"thumbnailUrl":"https:\/\/www.everpharma.com\/wp-content\/uploads\/2021\/05\/Tachyben_Packshot-2-1024x682.jpg","datePublished":"2021-03-30T14:07:34+00:00","dateModified":"2022-12-11T04:44:41+00:00","breadcrumb":{"@id":"https:\/\/www.everpharma.com\/de\/produkte\/tachyben\/#breadcrumb"},"inLanguage":"de","potentialAction":[{"@type":"ReadAction","target":["https:\/\/www.everpharma.com\/de\/produkte\/tachyben\/"]}]},{"@type":"ImageObject","inLanguage":"de","@id":"https:\/\/www.everpharma.com\/de\/produkte\/tachyben\/#primaryimage","url":"https:\/\/www.everpharma.com\/wp-content\/uploads\/2021\/05\/Tachyben_Packshot-2-1024x682.jpg","contentUrl":"https:\/\/www.everpharma.com\/wp-content\/uploads\/2021\/05\/Tachyben_Packshot-2-1024x682.jpg"},{"@type":"BreadcrumbList","@id":"https:\/\/www.everpharma.com\/de\/produkte\/tachyben\/#breadcrumb","itemListElement":[{"@type":"ListItem","position":1,"name":"Startseite","item":"https:\/\/www.everpharma.com\/de\/"},{"@type":"ListItem","position":2,"name":"Products","item":"https:\/\/www.everpharma.com\/de\/produkte\/"},{"@type":"ListItem","position":3,"name":"Tachyben\u00ae"}]},{"@type":"WebSite","@id":"https:\/\/www.everpharma.com\/de\/#website","url":"https:\/\/www.everpharma.com\/de\/","name":"EVER Pharma","description":"Dedicated to health.","publisher":{"@id":"https:\/\/www.everpharma.com\/de\/#organization"},"potentialAction":[{"@type":"SearchAction","target":{"@type":"EntryPoint","urlTemplate":"https:\/\/www.everpharma.com\/de\/?s={search_term_string}"},"query-input":{"@type":"PropertyValueSpecification","valueRequired":true,"valueName":"search_term_string"}}],"inLanguage":"de"},{"@type":["Organization","MedicalOrganization"],"@id":"https:\/\/www.everpharma.com\/de\/#organization","name":"EVER Pharma","url":"https:\/\/www.everpharma.com\/de\/","logo":{"@type":"ImageObject","inLanguage":"de","@id":"https:\/\/www.everpharma.com\/de\/#\/schema\/logo\/image\/","url":"https:\/\/www.everpharma.com\/wp-content\/uploads\/2022\/07\/ever-pharma-logo.png","contentUrl":"https:\/\/www.everpharma.com\/wp-content\/uploads\/2022\/07\/ever-pharma-logo.png","width":240,"height":67,"caption":"EVER Pharma"},"image":{"@id":"https:\/\/www.everpharma.com\/de\/#\/schema\/logo\/image\/"},"legalName":"EVER Neuro Pharma GmbH","foundingDate":"1934-01-01","description":"EVER Pharma is a fully integrated specialty pharmaceuticals company specializing in the research, development, and production of sterile injectables and specialty generics for neurology, oncology, intensive care, and hormone therapeutics worldwide.","address":{"@type":"PostalAddress","streetAddress":"Oberburgau 3","addressLocality":"Unterach am Attersee","addressRegion":"Ober\u00f6sterreich","postalCode":"4866","addressCountry":"AT"},"contactPoint":{"@type":"ContactPoint","contactType":"customer service","telephone":"+43 7665 20555 0","email":"office@everpharma.com"},"sameAs":["https:\/\/www.linkedin.com\/company\/ever-pharma\/","https:\/\/www.wikidata.org\/wiki\/Q30268961"]}]}},"acf":[],"_links":{"self":[{"href":"https:\/\/www.everpharma.com\/de\/wp-json\/wp\/v2\/product\/402","targetHints":{"allow":["GET"]}}],"collection":[{"href":"https:\/\/www.everpharma.com\/de\/wp-json\/wp\/v2\/product"}],"about":[{"href":"https:\/\/www.everpharma.com\/de\/wp-json\/wp\/v2\/types\/product"}],"wp:attachment":[{"href":"https:\/\/www.everpharma.com\/de\/wp-json\/wp\/v2\/media?parent=402"}],"curies":[{"name":"wp","href":"https:\/\/api.w.org\/{rel}","templated":true}]}}