{"id":400,"date":"2021-03-30T14:07:07","date_gmt":"2021-03-30T14:07:07","guid":{"rendered":"https:\/\/www.everpharma.com\/portfolio\/paclitaxel-ever-pharma\/"},"modified":"2025-05-21T10:29:14","modified_gmt":"2025-05-21T10:29:14","slug":"paclitaxel-ever-pharma","status":"publish","type":"product","link":"https:\/\/www.everpharma.com\/de\/produkte\/paclitaxel-ever-pharma\/","title":{"rendered":"Paclitaxel"},"content":{"rendered":"\n<div class=\"wp-block-group meta\"><div class=\"wp-block-group__inner-container is-layout-flow wp-block-group-is-layout-flow\">\n<div class=\"wp-block-group meta\"><div class=\"wp-block-group__inner-container is-layout-flow wp-block-group-is-layout-flow\">\n<div class=\"wp-block-columns is-layout-flex wp-container-core-columns-is-layout-9d6595d7 wp-block-columns-is-layout-flex\">\n<div class=\"wp-block-column is-layout-flow wp-block-column-is-layout-flow\">\n<figure class=\"wp-block-table\"><table><tbody><tr><td><strong><strong><strong>Darreichungsform<\/strong><\/strong><\/strong><\/td><td>Konzentrat zur Herstellung einer Infusionsl\u00f6sung<\/td><\/tr><tr><td><strong><strong><strong>Wirkst\u00e4rke<\/strong><\/strong><\/strong><\/td><td>6 mg\/ml<\/td><\/tr><tr><td><strong><strong><strong><strong><strong>St\u00e4rke pro Einheit<\/strong><\/strong><\/strong><\/strong><\/strong><\/td><td>30 mg\/5 ml, 100 mg\/16.7 ml, 300 mg\/50 ml<\/td><\/tr><tr><td><strong>ATC Code <\/strong><\/td><td>L01CD01<\/td><\/tr><tr><td><strong><strong><strong>Wirkstoffklasse<\/strong><\/strong><\/strong><\/td><td>Taxane<\/td><\/tr><tr><td><strong><strong>Indikation<\/strong><\/strong><\/td><td><strong>Ovarialkarzinom<\/strong><br>Zur <em>First-line<\/em> Chemotherapie des Ovarialkarzinoms ist Paclitaxel bei Patientinnen mit fortgeschrittenem <br>Ovarialkarzinom oder einem Resttumor (&gt; 1 cm) nach vorausgegangener Laparotomie in Kombination mit Cisplatin <br>indiziert.<br>Zur Second-line Chemotherapie des Ovarialkarzinoms ist Paclitaxel f\u00fcr die Behandlung von metastasierendem <br>Ovarialkarzinom nach Versagen einer Standardtherapie mit Platin-haltigen Arzneimitteln indiziert.<br><strong>Mammakarzinom<\/strong><br>Im Rahmen einer adjuvanten Therapie ist Paclitaxel EVER Pharma indiziert zur Behandlung von Patientinnen mit <br>nodal-positivem Mammakarzinom im Anschluss an eine Anthrazyklin\/Cyclophosphamid-Therapie (AC). Die <br>adjuvante Therapie mit Paclitaxel EVER Pharma sollte als Alternative zu einer verl\u00e4ngerten AC-Therapie angesehen <br>werden.<br>Paclitaxel EVER Pharma ist zur <em>First-line<\/em> Chemotherapie bei Patientinnen mit lokal fortgeschrittenem oder <br>metastasierendem Mammakarzinom angezeigt entweder in Kombination mit einem Anthrazyklin bei Patientinnen, <br>bei denen eine Anthrazyklin-Therapie in Betracht kommt, oder in Kombination mit Trastuzumab, bei Patientinnen, <br>die den humanen, epidermalen Wachstumsfactor-Rezeptor 2 (HER-2) \u2013 ermittelt durch immunhistochemische <br>Methoden \u2013 mit Grad 3+ \u00fcberexprimieren und f\u00fcr die eine Anthrazyklin-haltige Therapie nicht in Betracht kommt <br>(siehe 4.4 und 5.1).<br>Als Monotherapie ist Paclitaxel EVER Pharma f\u00fcr die Behandlung des metastasierenden Mammakarzinoms bei <br>Patientinnen indiziert, bei denen eine Standardtherapie mit Anthrazyklinen erfolglos war oder nicht angezeigt ist.<br><strong>Fortgeschrittenes nicht-kleinzelliges Bronchialkarzinom<br><\/strong>Paclitaxel in Kombination mit Cisplatin ist f\u00fcr die Behandlung des nicht-kleinzelligen Bronchialkarzinoms (NSCLC) bei <br>Patienten indiziert, f\u00fcr die potenziell kurative chirurgische Ma\u00dfnahmen und\/oder Strahlentherapie nicht angezeigt <br>sind.<br><strong>AIDS assoziiertes Kaposi Sarkom<br><\/strong>Paclitaxel ist indiziert zur Behandlung von Patienten mit fortgeschrittenem AIDS assoziiertem Kaposi Sarkom (KS), bei <br>denen eine vorausgegangene liposomale Anthrazyklin-Therapie erfolglos blieb.<br>Die Daten zur Wirksamkeit in dieser Indikation sind begrenzt, eine Zusammenfassung der relevanten Studien ist in <br>Abschnitt 5.1 enthalten.<\/td><\/tr><tr><td><strong>CytoWrap\u00ae<\/strong><\/td><td>Vials k\u00f6nnen mit einer Schutzh\u00fclle versehen werden.<br><img loading=\"lazy\" decoding=\"async\" width=\"1131\" height=\"344\" class=\"wp-image-4424\" style=\"width: 150px\" src=\"https:\/\/www.everpharma.com\/wp-content\/uploads\/2021\/03\/Logo_CytoWrap_EVER.png\" alt=\"CytoWrap Logo\" srcset=\"https:\/\/www.everpharma.com\/wp-content\/uploads\/2021\/03\/Logo_CytoWrap_EVER.png 1131w, https:\/\/www.everpharma.com\/wp-content\/uploads\/2021\/03\/Logo_CytoWrap_EVER-300x91.png 300w, https:\/\/www.everpharma.com\/wp-content\/uploads\/2021\/03\/Logo_CytoWrap_EVER-1024x311.png 1024w, https:\/\/www.everpharma.com\/wp-content\/uploads\/2021\/03\/Logo_CytoWrap_EVER-768x234.png 768w\" sizes=\"auto, (max-width: 1131px) 100vw, 1131px\" \/><\/td><\/tr><\/tbody><\/table><\/figure>\n<\/div>\n<\/div>\n<\/div><\/div>\n\n\n\n<figure class=\"wp-block-gallery has-nested-images columns-default is-cropped wp-block-gallery-2 is-layout-flex wp-block-gallery-is-layout-flex\">\n<figure class=\"wp-block-image size-large\"><img loading=\"lazy\" decoding=\"async\" width=\"1024\" height=\"1024\" data-id=\"3552\" src=\"https:\/\/www.everpharma.com\/wp-content\/uploads\/2022\/06\/C_FB_VPL5_1V_2ml_54x37x54_Paclitaxel_30mg_5ml_v0_1_alpha.002-1024x1024.jpg\" alt=\"\" class=\"wp-image-3552\" srcset=\"https:\/\/www.everpharma.com\/wp-content\/uploads\/2022\/06\/C_FB_VPL5_1V_2ml_54x37x54_Paclitaxel_30mg_5ml_v0_1_alpha.002-1024x1024.jpg 1024w, https:\/\/www.everpharma.com\/wp-content\/uploads\/2022\/06\/C_FB_VPL5_1V_2ml_54x37x54_Paclitaxel_30mg_5ml_v0_1_alpha.002-300x300.jpg 300w, https:\/\/www.everpharma.com\/wp-content\/uploads\/2022\/06\/C_FB_VPL5_1V_2ml_54x37x54_Paclitaxel_30mg_5ml_v0_1_alpha.002-150x150.jpg 150w, https:\/\/www.everpharma.com\/wp-content\/uploads\/2022\/06\/C_FB_VPL5_1V_2ml_54x37x54_Paclitaxel_30mg_5ml_v0_1_alpha.002-768x768.jpg 768w, https:\/\/www.everpharma.com\/wp-content\/uploads\/2022\/06\/C_FB_VPL5_1V_2ml_54x37x54_Paclitaxel_30mg_5ml_v0_1_alpha.002-1536x1536.jpg 1536w, https:\/\/www.everpharma.com\/wp-content\/uploads\/2022\/06\/C_FB_VPL5_1V_2ml_54x37x54_Paclitaxel_30mg_5ml_v0_1_alpha.002.jpg 2000w\" sizes=\"auto, (max-width: 1024px) 100vw, 1024px\" \/><\/figure>\n\n\n\n<figure class=\"wp-block-image size-large\"><img loading=\"lazy\" decoding=\"async\" width=\"1024\" height=\"1024\" data-id=\"3554\" src=\"https:\/\/www.everpharma.com\/wp-content\/uploads\/2022\/06\/C_FB_VPL5_1V_5ml_54x42x62_Paclitaxel_100mg_16_7ml_0_3_alpha.002-1024x1024.jpg\" alt=\"\" class=\"wp-image-3554\" srcset=\"https:\/\/www.everpharma.com\/wp-content\/uploads\/2022\/06\/C_FB_VPL5_1V_5ml_54x42x62_Paclitaxel_100mg_16_7ml_0_3_alpha.002-1024x1024.jpg 1024w, https:\/\/www.everpharma.com\/wp-content\/uploads\/2022\/06\/C_FB_VPL5_1V_5ml_54x42x62_Paclitaxel_100mg_16_7ml_0_3_alpha.002-300x300.jpg 300w, https:\/\/www.everpharma.com\/wp-content\/uploads\/2022\/06\/C_FB_VPL5_1V_5ml_54x42x62_Paclitaxel_100mg_16_7ml_0_3_alpha.002-150x150.jpg 150w, https:\/\/www.everpharma.com\/wp-content\/uploads\/2022\/06\/C_FB_VPL5_1V_5ml_54x42x62_Paclitaxel_100mg_16_7ml_0_3_alpha.002-768x768.jpg 768w, https:\/\/www.everpharma.com\/wp-content\/uploads\/2022\/06\/C_FB_VPL5_1V_5ml_54x42x62_Paclitaxel_100mg_16_7ml_0_3_alpha.002-1536x1536.jpg 1536w, https:\/\/www.everpharma.com\/wp-content\/uploads\/2022\/06\/C_FB_VPL5_1V_5ml_54x42x62_Paclitaxel_100mg_16_7ml_0_3_alpha.002.jpg 2000w\" sizes=\"auto, (max-width: 1024px) 100vw, 1024px\" \/><\/figure>\n\n\n\n<figure class=\"wp-block-image size-large\"><img loading=\"lazy\" decoding=\"async\" width=\"1024\" height=\"1024\" data-id=\"3556\" src=\"https:\/\/www.everpharma.com\/wp-content\/uploads\/2022\/06\/C_FB_VPL5_1V_10ml_66_5x54_5x82_Paclitaxel_300mg_50ml_0_3_alpha.002-1024x1024.jpg\" alt=\"\" class=\"wp-image-3556\" srcset=\"https:\/\/www.everpharma.com\/wp-content\/uploads\/2022\/06\/C_FB_VPL5_1V_10ml_66_5x54_5x82_Paclitaxel_300mg_50ml_0_3_alpha.002-1024x1024.jpg 1024w, https:\/\/www.everpharma.com\/wp-content\/uploads\/2022\/06\/C_FB_VPL5_1V_10ml_66_5x54_5x82_Paclitaxel_300mg_50ml_0_3_alpha.002-300x300.jpg 300w, https:\/\/www.everpharma.com\/wp-content\/uploads\/2022\/06\/C_FB_VPL5_1V_10ml_66_5x54_5x82_Paclitaxel_300mg_50ml_0_3_alpha.002-150x150.jpg 150w, https:\/\/www.everpharma.com\/wp-content\/uploads\/2022\/06\/C_FB_VPL5_1V_10ml_66_5x54_5x82_Paclitaxel_300mg_50ml_0_3_alpha.002-768x768.jpg 768w, https:\/\/www.everpharma.com\/wp-content\/uploads\/2022\/06\/C_FB_VPL5_1V_10ml_66_5x54_5x82_Paclitaxel_300mg_50ml_0_3_alpha.002-1536x1536.jpg 1536w, https:\/\/www.everpharma.com\/wp-content\/uploads\/2022\/06\/C_FB_VPL5_1V_10ml_66_5x54_5x82_Paclitaxel_300mg_50ml_0_3_alpha.002.jpg 2000w\" sizes=\"auto, (max-width: 1024px) 100vw, 1024px\" \/><\/figure>\n<\/figure>\n\n\n\n<div style=\"height:50px\" aria-hidden=\"true\" class=\"wp-block-spacer\"><\/div>\n\n\n\n<p class=\"has-base-font-size\"><em>Paclitaxel EVER Pharma <em><em> ist ein verschreibungspflichtiges Medikament. Informationen nur f\u00fcr medizinisches Fachpersonal.<\/em><\/em><\/em><br><em><em><em>Vollst\u00e4ndige Informationen \u00fcber das Medikament finden Sie in der Fachinformation.<\/em><\/em><\/em><\/p>\n<\/div><\/div>\n\n\n\n<div style=\"height:100px\" aria-hidden=\"true\" class=\"wp-block-spacer\"><\/div>\n","protected":false},"excerpt":{"rendered":"<p>Darreichungsform Konzentrat zur Herstellung einer Infusionsl\u00f6sung Wirkst\u00e4rke 6 mg\/ml St\u00e4rke pro Einheit 30 mg\/5 ml, 100 mg\/16.7 ml, 300 mg\/50 ml ATC Code L01CD01 Wirkstoffklasse Taxane Indikation OvarialkarzinomZur First-line Chemotherapie des Ovarialkarzinoms ist Paclitaxel bei Patientinnen mit fortgeschrittenem Ovarialkarzinom oder einem Resttumor (&gt; 1 cm) nach vorausgegangener Laparotomie in Kombination mit Cisplatin indiziert.Zur Second-line Chemotherapie &hellip; <a href=\"https:\/\/www.everpharma.com\/de\/produkte\/paclitaxel-ever-pharma\/\">Weiterlesen<\/a><\/p>\n","protected":false},"featured_media":0,"template":"","class_list":["post-400","product","type-product","status-publish","hentry"],"yoast_head":"<!-- This site is optimized with the Yoast SEO plugin v27.4 - https:\/\/yoast.com\/product\/yoast-seo-wordpress\/ -->\n<title>Paclitaxel - EVER Pharma<\/title>\n<meta name=\"robots\" content=\"index, follow, max-snippet:-1, max-image-preview:large, max-video-preview:-1\" \/>\n<link rel=\"canonical\" href=\"https:\/\/www.everpharma.com\/de\/produkte\/paclitaxel-ever-pharma\/\" \/>\n<meta property=\"og:locale\" content=\"de_DE\" \/>\n<meta property=\"og:type\" content=\"article\" \/>\n<meta property=\"og:title\" content=\"Paclitaxel - EVER Pharma\" \/>\n<meta property=\"og:description\" content=\"Darreichungsform Konzentrat zur Herstellung einer Infusionsl\u00f6sung Wirkst\u00e4rke 6 mg\/ml St\u00e4rke pro Einheit 30 mg\/5 ml, 100 mg\/16.7 ml, 300 mg\/50 ml ATC Code L01CD01 Wirkstoffklasse Taxane Indikation OvarialkarzinomZur First-line Chemotherapie des Ovarialkarzinoms ist Paclitaxel bei Patientinnen mit fortgeschrittenem Ovarialkarzinom oder einem Resttumor (&gt; 1 cm) nach vorausgegangener Laparotomie in Kombination mit Cisplatin indiziert.Zur Second-line Chemotherapie &hellip; Weiterlesen\" \/>\n<meta property=\"og:url\" content=\"https:\/\/www.everpharma.com\/de\/produkte\/paclitaxel-ever-pharma\/\" \/>\n<meta property=\"og:site_name\" content=\"EVER Pharma\" \/>\n<meta property=\"article:modified_time\" content=\"2025-05-21T10:29:14+00:00\" \/>\n<meta property=\"og:image\" content=\"https:\/\/www.everpharma.com\/wp-content\/uploads\/2021\/03\/Logo_CytoWrap_EVER.png\" \/>\n\t<meta property=\"og:image:width\" content=\"1131\" \/>\n\t<meta property=\"og:image:height\" content=\"344\" \/>\n\t<meta property=\"og:image:type\" content=\"image\/png\" \/>\n<meta name=\"twitter:card\" content=\"summary_large_image\" \/>\n<meta name=\"twitter:label1\" content=\"Gesch\u00e4tzte Lesezeit\" \/>\n\t<meta name=\"twitter:data1\" content=\"2\u00a0Minuten\" \/>\n<script type=\"application\/ld+json\" class=\"yoast-schema-graph\">{\"@context\":\"https:\\\/\\\/schema.org\",\"@graph\":[{\"@type\":\"WebPage\",\"@id\":\"https:\\\/\\\/www.everpharma.com\\\/de\\\/produkte\\\/paclitaxel-ever-pharma\\\/\",\"url\":\"https:\\\/\\\/www.everpharma.com\\\/de\\\/produkte\\\/paclitaxel-ever-pharma\\\/\",\"name\":\"Paclitaxel - EVER Pharma\",\"isPartOf\":{\"@id\":\"https:\\\/\\\/www.everpharma.com\\\/de\\\/#website\"},\"primaryImageOfPage\":{\"@id\":\"https:\\\/\\\/www.everpharma.com\\\/de\\\/produkte\\\/paclitaxel-ever-pharma\\\/#primaryimage\"},\"image\":{\"@id\":\"https:\\\/\\\/www.everpharma.com\\\/de\\\/produkte\\\/paclitaxel-ever-pharma\\\/#primaryimage\"},\"thumbnailUrl\":\"https:\\\/\\\/www.everpharma.com\\\/wp-content\\\/uploads\\\/2021\\\/03\\\/Logo_CytoWrap_EVER.png\",\"datePublished\":\"2021-03-30T14:07:07+00:00\",\"dateModified\":\"2025-05-21T10:29:14+00:00\",\"breadcrumb\":{\"@id\":\"https:\\\/\\\/www.everpharma.com\\\/de\\\/produkte\\\/paclitaxel-ever-pharma\\\/#breadcrumb\"},\"inLanguage\":\"de\",\"potentialAction\":[{\"@type\":\"ReadAction\",\"target\":[\"https:\\\/\\\/www.everpharma.com\\\/de\\\/produkte\\\/paclitaxel-ever-pharma\\\/\"]}]},{\"@type\":\"ImageObject\",\"inLanguage\":\"de\",\"@id\":\"https:\\\/\\\/www.everpharma.com\\\/de\\\/produkte\\\/paclitaxel-ever-pharma\\\/#primaryimage\",\"url\":\"https:\\\/\\\/www.everpharma.com\\\/wp-content\\\/uploads\\\/2021\\\/03\\\/Logo_CytoWrap_EVER.png\",\"contentUrl\":\"https:\\\/\\\/www.everpharma.com\\\/wp-content\\\/uploads\\\/2021\\\/03\\\/Logo_CytoWrap_EVER.png\"},{\"@type\":\"BreadcrumbList\",\"@id\":\"https:\\\/\\\/www.everpharma.com\\\/de\\\/produkte\\\/paclitaxel-ever-pharma\\\/#breadcrumb\",\"itemListElement\":[{\"@type\":\"ListItem\",\"position\":1,\"name\":\"Startseite\",\"item\":\"https:\\\/\\\/www.everpharma.com\\\/de\\\/\"},{\"@type\":\"ListItem\",\"position\":2,\"name\":\"Products\",\"item\":\"https:\\\/\\\/www.everpharma.com\\\/de\\\/produkte\\\/\"},{\"@type\":\"ListItem\",\"position\":3,\"name\":\"Paclitaxel\"}]},{\"@type\":\"WebSite\",\"@id\":\"https:\\\/\\\/www.everpharma.com\\\/de\\\/#website\",\"url\":\"https:\\\/\\\/www.everpharma.com\\\/de\\\/\",\"name\":\"EVER Pharma\",\"description\":\"Dedicated to health.\",\"publisher\":{\"@id\":\"https:\\\/\\\/www.everpharma.com\\\/de\\\/#organization\"},\"potentialAction\":[{\"@type\":\"SearchAction\",\"target\":{\"@type\":\"EntryPoint\",\"urlTemplate\":\"https:\\\/\\\/www.everpharma.com\\\/de\\\/?s={search_term_string}\"},\"query-input\":{\"@type\":\"PropertyValueSpecification\",\"valueRequired\":true,\"valueName\":\"search_term_string\"}}],\"inLanguage\":\"de\"},{\"@type\":[\"Organization\",\"MedicalOrganization\"],\"@id\":\"https:\\\/\\\/www.everpharma.com\\\/de\\\/#organization\",\"name\":\"EVER Pharma\",\"url\":\"https:\\\/\\\/www.everpharma.com\\\/de\\\/\",\"logo\":{\"@type\":\"ImageObject\",\"inLanguage\":\"de\",\"@id\":\"https:\\\/\\\/www.everpharma.com\\\/de\\\/#\\\/schema\\\/logo\\\/image\\\/\",\"url\":\"https:\\\/\\\/www.everpharma.com\\\/wp-content\\\/uploads\\\/2022\\\/07\\\/ever-pharma-logo.png\",\"contentUrl\":\"https:\\\/\\\/www.everpharma.com\\\/wp-content\\\/uploads\\\/2022\\\/07\\\/ever-pharma-logo.png\",\"width\":240,\"height\":67,\"caption\":\"EVER Pharma\"},\"image\":{\"@id\":\"https:\\\/\\\/www.everpharma.com\\\/de\\\/#\\\/schema\\\/logo\\\/image\\\/\"},\"legalName\":\"EVER Neuro Pharma GmbH\",\"foundingDate\":\"1934-01-01\",\"description\":\"EVER Pharma is a fully integrated specialty pharmaceuticals company specializing in the research, development, and production of sterile injectables and specialty generics for neurology, oncology, intensive care, and hormone therapeutics worldwide.\",\"address\":{\"@type\":\"PostalAddress\",\"streetAddress\":\"Oberburgau 3\",\"addressLocality\":\"Unterach am Attersee\",\"addressRegion\":\"Ober\u00f6sterreich\",\"postalCode\":\"4866\",\"addressCountry\":\"AT\"},\"contactPoint\":{\"@type\":\"ContactPoint\",\"contactType\":\"customer service\",\"telephone\":\"+43 7665 20555 0\",\"email\":\"office@everpharma.com\"},\"sameAs\":[\"https:\\\/\\\/www.linkedin.com\\\/company\\\/ever-pharma\\\/\",\"https:\\\/\\\/www.wikidata.org\\\/wiki\\\/Q30268961\"]}]}<\/script>\n<!-- \/ Yoast SEO plugin. -->","yoast_head_json":{"title":"Paclitaxel - EVER Pharma","robots":{"index":"index","follow":"follow","max-snippet":"max-snippet:-1","max-image-preview":"max-image-preview:large","max-video-preview":"max-video-preview:-1"},"canonical":"https:\/\/www.everpharma.com\/de\/produkte\/paclitaxel-ever-pharma\/","og_locale":"de_DE","og_type":"article","og_title":"Paclitaxel - EVER Pharma","og_description":"Darreichungsform Konzentrat zur Herstellung einer Infusionsl\u00f6sung Wirkst\u00e4rke 6 mg\/ml St\u00e4rke pro Einheit 30 mg\/5 ml, 100 mg\/16.7 ml, 300 mg\/50 ml ATC Code L01CD01 Wirkstoffklasse Taxane Indikation OvarialkarzinomZur First-line Chemotherapie des Ovarialkarzinoms ist Paclitaxel bei Patientinnen mit fortgeschrittenem Ovarialkarzinom oder einem Resttumor (&gt; 1 cm) nach vorausgegangener Laparotomie in Kombination mit Cisplatin indiziert.Zur Second-line Chemotherapie &hellip; Weiterlesen","og_url":"https:\/\/www.everpharma.com\/de\/produkte\/paclitaxel-ever-pharma\/","og_site_name":"EVER Pharma","article_modified_time":"2025-05-21T10:29:14+00:00","og_image":[{"width":1131,"height":344,"url":"https:\/\/www.everpharma.com\/wp-content\/uploads\/2021\/03\/Logo_CytoWrap_EVER.png","type":"image\/png"}],"twitter_card":"summary_large_image","twitter_misc":{"Gesch\u00e4tzte Lesezeit":"2\u00a0Minuten"},"schema":{"@context":"https:\/\/schema.org","@graph":[{"@type":"WebPage","@id":"https:\/\/www.everpharma.com\/de\/produkte\/paclitaxel-ever-pharma\/","url":"https:\/\/www.everpharma.com\/de\/produkte\/paclitaxel-ever-pharma\/","name":"Paclitaxel - EVER Pharma","isPartOf":{"@id":"https:\/\/www.everpharma.com\/de\/#website"},"primaryImageOfPage":{"@id":"https:\/\/www.everpharma.com\/de\/produkte\/paclitaxel-ever-pharma\/#primaryimage"},"image":{"@id":"https:\/\/www.everpharma.com\/de\/produkte\/paclitaxel-ever-pharma\/#primaryimage"},"thumbnailUrl":"https:\/\/www.everpharma.com\/wp-content\/uploads\/2021\/03\/Logo_CytoWrap_EVER.png","datePublished":"2021-03-30T14:07:07+00:00","dateModified":"2025-05-21T10:29:14+00:00","breadcrumb":{"@id":"https:\/\/www.everpharma.com\/de\/produkte\/paclitaxel-ever-pharma\/#breadcrumb"},"inLanguage":"de","potentialAction":[{"@type":"ReadAction","target":["https:\/\/www.everpharma.com\/de\/produkte\/paclitaxel-ever-pharma\/"]}]},{"@type":"ImageObject","inLanguage":"de","@id":"https:\/\/www.everpharma.com\/de\/produkte\/paclitaxel-ever-pharma\/#primaryimage","url":"https:\/\/www.everpharma.com\/wp-content\/uploads\/2021\/03\/Logo_CytoWrap_EVER.png","contentUrl":"https:\/\/www.everpharma.com\/wp-content\/uploads\/2021\/03\/Logo_CytoWrap_EVER.png"},{"@type":"BreadcrumbList","@id":"https:\/\/www.everpharma.com\/de\/produkte\/paclitaxel-ever-pharma\/#breadcrumb","itemListElement":[{"@type":"ListItem","position":1,"name":"Startseite","item":"https:\/\/www.everpharma.com\/de\/"},{"@type":"ListItem","position":2,"name":"Products","item":"https:\/\/www.everpharma.com\/de\/produkte\/"},{"@type":"ListItem","position":3,"name":"Paclitaxel"}]},{"@type":"WebSite","@id":"https:\/\/www.everpharma.com\/de\/#website","url":"https:\/\/www.everpharma.com\/de\/","name":"EVER Pharma","description":"Dedicated to health.","publisher":{"@id":"https:\/\/www.everpharma.com\/de\/#organization"},"potentialAction":[{"@type":"SearchAction","target":{"@type":"EntryPoint","urlTemplate":"https:\/\/www.everpharma.com\/de\/?s={search_term_string}"},"query-input":{"@type":"PropertyValueSpecification","valueRequired":true,"valueName":"search_term_string"}}],"inLanguage":"de"},{"@type":["Organization","MedicalOrganization"],"@id":"https:\/\/www.everpharma.com\/de\/#organization","name":"EVER Pharma","url":"https:\/\/www.everpharma.com\/de\/","logo":{"@type":"ImageObject","inLanguage":"de","@id":"https:\/\/www.everpharma.com\/de\/#\/schema\/logo\/image\/","url":"https:\/\/www.everpharma.com\/wp-content\/uploads\/2022\/07\/ever-pharma-logo.png","contentUrl":"https:\/\/www.everpharma.com\/wp-content\/uploads\/2022\/07\/ever-pharma-logo.png","width":240,"height":67,"caption":"EVER Pharma"},"image":{"@id":"https:\/\/www.everpharma.com\/de\/#\/schema\/logo\/image\/"},"legalName":"EVER Neuro Pharma GmbH","foundingDate":"1934-01-01","description":"EVER Pharma is a fully integrated specialty pharmaceuticals company specializing in the research, development, and production of sterile injectables and specialty generics for neurology, oncology, intensive care, and hormone therapeutics worldwide.","address":{"@type":"PostalAddress","streetAddress":"Oberburgau 3","addressLocality":"Unterach am Attersee","addressRegion":"Ober\u00f6sterreich","postalCode":"4866","addressCountry":"AT"},"contactPoint":{"@type":"ContactPoint","contactType":"customer service","telephone":"+43 7665 20555 0","email":"office@everpharma.com"},"sameAs":["https:\/\/www.linkedin.com\/company\/ever-pharma\/","https:\/\/www.wikidata.org\/wiki\/Q30268961"]}]}},"acf":[],"_links":{"self":[{"href":"https:\/\/www.everpharma.com\/de\/wp-json\/wp\/v2\/product\/400","targetHints":{"allow":["GET"]}}],"collection":[{"href":"https:\/\/www.everpharma.com\/de\/wp-json\/wp\/v2\/product"}],"about":[{"href":"https:\/\/www.everpharma.com\/de\/wp-json\/wp\/v2\/types\/product"}],"wp:attachment":[{"href":"https:\/\/www.everpharma.com\/de\/wp-json\/wp\/v2\/media?parent=400"}],"curies":[{"name":"wp","href":"https:\/\/api.w.org\/{rel}","templated":true}]}}