{"id":399,"date":"2021-03-30T14:06:30","date_gmt":"2021-03-30T14:06:30","guid":{"rendered":"https:\/\/www.everpharma.com\/portfolio\/oxytocin-ever-pharma\/"},"modified":"2023-01-18T05:20:12","modified_gmt":"2023-01-18T05:20:12","slug":"oxytocin-ever-pharma","status":"publish","type":"product","link":"https:\/\/www.everpharma.com\/de\/produkte\/oxytocin-ever-pharma\/","title":{"rendered":"Oxytocin"},"content":{"rendered":"\n<div class=\"wp-block-group meta\"><div class=\"wp-block-group__inner-container is-layout-flow wp-block-group-is-layout-flow\">\n<div class=\"wp-block-group meta\"><div class=\"wp-block-group__inner-container is-layout-flow wp-block-group-is-layout-flow\">\n<div class=\"wp-block-columns is-layout-flex wp-container-core-columns-is-layout-9d6595d7 wp-block-columns-is-layout-flex\">\n<div class=\"wp-block-column is-layout-flow wp-block-column-is-layout-flow\">\n<figure class=\"wp-block-table\"><table><tbody><tr><td><strong>Darreichungsform<\/strong><\/td><td>Injektionsl\u00f6sung<\/td><\/tr><tr><td><strong>Wirkst\u00e4rke<\/strong><\/td><td>5 IU, 10 IU <\/td><\/tr><tr><td><strong><strong>St\u00e4rke pro Einheit<\/strong><\/strong><\/td><td>5 IU\/1 ml, 10 IU\/1 ml<\/td><\/tr><tr><td><strong>ATC Code <\/strong><\/td><td>H01BB02<\/td><\/tr><tr><td><strong>Wirkstoffklasse<\/strong><\/td><td>Systemische Hormonpr\u00e4parate au\u00dfer Sexualhormonen und Insulinen<\/td><\/tr><tr><td><strong>Indikation<\/strong><\/td><td>Einleitung der Wehen aus medizinischen Gr\u00fcnden; Stimulierung der Wehen bei hypotoner Uterustr\u00e4gheit; <br>w\u00e4hrend des Kaiserschnitts, nach der Geburt des Kindes; Vorbeugung und Behandlung von postpartaler <br>Uterusatonie und Blutungen.<br>In den fr\u00fchen Stadien der Schwangerschaft als Zusatztherapie zur Behandlung unvollst\u00e4ndiger, <br>unvermeidlicher oder vers\u00e4umter Aborte.<\/td><\/tr><\/tbody><\/table><\/figure>\n<\/div>\n<\/div>\n<\/div><\/div>\n\n\n\n<figure class=\"wp-block-gallery has-nested-images columns-4 is-cropped wp-block-gallery-2 is-layout-flex wp-block-gallery-is-layout-flex\">\n<figure class=\"wp-block-image\"><img loading=\"lazy\" decoding=\"async\" width=\"2000\" height=\"2000\" data-id=\"2613\" src=\"https:\/\/www.everpharma.com\/wp-content\/uploads\/2021\/05\/N13_FS_U_01ml_10A_1Blister_67x16x155_V06_IP_Oxy_5IU.0001.exr_.1-2.jpg\" alt=\"\" class=\"wp-image-2613\" srcset=\"https:\/\/www.everpharma.com\/wp-content\/uploads\/2021\/05\/N13_FS_U_01ml_10A_1Blister_67x16x155_V06_IP_Oxy_5IU.0001.exr_.1-2.jpg 2000w, https:\/\/www.everpharma.com\/wp-content\/uploads\/2021\/05\/N13_FS_U_01ml_10A_1Blister_67x16x155_V06_IP_Oxy_5IU.0001.exr_.1-2-300x300.jpg 300w, https:\/\/www.everpharma.com\/wp-content\/uploads\/2021\/05\/N13_FS_U_01ml_10A_1Blister_67x16x155_V06_IP_Oxy_5IU.0001.exr_.1-2-1024x1024.jpg 1024w, https:\/\/www.everpharma.com\/wp-content\/uploads\/2021\/05\/N13_FS_U_01ml_10A_1Blister_67x16x155_V06_IP_Oxy_5IU.0001.exr_.1-2-150x150.jpg 150w, https:\/\/www.everpharma.com\/wp-content\/uploads\/2021\/05\/N13_FS_U_01ml_10A_1Blister_67x16x155_V06_IP_Oxy_5IU.0001.exr_.1-2-768x768.jpg 768w, https:\/\/www.everpharma.com\/wp-content\/uploads\/2021\/05\/N13_FS_U_01ml_10A_1Blister_67x16x155_V06_IP_Oxy_5IU.0001.exr_.1-2-1536x1536.jpg 1536w\" sizes=\"auto, (max-width: 2000px) 100vw, 2000px\" \/><\/figure>\n\n\n\n<figure class=\"wp-block-image\"><img loading=\"lazy\" decoding=\"async\" width=\"2000\" height=\"2000\" data-id=\"2605\" src=\"https:\/\/www.everpharma.com\/wp-content\/uploads\/2021\/05\/N11_FS_U_01ml_2ml_5A_1Blister_74x17x81_V06_IP_Oxy_5UI.0001.exr_.1.jpg\" alt=\"\" class=\"wp-image-2605\" srcset=\"https:\/\/www.everpharma.com\/wp-content\/uploads\/2021\/05\/N11_FS_U_01ml_2ml_5A_1Blister_74x17x81_V06_IP_Oxy_5UI.0001.exr_.1.jpg 2000w, https:\/\/www.everpharma.com\/wp-content\/uploads\/2021\/05\/N11_FS_U_01ml_2ml_5A_1Blister_74x17x81_V06_IP_Oxy_5UI.0001.exr_.1-300x300.jpg 300w, https:\/\/www.everpharma.com\/wp-content\/uploads\/2021\/05\/N11_FS_U_01ml_2ml_5A_1Blister_74x17x81_V06_IP_Oxy_5UI.0001.exr_.1-1024x1024.jpg 1024w, https:\/\/www.everpharma.com\/wp-content\/uploads\/2021\/05\/N11_FS_U_01ml_2ml_5A_1Blister_74x17x81_V06_IP_Oxy_5UI.0001.exr_.1-150x150.jpg 150w, https:\/\/www.everpharma.com\/wp-content\/uploads\/2021\/05\/N11_FS_U_01ml_2ml_5A_1Blister_74x17x81_V06_IP_Oxy_5UI.0001.exr_.1-768x768.jpg 768w, https:\/\/www.everpharma.com\/wp-content\/uploads\/2021\/05\/N11_FS_U_01ml_2ml_5A_1Blister_74x17x81_V06_IP_Oxy_5UI.0001.exr_.1-1536x1536.jpg 1536w\" sizes=\"auto, (max-width: 2000px) 100vw, 2000px\" \/><\/figure>\n\n\n\n<figure class=\"wp-block-image\"><img loading=\"lazy\" decoding=\"async\" width=\"2000\" height=\"2000\" data-id=\"2611\" src=\"https:\/\/www.everpharma.com\/wp-content\/uploads\/2021\/05\/N12_FS_U_01ml_10A_1Blister_67x16x155_V06_IP_Oxy_10IU.0001.exr_.1-2.jpg\" alt=\"\" class=\"wp-image-2611\" srcset=\"https:\/\/www.everpharma.com\/wp-content\/uploads\/2021\/05\/N12_FS_U_01ml_10A_1Blister_67x16x155_V06_IP_Oxy_10IU.0001.exr_.1-2.jpg 2000w, https:\/\/www.everpharma.com\/wp-content\/uploads\/2021\/05\/N12_FS_U_01ml_10A_1Blister_67x16x155_V06_IP_Oxy_10IU.0001.exr_.1-2-300x300.jpg 300w, https:\/\/www.everpharma.com\/wp-content\/uploads\/2021\/05\/N12_FS_U_01ml_10A_1Blister_67x16x155_V06_IP_Oxy_10IU.0001.exr_.1-2-1024x1024.jpg 1024w, https:\/\/www.everpharma.com\/wp-content\/uploads\/2021\/05\/N12_FS_U_01ml_10A_1Blister_67x16x155_V06_IP_Oxy_10IU.0001.exr_.1-2-150x150.jpg 150w, https:\/\/www.everpharma.com\/wp-content\/uploads\/2021\/05\/N12_FS_U_01ml_10A_1Blister_67x16x155_V06_IP_Oxy_10IU.0001.exr_.1-2-768x768.jpg 768w, https:\/\/www.everpharma.com\/wp-content\/uploads\/2021\/05\/N12_FS_U_01ml_10A_1Blister_67x16x155_V06_IP_Oxy_10IU.0001.exr_.1-2-1536x1536.jpg 1536w\" sizes=\"auto, (max-width: 2000px) 100vw, 2000px\" \/><\/figure>\n\n\n\n<figure class=\"wp-block-image\"><img loading=\"lazy\" decoding=\"async\" width=\"2000\" height=\"2000\" data-id=\"2603\" src=\"https:\/\/www.everpharma.com\/wp-content\/uploads\/2021\/05\/N10_FS_U_01ml_2ml_5A_1Blister_74x17x81_V06_IP_Oxy_10UI.0001.exr_.1.jpg\" alt=\"\" class=\"wp-image-2603\" srcset=\"https:\/\/www.everpharma.com\/wp-content\/uploads\/2021\/05\/N10_FS_U_01ml_2ml_5A_1Blister_74x17x81_V06_IP_Oxy_10UI.0001.exr_.1.jpg 2000w, https:\/\/www.everpharma.com\/wp-content\/uploads\/2021\/05\/N10_FS_U_01ml_2ml_5A_1Blister_74x17x81_V06_IP_Oxy_10UI.0001.exr_.1-300x300.jpg 300w, https:\/\/www.everpharma.com\/wp-content\/uploads\/2021\/05\/N10_FS_U_01ml_2ml_5A_1Blister_74x17x81_V06_IP_Oxy_10UI.0001.exr_.1-1024x1024.jpg 1024w, https:\/\/www.everpharma.com\/wp-content\/uploads\/2021\/05\/N10_FS_U_01ml_2ml_5A_1Blister_74x17x81_V06_IP_Oxy_10UI.0001.exr_.1-150x150.jpg 150w, https:\/\/www.everpharma.com\/wp-content\/uploads\/2021\/05\/N10_FS_U_01ml_2ml_5A_1Blister_74x17x81_V06_IP_Oxy_10UI.0001.exr_.1-768x768.jpg 768w, https:\/\/www.everpharma.com\/wp-content\/uploads\/2021\/05\/N10_FS_U_01ml_2ml_5A_1Blister_74x17x81_V06_IP_Oxy_10UI.0001.exr_.1-1536x1536.jpg 1536w\" sizes=\"auto, (max-width: 2000px) 100vw, 2000px\" \/><\/figure>\n<\/figure>\n\n\n\n<div style=\"height:50px\" aria-hidden=\"true\" class=\"wp-block-spacer\"><\/div>\n\n\n\n<p class=\"has-base-font-size\"><em>Oxytocin EVER Pharma ist ein verschreibungspflichtiges Medikament. Informationen nur f\u00fcr medizinisches Fachpersonal.<\/em><br><em>Vollst\u00e4ndige Informationen \u00fcber das Medikament finden Sie in der Fachinformation.<\/em><\/p>\n\n\n\n<div style=\"height:100px\" aria-hidden=\"true\" class=\"wp-block-spacer\"><\/div>\n<\/div><\/div>\n","protected":false},"excerpt":{"rendered":"<p>Darreichungsform Injektionsl\u00f6sung Wirkst\u00e4rke 5 IU, 10 IU St\u00e4rke pro Einheit 5 IU\/1 ml, 10 IU\/1 ml ATC Code H01BB02 Wirkstoffklasse Systemische Hormonpr\u00e4parate au\u00dfer Sexualhormonen und Insulinen Indikation Einleitung der Wehen aus medizinischen Gr\u00fcnden; Stimulierung der Wehen bei hypotoner Uterustr\u00e4gheit; w\u00e4hrend des Kaiserschnitts, nach der Geburt des Kindes; Vorbeugung und Behandlung von postpartaler Uterusatonie und Blutungen.In &hellip; <a href=\"https:\/\/www.everpharma.com\/de\/produkte\/oxytocin-ever-pharma\/\">Weiterlesen<\/a><\/p>\n","protected":false},"featured_media":0,"template":"","class_list":["post-399","product","type-product","status-publish","hentry"],"yoast_head":"<!-- This site is optimized with the Yoast SEO plugin v27.5 - https:\/\/yoast.com\/product\/yoast-seo-wordpress\/ -->\n<title>Oxytocin - EVER Pharma<\/title>\n<meta name=\"robots\" content=\"index, follow, max-snippet:-1, max-image-preview:large, max-video-preview:-1\" \/>\n<link rel=\"canonical\" href=\"https:\/\/www.everpharma.com\/de\/produkte\/oxytocin-ever-pharma\/\" \/>\n<meta property=\"og:locale\" content=\"de_DE\" \/>\n<meta property=\"og:type\" content=\"article\" \/>\n<meta property=\"og:title\" content=\"Oxytocin - EVER Pharma\" \/>\n<meta property=\"og:description\" content=\"Darreichungsform Injektionsl\u00f6sung Wirkst\u00e4rke 5 IU, 10 IU St\u00e4rke pro Einheit 5 IU\/1 ml, 10 IU\/1 ml ATC Code H01BB02 Wirkstoffklasse Systemische Hormonpr\u00e4parate au\u00dfer Sexualhormonen und Insulinen Indikation Einleitung der Wehen aus medizinischen Gr\u00fcnden; Stimulierung der Wehen bei hypotoner Uterustr\u00e4gheit; w\u00e4hrend des Kaiserschnitts, nach der Geburt des Kindes; Vorbeugung und Behandlung von postpartaler Uterusatonie und Blutungen.In &hellip; Weiterlesen\" \/>\n<meta property=\"og:url\" content=\"https:\/\/www.everpharma.com\/de\/produkte\/oxytocin-ever-pharma\/\" \/>\n<meta property=\"og:site_name\" content=\"EVER Pharma\" \/>\n<meta property=\"article:modified_time\" content=\"2023-01-18T05:20:12+00:00\" \/>\n<meta property=\"og:image\" content=\"https:\/\/www.everpharma.com\/wp-content\/uploads\/2021\/05\/N13_FS_U_01ml_10A_1Blister_67x16x155_V06_IP_Oxy_5IU.0001.exr_.1-2.jpg\" \/>\n<meta name=\"twitter:card\" content=\"summary_large_image\" \/>\n<script type=\"application\/ld+json\" class=\"yoast-schema-graph\">{\"@context\":\"https:\\\/\\\/schema.org\",\"@graph\":[{\"@type\":\"WebPage\",\"@id\":\"https:\\\/\\\/www.everpharma.com\\\/de\\\/produkte\\\/oxytocin-ever-pharma\\\/\",\"url\":\"https:\\\/\\\/www.everpharma.com\\\/de\\\/produkte\\\/oxytocin-ever-pharma\\\/\",\"name\":\"Oxytocin - EVER Pharma\",\"isPartOf\":{\"@id\":\"https:\\\/\\\/www.everpharma.com\\\/de\\\/#website\"},\"primaryImageOfPage\":{\"@id\":\"https:\\\/\\\/www.everpharma.com\\\/de\\\/produkte\\\/oxytocin-ever-pharma\\\/#primaryimage\"},\"image\":{\"@id\":\"https:\\\/\\\/www.everpharma.com\\\/de\\\/produkte\\\/oxytocin-ever-pharma\\\/#primaryimage\"},\"thumbnailUrl\":\"https:\\\/\\\/www.everpharma.com\\\/wp-content\\\/uploads\\\/2021\\\/05\\\/N13_FS_U_01ml_10A_1Blister_67x16x155_V06_IP_Oxy_5IU.0001.exr_.1-2.jpg\",\"datePublished\":\"2021-03-30T14:06:30+00:00\",\"dateModified\":\"2023-01-18T05:20:12+00:00\",\"breadcrumb\":{\"@id\":\"https:\\\/\\\/www.everpharma.com\\\/de\\\/produkte\\\/oxytocin-ever-pharma\\\/#breadcrumb\"},\"inLanguage\":\"de\",\"potentialAction\":[{\"@type\":\"ReadAction\",\"target\":[\"https:\\\/\\\/www.everpharma.com\\\/de\\\/produkte\\\/oxytocin-ever-pharma\\\/\"]}]},{\"@type\":\"ImageObject\",\"inLanguage\":\"de\",\"@id\":\"https:\\\/\\\/www.everpharma.com\\\/de\\\/produkte\\\/oxytocin-ever-pharma\\\/#primaryimage\",\"url\":\"https:\\\/\\\/www.everpharma.com\\\/wp-content\\\/uploads\\\/2021\\\/05\\\/N13_FS_U_01ml_10A_1Blister_67x16x155_V06_IP_Oxy_5IU.0001.exr_.1-2.jpg\",\"contentUrl\":\"https:\\\/\\\/www.everpharma.com\\\/wp-content\\\/uploads\\\/2021\\\/05\\\/N13_FS_U_01ml_10A_1Blister_67x16x155_V06_IP_Oxy_5IU.0001.exr_.1-2.jpg\"},{\"@type\":\"BreadcrumbList\",\"@id\":\"https:\\\/\\\/www.everpharma.com\\\/de\\\/produkte\\\/oxytocin-ever-pharma\\\/#breadcrumb\",\"itemListElement\":[{\"@type\":\"ListItem\",\"position\":1,\"name\":\"Startseite\",\"item\":\"https:\\\/\\\/www.everpharma.com\\\/de\\\/\"},{\"@type\":\"ListItem\",\"position\":2,\"name\":\"Products\",\"item\":\"https:\\\/\\\/www.everpharma.com\\\/de\\\/produkte\\\/\"},{\"@type\":\"ListItem\",\"position\":3,\"name\":\"Oxytocin\"}]},{\"@type\":\"WebSite\",\"@id\":\"https:\\\/\\\/www.everpharma.com\\\/de\\\/#website\",\"url\":\"https:\\\/\\\/www.everpharma.com\\\/de\\\/\",\"name\":\"EVER Pharma\",\"description\":\"Dedicated to health.\",\"publisher\":{\"@id\":\"https:\\\/\\\/www.everpharma.com\\\/de\\\/#organization\"},\"potentialAction\":[{\"@type\":\"SearchAction\",\"target\":{\"@type\":\"EntryPoint\",\"urlTemplate\":\"https:\\\/\\\/www.everpharma.com\\\/de\\\/?s={search_term_string}\"},\"query-input\":{\"@type\":\"PropertyValueSpecification\",\"valueRequired\":true,\"valueName\":\"search_term_string\"}}],\"inLanguage\":\"de\"},{\"@type\":[\"Organization\",\"MedicalOrganization\"],\"@id\":\"https:\\\/\\\/www.everpharma.com\\\/de\\\/#organization\",\"name\":\"EVER Pharma\",\"url\":\"https:\\\/\\\/www.everpharma.com\\\/de\\\/\",\"logo\":{\"@type\":\"ImageObject\",\"inLanguage\":\"de\",\"@id\":\"https:\\\/\\\/www.everpharma.com\\\/de\\\/#\\\/schema\\\/logo\\\/image\\\/\",\"url\":\"https:\\\/\\\/www.everpharma.com\\\/wp-content\\\/uploads\\\/2022\\\/07\\\/ever-pharma-logo.png\",\"contentUrl\":\"https:\\\/\\\/www.everpharma.com\\\/wp-content\\\/uploads\\\/2022\\\/07\\\/ever-pharma-logo.png\",\"width\":240,\"height\":67,\"caption\":\"EVER Pharma\"},\"image\":{\"@id\":\"https:\\\/\\\/www.everpharma.com\\\/de\\\/#\\\/schema\\\/logo\\\/image\\\/\"},\"legalName\":\"EVER Neuro Pharma GmbH\",\"foundingDate\":\"1934-01-01\",\"description\":\"EVER Pharma is a fully integrated specialty pharmaceuticals company specializing in the research, development, and production of sterile injectables and specialty generics for neurology, oncology, intensive care, and hormone therapeutics worldwide.\",\"address\":{\"@type\":\"PostalAddress\",\"streetAddress\":\"Oberburgau 3\",\"addressLocality\":\"Unterach am Attersee\",\"addressRegion\":\"Ober\u00f6sterreich\",\"postalCode\":\"4866\",\"addressCountry\":\"AT\"},\"contactPoint\":{\"@type\":\"ContactPoint\",\"contactType\":\"customer service\",\"telephone\":\"+43 7665 20555 0\",\"email\":\"office@everpharma.com\"},\"sameAs\":[\"https:\\\/\\\/www.linkedin.com\\\/company\\\/ever-pharma\\\/\",\"https:\\\/\\\/www.wikidata.org\\\/wiki\\\/Q30268961\"]}]}<\/script>\n<!-- \/ Yoast SEO plugin. -->","yoast_head_json":{"title":"Oxytocin - EVER Pharma","robots":{"index":"index","follow":"follow","max-snippet":"max-snippet:-1","max-image-preview":"max-image-preview:large","max-video-preview":"max-video-preview:-1"},"canonical":"https:\/\/www.everpharma.com\/de\/produkte\/oxytocin-ever-pharma\/","og_locale":"de_DE","og_type":"article","og_title":"Oxytocin - EVER Pharma","og_description":"Darreichungsform Injektionsl\u00f6sung Wirkst\u00e4rke 5 IU, 10 IU St\u00e4rke pro Einheit 5 IU\/1 ml, 10 IU\/1 ml ATC Code H01BB02 Wirkstoffklasse Systemische Hormonpr\u00e4parate au\u00dfer Sexualhormonen und Insulinen Indikation Einleitung der Wehen aus medizinischen Gr\u00fcnden; Stimulierung der Wehen bei hypotoner Uterustr\u00e4gheit; w\u00e4hrend des Kaiserschnitts, nach der Geburt des Kindes; Vorbeugung und Behandlung von postpartaler Uterusatonie und Blutungen.In &hellip; Weiterlesen","og_url":"https:\/\/www.everpharma.com\/de\/produkte\/oxytocin-ever-pharma\/","og_site_name":"EVER Pharma","article_modified_time":"2023-01-18T05:20:12+00:00","og_image":[{"url":"https:\/\/www.everpharma.com\/wp-content\/uploads\/2021\/05\/N13_FS_U_01ml_10A_1Blister_67x16x155_V06_IP_Oxy_5IU.0001.exr_.1-2.jpg","type":"","width":"","height":""}],"twitter_card":"summary_large_image","schema":{"@context":"https:\/\/schema.org","@graph":[{"@type":"WebPage","@id":"https:\/\/www.everpharma.com\/de\/produkte\/oxytocin-ever-pharma\/","url":"https:\/\/www.everpharma.com\/de\/produkte\/oxytocin-ever-pharma\/","name":"Oxytocin - EVER Pharma","isPartOf":{"@id":"https:\/\/www.everpharma.com\/de\/#website"},"primaryImageOfPage":{"@id":"https:\/\/www.everpharma.com\/de\/produkte\/oxytocin-ever-pharma\/#primaryimage"},"image":{"@id":"https:\/\/www.everpharma.com\/de\/produkte\/oxytocin-ever-pharma\/#primaryimage"},"thumbnailUrl":"https:\/\/www.everpharma.com\/wp-content\/uploads\/2021\/05\/N13_FS_U_01ml_10A_1Blister_67x16x155_V06_IP_Oxy_5IU.0001.exr_.1-2.jpg","datePublished":"2021-03-30T14:06:30+00:00","dateModified":"2023-01-18T05:20:12+00:00","breadcrumb":{"@id":"https:\/\/www.everpharma.com\/de\/produkte\/oxytocin-ever-pharma\/#breadcrumb"},"inLanguage":"de","potentialAction":[{"@type":"ReadAction","target":["https:\/\/www.everpharma.com\/de\/produkte\/oxytocin-ever-pharma\/"]}]},{"@type":"ImageObject","inLanguage":"de","@id":"https:\/\/www.everpharma.com\/de\/produkte\/oxytocin-ever-pharma\/#primaryimage","url":"https:\/\/www.everpharma.com\/wp-content\/uploads\/2021\/05\/N13_FS_U_01ml_10A_1Blister_67x16x155_V06_IP_Oxy_5IU.0001.exr_.1-2.jpg","contentUrl":"https:\/\/www.everpharma.com\/wp-content\/uploads\/2021\/05\/N13_FS_U_01ml_10A_1Blister_67x16x155_V06_IP_Oxy_5IU.0001.exr_.1-2.jpg"},{"@type":"BreadcrumbList","@id":"https:\/\/www.everpharma.com\/de\/produkte\/oxytocin-ever-pharma\/#breadcrumb","itemListElement":[{"@type":"ListItem","position":1,"name":"Startseite","item":"https:\/\/www.everpharma.com\/de\/"},{"@type":"ListItem","position":2,"name":"Products","item":"https:\/\/www.everpharma.com\/de\/produkte\/"},{"@type":"ListItem","position":3,"name":"Oxytocin"}]},{"@type":"WebSite","@id":"https:\/\/www.everpharma.com\/de\/#website","url":"https:\/\/www.everpharma.com\/de\/","name":"EVER Pharma","description":"Dedicated to health.","publisher":{"@id":"https:\/\/www.everpharma.com\/de\/#organization"},"potentialAction":[{"@type":"SearchAction","target":{"@type":"EntryPoint","urlTemplate":"https:\/\/www.everpharma.com\/de\/?s={search_term_string}"},"query-input":{"@type":"PropertyValueSpecification","valueRequired":true,"valueName":"search_term_string"}}],"inLanguage":"de"},{"@type":["Organization","MedicalOrganization"],"@id":"https:\/\/www.everpharma.com\/de\/#organization","name":"EVER Pharma","url":"https:\/\/www.everpharma.com\/de\/","logo":{"@type":"ImageObject","inLanguage":"de","@id":"https:\/\/www.everpharma.com\/de\/#\/schema\/logo\/image\/","url":"https:\/\/www.everpharma.com\/wp-content\/uploads\/2022\/07\/ever-pharma-logo.png","contentUrl":"https:\/\/www.everpharma.com\/wp-content\/uploads\/2022\/07\/ever-pharma-logo.png","width":240,"height":67,"caption":"EVER Pharma"},"image":{"@id":"https:\/\/www.everpharma.com\/de\/#\/schema\/logo\/image\/"},"legalName":"EVER Neuro Pharma GmbH","foundingDate":"1934-01-01","description":"EVER Pharma is a fully integrated specialty pharmaceuticals company specializing in the research, development, and production of sterile injectables and specialty generics for neurology, oncology, intensive care, and hormone therapeutics worldwide.","address":{"@type":"PostalAddress","streetAddress":"Oberburgau 3","addressLocality":"Unterach am Attersee","addressRegion":"Ober\u00f6sterreich","postalCode":"4866","addressCountry":"AT"},"contactPoint":{"@type":"ContactPoint","contactType":"customer service","telephone":"+43 7665 20555 0","email":"office@everpharma.com"},"sameAs":["https:\/\/www.linkedin.com\/company\/ever-pharma\/","https:\/\/www.wikidata.org\/wiki\/Q30268961"]}]}},"acf":[],"_links":{"self":[{"href":"https:\/\/www.everpharma.com\/de\/wp-json\/wp\/v2\/product\/399","targetHints":{"allow":["GET"]}}],"collection":[{"href":"https:\/\/www.everpharma.com\/de\/wp-json\/wp\/v2\/product"}],"about":[{"href":"https:\/\/www.everpharma.com\/de\/wp-json\/wp\/v2\/types\/product"}],"wp:attachment":[{"href":"https:\/\/www.everpharma.com\/de\/wp-json\/wp\/v2\/media?parent=399"}],"curies":[{"name":"wp","href":"https:\/\/api.w.org\/{rel}","templated":true}]}}