{"id":390,"date":"2021-03-30T14:02:18","date_gmt":"2021-03-30T14:02:18","guid":{"rendered":"https:\/\/www.everpharma.com\/portfolio\/atosiban-ever-pharma\/"},"modified":"2023-01-20T02:44:35","modified_gmt":"2023-01-20T02:44:35","slug":"atosiban-ever-pharma","status":"publish","type":"product","link":"https:\/\/www.everpharma.com\/de\/produkte\/atosiban-ever-pharma\/","title":{"rendered":"Atosiban"},"content":{"rendered":"\n<div class=\"wp-block-group meta\"><div class=\"wp-block-group__inner-container is-layout-flow wp-block-group-is-layout-flow\">\n<div class=\"wp-block-group meta\"><div class=\"wp-block-group__inner-container is-layout-flow wp-block-group-is-layout-flow\">\n<div class=\"wp-block-columns is-layout-flex wp-container-core-columns-is-layout-9d6595d7 wp-block-columns-is-layout-flex\">\n<div class=\"wp-block-column is-layout-flow wp-block-column-is-layout-flow\">\n<figure class=\"wp-block-table\"><table><tbody><tr><td><strong>Darreichungsform<\/strong><\/td><td>Injektionsl\u00f6sung<\/td><\/tr><tr><td><strong>Wirkst\u00e4rke<\/strong><\/td><td>6.75 mg, 37.5 mg, 75 mg<\/td><\/tr><tr><td><strong><strong>St\u00e4rke pro Einheit<\/strong><\/strong><\/td><td>6.75 mg\/0.9 ml, 37.5 mg\/5 ml, 75 mg\/10 ml<\/td><\/tr><tr><td><strong>ATC Code <\/strong><\/td><td>G02CX01<\/td><\/tr><tr><td><strong>Wirkstoffklasse<\/strong><\/td><td>Andere Gyn\u00e4kologika<\/td><\/tr><tr><td><strong>Indikation<\/strong><\/td><td>Atosiban Ever Pharma wird angewendet zur Hinausz\u00f6gerung einer drohenden Fr\u00fchgeburt bei<br>erwachsenen Schwangeren, wenn folgende Kriterien erf\u00fcllt sind:<br>&#8211; Regelm\u00e4\u00dfige Uteruskontraktionen mit einer Dauer von mindestens 30 Sekunden und einer<br>   H\u00e4ufigkeit von \u2265 4 pro 30 Minuten.<br>&#8211; \u00d6ffnung des Muttermundes auf eine Weite von 1 bis 3 cm (0 \u2013 3 bei Nullipara) und <br>   Cervixverstreichung \u2265 50 %.<br>&#8211; Schwangerschaft in der 24. bis 33. abgeschlossenen Schwangerschaftswoche.<br>&#8211; Normale Herzfrequenz des Fetus.<\/td><\/tr><\/tbody><\/table><\/figure>\n<\/div>\n<\/div>\n<\/div><\/div>\n\n\n\n<figure class=\"wp-block-gallery has-nested-images columns-default is-cropped wp-block-gallery-1 is-layout-flex wp-block-gallery-is-layout-flex\">\n<figure class=\"wp-block-image size-large\"><img loading=\"lazy\" decoding=\"async\" width=\"2000\" height=\"2000\" data-id=\"2579\" src=\"https:\/\/www.everpharma.com\/wp-content\/uploads\/2021\/05\/Atosiban-EVER_Pack_6_75mg_0_9ml_front_EN.jpg\" alt=\"\" class=\"wp-image-2579\" srcset=\"https:\/\/www.everpharma.com\/wp-content\/uploads\/2021\/05\/Atosiban-EVER_Pack_6_75mg_0_9ml_front_EN.jpg 2000w, https:\/\/www.everpharma.com\/wp-content\/uploads\/2021\/05\/Atosiban-EVER_Pack_6_75mg_0_9ml_front_EN-300x300.jpg 300w, https:\/\/www.everpharma.com\/wp-content\/uploads\/2021\/05\/Atosiban-EVER_Pack_6_75mg_0_9ml_front_EN-1024x1024.jpg 1024w, https:\/\/www.everpharma.com\/wp-content\/uploads\/2021\/05\/Atosiban-EVER_Pack_6_75mg_0_9ml_front_EN-150x150.jpg 150w, https:\/\/www.everpharma.com\/wp-content\/uploads\/2021\/05\/Atosiban-EVER_Pack_6_75mg_0_9ml_front_EN-768x768.jpg 768w, https:\/\/www.everpharma.com\/wp-content\/uploads\/2021\/05\/Atosiban-EVER_Pack_6_75mg_0_9ml_front_EN-1536x1536.jpg 1536w\" sizes=\"auto, (max-width: 2000px) 100vw, 2000px\" \/><\/figure>\n\n\n\n<figure class=\"wp-block-image size-large\"><img loading=\"lazy\" decoding=\"async\" width=\"2000\" height=\"2000\" data-id=\"2581\" src=\"https:\/\/www.everpharma.com\/wp-content\/uploads\/2021\/05\/Atosiban-EVER_Pack_37_5mg_5ml_front_EN.jpg\" alt=\"\" class=\"wp-image-2581\" srcset=\"https:\/\/www.everpharma.com\/wp-content\/uploads\/2021\/05\/Atosiban-EVER_Pack_37_5mg_5ml_front_EN.jpg 2000w, https:\/\/www.everpharma.com\/wp-content\/uploads\/2021\/05\/Atosiban-EVER_Pack_37_5mg_5ml_front_EN-300x300.jpg 300w, https:\/\/www.everpharma.com\/wp-content\/uploads\/2021\/05\/Atosiban-EVER_Pack_37_5mg_5ml_front_EN-1024x1024.jpg 1024w, https:\/\/www.everpharma.com\/wp-content\/uploads\/2021\/05\/Atosiban-EVER_Pack_37_5mg_5ml_front_EN-150x150.jpg 150w, https:\/\/www.everpharma.com\/wp-content\/uploads\/2021\/05\/Atosiban-EVER_Pack_37_5mg_5ml_front_EN-768x768.jpg 768w, https:\/\/www.everpharma.com\/wp-content\/uploads\/2021\/05\/Atosiban-EVER_Pack_37_5mg_5ml_front_EN-1536x1536.jpg 1536w\" sizes=\"auto, (max-width: 2000px) 100vw, 2000px\" \/><\/figure>\n\n\n\n<figure class=\"wp-block-image size-large\"><img loading=\"lazy\" decoding=\"async\" width=\"2000\" height=\"2000\" data-id=\"2583\" src=\"https:\/\/www.everpharma.com\/wp-content\/uploads\/2021\/05\/Atosiban-EVER_Pack_75mg_10ml_front_EN.jpg\" alt=\"\" class=\"wp-image-2583\" srcset=\"https:\/\/www.everpharma.com\/wp-content\/uploads\/2021\/05\/Atosiban-EVER_Pack_75mg_10ml_front_EN.jpg 2000w, https:\/\/www.everpharma.com\/wp-content\/uploads\/2021\/05\/Atosiban-EVER_Pack_75mg_10ml_front_EN-300x300.jpg 300w, https:\/\/www.everpharma.com\/wp-content\/uploads\/2021\/05\/Atosiban-EVER_Pack_75mg_10ml_front_EN-1024x1024.jpg 1024w, https:\/\/www.everpharma.com\/wp-content\/uploads\/2021\/05\/Atosiban-EVER_Pack_75mg_10ml_front_EN-150x150.jpg 150w, https:\/\/www.everpharma.com\/wp-content\/uploads\/2021\/05\/Atosiban-EVER_Pack_75mg_10ml_front_EN-768x768.jpg 768w, https:\/\/www.everpharma.com\/wp-content\/uploads\/2021\/05\/Atosiban-EVER_Pack_75mg_10ml_front_EN-1536x1536.jpg 1536w\" sizes=\"auto, (max-width: 2000px) 100vw, 2000px\" \/><\/figure>\n<\/figure>\n\n\n\n<div style=\"height:50px\" aria-hidden=\"true\" class=\"wp-block-spacer\"><\/div>\n\n\n\n<p class=\"has-base-font-size\"><em>Atosiban EVER Pharma ist ein verschreibungspflichtiges Medikament. Informationen nur f\u00fcr medizinisches Fachpersonal.<\/em><br><em>Vollst\u00e4ndige Informationen \u00fcber das Medikament finden Sie in der Fachinformation.<\/em><\/p>\n\n\n\n<div style=\"height:100px\" aria-hidden=\"true\" class=\"wp-block-spacer\"><\/div>\n<\/div><\/div>\n","protected":false},"excerpt":{"rendered":"<p>Darreichungsform Injektionsl\u00f6sung Wirkst\u00e4rke 6.75 mg, 37.5 mg, 75 mg St\u00e4rke pro Einheit 6.75 mg\/0.9 ml, 37.5 mg\/5 ml, 75 mg\/10 ml ATC Code G02CX01 Wirkstoffklasse Andere Gyn\u00e4kologika Indikation Atosiban Ever Pharma wird angewendet zur Hinausz\u00f6gerung einer drohenden Fr\u00fchgeburt beierwachsenen Schwangeren, wenn folgende Kriterien erf\u00fcllt sind:&#8211; Regelm\u00e4\u00dfige Uteruskontraktionen mit einer Dauer von mindestens 30 Sekunden und &hellip; <a href=\"https:\/\/www.everpharma.com\/de\/produkte\/atosiban-ever-pharma\/\">Weiterlesen<\/a><\/p>\n","protected":false},"featured_media":0,"template":"","class_list":["post-390","product","type-product","status-publish","hentry"],"yoast_head":"<!-- This site is optimized with the Yoast SEO plugin v27.0 - https:\/\/yoast.com\/product\/yoast-seo-wordpress\/ -->\n<title>Atosiban - EVER Pharma<\/title>\n<meta name=\"robots\" content=\"index, follow, max-snippet:-1, max-image-preview:large, max-video-preview:-1\" \/>\n<link rel=\"canonical\" href=\"https:\/\/www.everpharma.com\/de\/produkte\/atosiban-ever-pharma\/\" \/>\n<meta property=\"og:locale\" content=\"de_DE\" \/>\n<meta property=\"og:type\" content=\"article\" \/>\n<meta property=\"og:title\" content=\"Atosiban - EVER Pharma\" \/>\n<meta property=\"og:description\" content=\"Darreichungsform Injektionsl\u00f6sung Wirkst\u00e4rke 6.75 mg, 37.5 mg, 75 mg St\u00e4rke pro Einheit 6.75 mg\/0.9 ml, 37.5 mg\/5 ml, 75 mg\/10 ml ATC Code G02CX01 Wirkstoffklasse Andere Gyn\u00e4kologika Indikation Atosiban Ever Pharma wird angewendet zur Hinausz\u00f6gerung einer drohenden Fr\u00fchgeburt beierwachsenen Schwangeren, wenn folgende Kriterien erf\u00fcllt sind:&#8211; Regelm\u00e4\u00dfige Uteruskontraktionen mit einer Dauer von mindestens 30 Sekunden und &hellip; Weiterlesen\" \/>\n<meta property=\"og:url\" content=\"https:\/\/www.everpharma.com\/de\/produkte\/atosiban-ever-pharma\/\" \/>\n<meta property=\"og:site_name\" content=\"EVER Pharma\" \/>\n<meta property=\"article:modified_time\" content=\"2023-01-20T02:44:35+00:00\" \/>\n<meta property=\"og:image\" content=\"https:\/\/www.everpharma.com\/wp-content\/uploads\/2021\/05\/Atosiban-EVER_Pack_6_75mg_0_9ml_front_EN.jpg\" \/>\n<meta name=\"twitter:card\" content=\"summary_large_image\" \/>\n<meta name=\"twitter:label1\" content=\"Gesch\u00e4tzte Lesezeit\" \/>\n\t<meta name=\"twitter:data1\" content=\"1\u00a0Minute\" \/>\n<script type=\"application\/ld+json\" class=\"yoast-schema-graph\">{\"@context\":\"https:\/\/schema.org\",\"@graph\":[{\"@type\":\"WebPage\",\"@id\":\"https:\/\/www.everpharma.com\/de\/produkte\/atosiban-ever-pharma\/\",\"url\":\"https:\/\/www.everpharma.com\/de\/produkte\/atosiban-ever-pharma\/\",\"name\":\"Atosiban - EVER Pharma\",\"isPartOf\":{\"@id\":\"https:\/\/www.everpharma.com\/de\/#website\"},\"primaryImageOfPage\":{\"@id\":\"https:\/\/www.everpharma.com\/de\/produkte\/atosiban-ever-pharma\/#primaryimage\"},\"image\":{\"@id\":\"https:\/\/www.everpharma.com\/de\/produkte\/atosiban-ever-pharma\/#primaryimage\"},\"thumbnailUrl\":\"https:\/\/www.everpharma.com\/wp-content\/uploads\/2021\/05\/Atosiban-EVER_Pack_6_75mg_0_9ml_front_EN.jpg\",\"datePublished\":\"2021-03-30T14:02:18+00:00\",\"dateModified\":\"2023-01-20T02:44:35+00:00\",\"breadcrumb\":{\"@id\":\"https:\/\/www.everpharma.com\/de\/produkte\/atosiban-ever-pharma\/#breadcrumb\"},\"inLanguage\":\"de\",\"potentialAction\":[{\"@type\":\"ReadAction\",\"target\":[\"https:\/\/www.everpharma.com\/de\/produkte\/atosiban-ever-pharma\/\"]}]},{\"@type\":\"ImageObject\",\"inLanguage\":\"de\",\"@id\":\"https:\/\/www.everpharma.com\/de\/produkte\/atosiban-ever-pharma\/#primaryimage\",\"url\":\"https:\/\/www.everpharma.com\/wp-content\/uploads\/2021\/05\/Atosiban-EVER_Pack_6_75mg_0_9ml_front_EN.jpg\",\"contentUrl\":\"https:\/\/www.everpharma.com\/wp-content\/uploads\/2021\/05\/Atosiban-EVER_Pack_6_75mg_0_9ml_front_EN.jpg\"},{\"@type\":\"BreadcrumbList\",\"@id\":\"https:\/\/www.everpharma.com\/de\/produkte\/atosiban-ever-pharma\/#breadcrumb\",\"itemListElement\":[{\"@type\":\"ListItem\",\"position\":1,\"name\":\"Startseite\",\"item\":\"https:\/\/www.everpharma.com\/de\/\"},{\"@type\":\"ListItem\",\"position\":2,\"name\":\"Products\",\"item\":\"https:\/\/www.everpharma.com\/de\/produkte\/\"},{\"@type\":\"ListItem\",\"position\":3,\"name\":\"Atosiban\"}]},{\"@type\":\"WebSite\",\"@id\":\"https:\/\/www.everpharma.com\/de\/#website\",\"url\":\"https:\/\/www.everpharma.com\/de\/\",\"name\":\"EVER Pharma\",\"description\":\"Dedicated to health.\",\"publisher\":{\"@id\":\"https:\/\/www.everpharma.com\/de\/#organization\"},\"potentialAction\":[{\"@type\":\"SearchAction\",\"target\":{\"@type\":\"EntryPoint\",\"urlTemplate\":\"https:\/\/www.everpharma.com\/de\/?s={search_term_string}\"},\"query-input\":{\"@type\":\"PropertyValueSpecification\",\"valueRequired\":true,\"valueName\":\"search_term_string\"}}],\"inLanguage\":\"de\"},{\"@type\":\"Organization\",\"@id\":\"https:\/\/www.everpharma.com\/de\/#organization\",\"name\":\"EVER Pharma\",\"url\":\"https:\/\/www.everpharma.com\/de\/\",\"logo\":{\"@type\":\"ImageObject\",\"inLanguage\":\"de\",\"@id\":\"https:\/\/www.everpharma.com\/de\/#\/schema\/logo\/image\/\",\"url\":\"https:\/\/www.everpharma.com\/wp-content\/uploads\/2022\/07\/ever-pharma-logo.png\",\"contentUrl\":\"https:\/\/www.everpharma.com\/wp-content\/uploads\/2022\/07\/ever-pharma-logo.png\",\"width\":240,\"height\":67,\"caption\":\"EVER Pharma\"},\"image\":{\"@id\":\"https:\/\/www.everpharma.com\/de\/#\/schema\/logo\/image\/\"}}]}<\/script>\n<!-- \/ Yoast SEO plugin. -->","yoast_head_json":{"title":"Atosiban - EVER Pharma","robots":{"index":"index","follow":"follow","max-snippet":"max-snippet:-1","max-image-preview":"max-image-preview:large","max-video-preview":"max-video-preview:-1"},"canonical":"https:\/\/www.everpharma.com\/de\/produkte\/atosiban-ever-pharma\/","og_locale":"de_DE","og_type":"article","og_title":"Atosiban - EVER Pharma","og_description":"Darreichungsform Injektionsl\u00f6sung Wirkst\u00e4rke 6.75 mg, 37.5 mg, 75 mg St\u00e4rke pro Einheit 6.75 mg\/0.9 ml, 37.5 mg\/5 ml, 75 mg\/10 ml ATC Code G02CX01 Wirkstoffklasse Andere Gyn\u00e4kologika Indikation Atosiban Ever Pharma wird angewendet zur Hinausz\u00f6gerung einer drohenden Fr\u00fchgeburt beierwachsenen Schwangeren, wenn folgende Kriterien erf\u00fcllt sind:&#8211; Regelm\u00e4\u00dfige Uteruskontraktionen mit einer Dauer von mindestens 30 Sekunden und &hellip; Weiterlesen","og_url":"https:\/\/www.everpharma.com\/de\/produkte\/atosiban-ever-pharma\/","og_site_name":"EVER Pharma","article_modified_time":"2023-01-20T02:44:35+00:00","og_image":[{"url":"https:\/\/www.everpharma.com\/wp-content\/uploads\/2021\/05\/Atosiban-EVER_Pack_6_75mg_0_9ml_front_EN.jpg","type":"","width":"","height":""}],"twitter_card":"summary_large_image","twitter_misc":{"Gesch\u00e4tzte Lesezeit":"1\u00a0Minute"},"schema":{"@context":"https:\/\/schema.org","@graph":[{"@type":"WebPage","@id":"https:\/\/www.everpharma.com\/de\/produkte\/atosiban-ever-pharma\/","url":"https:\/\/www.everpharma.com\/de\/produkte\/atosiban-ever-pharma\/","name":"Atosiban - EVER Pharma","isPartOf":{"@id":"https:\/\/www.everpharma.com\/de\/#website"},"primaryImageOfPage":{"@id":"https:\/\/www.everpharma.com\/de\/produkte\/atosiban-ever-pharma\/#primaryimage"},"image":{"@id":"https:\/\/www.everpharma.com\/de\/produkte\/atosiban-ever-pharma\/#primaryimage"},"thumbnailUrl":"https:\/\/www.everpharma.com\/wp-content\/uploads\/2021\/05\/Atosiban-EVER_Pack_6_75mg_0_9ml_front_EN.jpg","datePublished":"2021-03-30T14:02:18+00:00","dateModified":"2023-01-20T02:44:35+00:00","breadcrumb":{"@id":"https:\/\/www.everpharma.com\/de\/produkte\/atosiban-ever-pharma\/#breadcrumb"},"inLanguage":"de","potentialAction":[{"@type":"ReadAction","target":["https:\/\/www.everpharma.com\/de\/produkte\/atosiban-ever-pharma\/"]}]},{"@type":"ImageObject","inLanguage":"de","@id":"https:\/\/www.everpharma.com\/de\/produkte\/atosiban-ever-pharma\/#primaryimage","url":"https:\/\/www.everpharma.com\/wp-content\/uploads\/2021\/05\/Atosiban-EVER_Pack_6_75mg_0_9ml_front_EN.jpg","contentUrl":"https:\/\/www.everpharma.com\/wp-content\/uploads\/2021\/05\/Atosiban-EVER_Pack_6_75mg_0_9ml_front_EN.jpg"},{"@type":"BreadcrumbList","@id":"https:\/\/www.everpharma.com\/de\/produkte\/atosiban-ever-pharma\/#breadcrumb","itemListElement":[{"@type":"ListItem","position":1,"name":"Startseite","item":"https:\/\/www.everpharma.com\/de\/"},{"@type":"ListItem","position":2,"name":"Products","item":"https:\/\/www.everpharma.com\/de\/produkte\/"},{"@type":"ListItem","position":3,"name":"Atosiban"}]},{"@type":"WebSite","@id":"https:\/\/www.everpharma.com\/de\/#website","url":"https:\/\/www.everpharma.com\/de\/","name":"EVER Pharma","description":"Dedicated to health.","publisher":{"@id":"https:\/\/www.everpharma.com\/de\/#organization"},"potentialAction":[{"@type":"SearchAction","target":{"@type":"EntryPoint","urlTemplate":"https:\/\/www.everpharma.com\/de\/?s={search_term_string}"},"query-input":{"@type":"PropertyValueSpecification","valueRequired":true,"valueName":"search_term_string"}}],"inLanguage":"de"},{"@type":"Organization","@id":"https:\/\/www.everpharma.com\/de\/#organization","name":"EVER Pharma","url":"https:\/\/www.everpharma.com\/de\/","logo":{"@type":"ImageObject","inLanguage":"de","@id":"https:\/\/www.everpharma.com\/de\/#\/schema\/logo\/image\/","url":"https:\/\/www.everpharma.com\/wp-content\/uploads\/2022\/07\/ever-pharma-logo.png","contentUrl":"https:\/\/www.everpharma.com\/wp-content\/uploads\/2022\/07\/ever-pharma-logo.png","width":240,"height":67,"caption":"EVER Pharma"},"image":{"@id":"https:\/\/www.everpharma.com\/de\/#\/schema\/logo\/image\/"}}]}},"acf":[],"_links":{"self":[{"href":"https:\/\/www.everpharma.com\/de\/wp-json\/wp\/v2\/product\/390","targetHints":{"allow":["GET"]}}],"collection":[{"href":"https:\/\/www.everpharma.com\/de\/wp-json\/wp\/v2\/product"}],"about":[{"href":"https:\/\/www.everpharma.com\/de\/wp-json\/wp\/v2\/types\/product"}],"wp:attachment":[{"href":"https:\/\/www.everpharma.com\/de\/wp-json\/wp\/v2\/media?parent=390"}],"curies":[{"name":"wp","href":"https:\/\/api.w.org\/{rel}","templated":true}]}}