{"id":4329,"date":"2024-10-02T13:05:30","date_gmt":"2024-10-02T13:05:30","guid":{"rendered":"https:\/\/www.everpharma.com\/?page_id=4329"},"modified":"2025-03-14T10:33:28","modified_gmt":"2025-03-14T10:33:28","slug":"cdmo-service","status":"publish","type":"page","link":"https:\/\/www.everpharma.com\/de\/cdmo-service\/","title":{"rendered":"CDMO Service"},"content":{"rendered":"\n<h1 class=\"wp-block-heading is-style-page-title\">CDMO Service<\/h1>\n\n\n\n<h2 class=\"wp-block-heading is-style-section-title\">Partnerschaft mit EVER Pharma f\u00fcr ma\u00dfgeschneiderte CDMO-L\u00f6sungen<\/h2>\n\n\n\n<p>Mit \u00fcber 60 Jahren Erfahrung ist EVER Pharma auf die Auftragsentwicklung und -herstellung (CDMO) von Injektionspr\u00e4paraten spezialisiert. Unsere hochmodernen Einrichtungen garantieren Qualit\u00e4t und Effizienz und unterst\u00fctzen Ihr Produkt von der Entwicklung bis zur Markteinf\u00fchrung. Lassen Sie uns gemeinsam Ihre Innovationen zum Leben erwecken.<\/p>\n\n\n\n<div style=\"height:100px\" aria-hidden=\"true\" class=\"wp-block-spacer\"><\/div>\n\n\n\n<div class=\"wp-block-group alignfull\"><div class=\"wp-block-group__inner-container is-layout-constrained wp-block-group-is-layout-constrained\">\n<div class=\"wp-block-columns is-layout-flex wp-container-core-columns-is-layout-9d6595d7 wp-block-columns-is-layout-flex\">\n<div class=\"wp-block-column is-layout-flow wp-block-column-is-layout-flow\">\n<div class=\"wp-block-cover is-light has-custom-content-position is-position-bottom-left is-style-aspect-card has-theme-white-color has-text-color has-link-color wp-elements-a21bc128218bced6d6a5906e0cb678df\"><span aria-hidden=\"true\" class=\"wp-block-cover__background has-theme-copy-background-color has-background-dim\"><\/span><img loading=\"lazy\" decoding=\"async\" width=\"2000\" height=\"1500\" class=\"wp-block-cover__image-background wp-image-1243\" alt=\"\" src=\"https:\/\/www.everpharma.com\/wp-content\/uploads\/2021\/04\/Laboranten_RD-1.jpg\" data-object-fit=\"cover\" srcset=\"https:\/\/www.everpharma.com\/wp-content\/uploads\/2021\/04\/Laboranten_RD-1.jpg 2000w, https:\/\/www.everpharma.com\/wp-content\/uploads\/2021\/04\/Laboranten_RD-1-300x225.jpg 300w, https:\/\/www.everpharma.com\/wp-content\/uploads\/2021\/04\/Laboranten_RD-1-1024x768.jpg 1024w, https:\/\/www.everpharma.com\/wp-content\/uploads\/2021\/04\/Laboranten_RD-1-768x576.jpg 768w, https:\/\/www.everpharma.com\/wp-content\/uploads\/2021\/04\/Laboranten_RD-1-1536x1152.jpg 1536w\" sizes=\"auto, (max-width: 2000px) 100vw, 2000px\" \/><div class=\"wp-block-cover__inner-container is-layout-constrained wp-block-cover-is-layout-constrained\">\n<p class=\"has-text-align-left has-large-font-size\"><a href=\"https:\/\/www.everpharma.com\/de\/auftragsentwicklung\/\">Auftragsentwicklung<\/a><\/p>\n<\/div><\/div>\n<\/div>\n\n\n\n<div class=\"wp-block-column is-layout-flow wp-block-column-is-layout-flow\">\n<div class=\"wp-block-cover is-light has-custom-content-position is-position-bottom-left is-style-aspect-card has-theme-white-color has-text-color has-link-color wp-elements-827e5c159c061774b8813bb171c108ec\"><span aria-hidden=\"true\" class=\"wp-block-cover__background has-theme-copy-background-color has-background-dim\"><\/span><img loading=\"lazy\" decoding=\"async\" width=\"640\" height=\"427\" class=\"wp-block-cover__image-background wp-image-4258\" alt=\"\" src=\"https:\/\/www.everpharma.com\/wp-content\/uploads\/2024\/10\/IO_EVER_1120_089.jpeg\" data-object-fit=\"cover\" srcset=\"https:\/\/www.everpharma.com\/wp-content\/uploads\/2024\/10\/IO_EVER_1120_089.jpeg 640w, https:\/\/www.everpharma.com\/wp-content\/uploads\/2024\/10\/IO_EVER_1120_089-300x200.jpeg 300w\" sizes=\"auto, (max-width: 640px) 100vw, 640px\" \/><div class=\"wp-block-cover__inner-container is-layout-constrained wp-block-cover-is-layout-constrained\">\n<p class=\"has-text-align-left has-large-font-size\"><a href=\"https:\/\/www.everpharma.com\/de\/lohnherstellung\/\">Lohnherstellung<\/a><\/p>\n<\/div><\/div>\n<\/div>\n<\/div>\n<\/div><\/div>\n","protected":false},"excerpt":{"rendered":"<p>CDMO Service Partnerschaft mit EVER Pharma f\u00fcr ma\u00dfgeschneiderte CDMO-L\u00f6sungen Mit \u00fcber 60 Jahren Erfahrung ist EVER Pharma auf die Auftragsentwicklung und -herstellung (CDMO) von Injektionspr\u00e4paraten spezialisiert. Unsere hochmodernen Einrichtungen garantieren Qualit\u00e4t und Effizienz und unterst\u00fctzen Ihr Produkt von der Entwicklung bis zur Markteinf\u00fchrung. Lassen Sie uns gemeinsam Ihre Innovationen zum Leben erwecken.<\/p>\n","protected":false},"author":70,"featured_media":0,"parent":0,"menu_order":23,"comment_status":"closed","ping_status":"closed","template":"","meta":{"_acf_changed":false,"footnotes":""},"class_list":["post-4329","page","type-page","status-publish","hentry"],"yoast_head":"<!-- This site is optimized with the Yoast SEO plugin v27.0 - https:\/\/yoast.com\/product\/yoast-seo-wordpress\/ -->\n<title>CDMO Service | EVER Pharma<\/title>\n<meta name=\"description\" content=\"Auftragsentwicklung &amp;-herstellung (CDMO) von Injektionspr\u00e4paraten \u2713 Qualit\u00e4t &amp; Effizienz \u25b6 Jetzt Unterst\u00fctzung von Entwicklung bis Markteinf\u00fchrung anfragen\" \/>\n<meta name=\"robots\" content=\"index, follow, max-snippet:-1, max-image-preview:large, max-video-preview:-1\" \/>\n<link rel=\"canonical\" href=\"https:\/\/www.everpharma.com\/de\/cdmo-service\/\" \/>\n<meta property=\"og:locale\" content=\"de_DE\" \/>\n<meta property=\"og:type\" content=\"article\" \/>\n<meta property=\"og:title\" content=\"CDMO Service | EVER Pharma\" \/>\n<meta property=\"og:description\" content=\"Auftragsentwicklung &amp;-herstellung (CDMO) von Injektionspr\u00e4paraten \u2713 Qualit\u00e4t &amp; Effizienz \u25b6 Jetzt Unterst\u00fctzung von Entwicklung bis Markteinf\u00fchrung anfragen\" \/>\n<meta property=\"og:url\" content=\"https:\/\/www.everpharma.com\/de\/cdmo-service\/\" \/>\n<meta property=\"og:site_name\" content=\"EVER Pharma\" \/>\n<meta property=\"article:modified_time\" content=\"2025-03-14T10:33:28+00:00\" \/>\n<meta property=\"og:image\" content=\"https:\/\/www.everpharma.com\/wp-content\/uploads\/2021\/04\/Laboranten_RD-1.jpg\" \/>\n\t<meta property=\"og:image:width\" content=\"2000\" \/>\n\t<meta property=\"og:image:height\" content=\"1500\" \/>\n\t<meta property=\"og:image:type\" content=\"image\/jpeg\" \/>\n<meta name=\"twitter:card\" content=\"summary_large_image\" \/>\n<script type=\"application\/ld+json\" class=\"yoast-schema-graph\">{\"@context\":\"https:\/\/schema.org\",\"@graph\":[{\"@type\":\"WebPage\",\"@id\":\"https:\/\/www.everpharma.com\/de\/cdmo-service\/\",\"url\":\"https:\/\/www.everpharma.com\/de\/cdmo-service\/\",\"name\":\"CDMO Service | EVER Pharma\",\"isPartOf\":{\"@id\":\"https:\/\/www.everpharma.com\/de\/#website\"},\"primaryImageOfPage\":{\"@id\":\"https:\/\/www.everpharma.com\/de\/cdmo-service\/#primaryimage\"},\"image\":{\"@id\":\"https:\/\/www.everpharma.com\/de\/cdmo-service\/#primaryimage\"},\"thumbnailUrl\":\"https:\/\/www.everpharma.com\/wp-content\/uploads\/2021\/04\/Laboranten_RD-1.jpg\",\"datePublished\":\"2024-10-02T13:05:30+00:00\",\"dateModified\":\"2025-03-14T10:33:28+00:00\",\"description\":\"Auftragsentwicklung &-herstellung (CDMO) von Injektionspr\u00e4paraten \u2713 Qualit\u00e4t & Effizienz \u25b6 Jetzt Unterst\u00fctzung von Entwicklung bis Markteinf\u00fchrung anfragen\",\"breadcrumb\":{\"@id\":\"https:\/\/www.everpharma.com\/de\/cdmo-service\/#breadcrumb\"},\"inLanguage\":\"de\",\"potentialAction\":[{\"@type\":\"ReadAction\",\"target\":[\"https:\/\/www.everpharma.com\/de\/cdmo-service\/\"]}]},{\"@type\":\"ImageObject\",\"inLanguage\":\"de\",\"@id\":\"https:\/\/www.everpharma.com\/de\/cdmo-service\/#primaryimage\",\"url\":\"https:\/\/www.everpharma.com\/wp-content\/uploads\/2021\/04\/Laboranten_RD-1.jpg\",\"contentUrl\":\"https:\/\/www.everpharma.com\/wp-content\/uploads\/2021\/04\/Laboranten_RD-1.jpg\"},{\"@type\":\"BreadcrumbList\",\"@id\":\"https:\/\/www.everpharma.com\/de\/cdmo-service\/#breadcrumb\",\"itemListElement\":[{\"@type\":\"ListItem\",\"position\":1,\"name\":\"Startseite\",\"item\":\"https:\/\/www.everpharma.com\/de\/\"},{\"@type\":\"ListItem\",\"position\":2,\"name\":\"CDMO Service\"}]},{\"@type\":\"WebSite\",\"@id\":\"https:\/\/www.everpharma.com\/de\/#website\",\"url\":\"https:\/\/www.everpharma.com\/de\/\",\"name\":\"EVER Pharma\",\"description\":\"Dedicated to health.\",\"publisher\":{\"@id\":\"https:\/\/www.everpharma.com\/de\/#organization\"},\"potentialAction\":[{\"@type\":\"SearchAction\",\"target\":{\"@type\":\"EntryPoint\",\"urlTemplate\":\"https:\/\/www.everpharma.com\/de\/?s={search_term_string}\"},\"query-input\":{\"@type\":\"PropertyValueSpecification\",\"valueRequired\":true,\"valueName\":\"search_term_string\"}}],\"inLanguage\":\"de\"},{\"@type\":\"Organization\",\"@id\":\"https:\/\/www.everpharma.com\/de\/#organization\",\"name\":\"EVER Pharma\",\"url\":\"https:\/\/www.everpharma.com\/de\/\",\"logo\":{\"@type\":\"ImageObject\",\"inLanguage\":\"de\",\"@id\":\"https:\/\/www.everpharma.com\/de\/#\/schema\/logo\/image\/\",\"url\":\"https:\/\/www.everpharma.com\/wp-content\/uploads\/2022\/07\/ever-pharma-logo.png\",\"contentUrl\":\"https:\/\/www.everpharma.com\/wp-content\/uploads\/2022\/07\/ever-pharma-logo.png\",\"width\":240,\"height\":67,\"caption\":\"EVER Pharma\"},\"image\":{\"@id\":\"https:\/\/www.everpharma.com\/de\/#\/schema\/logo\/image\/\"}}]}<\/script>\n<!-- \/ Yoast SEO plugin. -->","yoast_head_json":{"title":"CDMO Service | EVER Pharma","description":"Auftragsentwicklung &-herstellung (CDMO) von Injektionspr\u00e4paraten \u2713 Qualit\u00e4t & Effizienz \u25b6 Jetzt Unterst\u00fctzung von Entwicklung bis Markteinf\u00fchrung anfragen","robots":{"index":"index","follow":"follow","max-snippet":"max-snippet:-1","max-image-preview":"max-image-preview:large","max-video-preview":"max-video-preview:-1"},"canonical":"https:\/\/www.everpharma.com\/de\/cdmo-service\/","og_locale":"de_DE","og_type":"article","og_title":"CDMO Service | EVER Pharma","og_description":"Auftragsentwicklung &-herstellung (CDMO) von Injektionspr\u00e4paraten \u2713 Qualit\u00e4t & Effizienz \u25b6 Jetzt Unterst\u00fctzung von Entwicklung bis Markteinf\u00fchrung anfragen","og_url":"https:\/\/www.everpharma.com\/de\/cdmo-service\/","og_site_name":"EVER Pharma","article_modified_time":"2025-03-14T10:33:28+00:00","og_image":[{"width":2000,"height":1500,"url":"https:\/\/www.everpharma.com\/wp-content\/uploads\/2021\/04\/Laboranten_RD-1.jpg","type":"image\/jpeg"}],"twitter_card":"summary_large_image","schema":{"@context":"https:\/\/schema.org","@graph":[{"@type":"WebPage","@id":"https:\/\/www.everpharma.com\/de\/cdmo-service\/","url":"https:\/\/www.everpharma.com\/de\/cdmo-service\/","name":"CDMO Service | EVER Pharma","isPartOf":{"@id":"https:\/\/www.everpharma.com\/de\/#website"},"primaryImageOfPage":{"@id":"https:\/\/www.everpharma.com\/de\/cdmo-service\/#primaryimage"},"image":{"@id":"https:\/\/www.everpharma.com\/de\/cdmo-service\/#primaryimage"},"thumbnailUrl":"https:\/\/www.everpharma.com\/wp-content\/uploads\/2021\/04\/Laboranten_RD-1.jpg","datePublished":"2024-10-02T13:05:30+00:00","dateModified":"2025-03-14T10:33:28+00:00","description":"Auftragsentwicklung &-herstellung (CDMO) von Injektionspr\u00e4paraten \u2713 Qualit\u00e4t & Effizienz \u25b6 Jetzt Unterst\u00fctzung von Entwicklung bis Markteinf\u00fchrung anfragen","breadcrumb":{"@id":"https:\/\/www.everpharma.com\/de\/cdmo-service\/#breadcrumb"},"inLanguage":"de","potentialAction":[{"@type":"ReadAction","target":["https:\/\/www.everpharma.com\/de\/cdmo-service\/"]}]},{"@type":"ImageObject","inLanguage":"de","@id":"https:\/\/www.everpharma.com\/de\/cdmo-service\/#primaryimage","url":"https:\/\/www.everpharma.com\/wp-content\/uploads\/2021\/04\/Laboranten_RD-1.jpg","contentUrl":"https:\/\/www.everpharma.com\/wp-content\/uploads\/2021\/04\/Laboranten_RD-1.jpg"},{"@type":"BreadcrumbList","@id":"https:\/\/www.everpharma.com\/de\/cdmo-service\/#breadcrumb","itemListElement":[{"@type":"ListItem","position":1,"name":"Startseite","item":"https:\/\/www.everpharma.com\/de\/"},{"@type":"ListItem","position":2,"name":"CDMO Service"}]},{"@type":"WebSite","@id":"https:\/\/www.everpharma.com\/de\/#website","url":"https:\/\/www.everpharma.com\/de\/","name":"EVER Pharma","description":"Dedicated to health.","publisher":{"@id":"https:\/\/www.everpharma.com\/de\/#organization"},"potentialAction":[{"@type":"SearchAction","target":{"@type":"EntryPoint","urlTemplate":"https:\/\/www.everpharma.com\/de\/?s={search_term_string}"},"query-input":{"@type":"PropertyValueSpecification","valueRequired":true,"valueName":"search_term_string"}}],"inLanguage":"de"},{"@type":"Organization","@id":"https:\/\/www.everpharma.com\/de\/#organization","name":"EVER Pharma","url":"https:\/\/www.everpharma.com\/de\/","logo":{"@type":"ImageObject","inLanguage":"de","@id":"https:\/\/www.everpharma.com\/de\/#\/schema\/logo\/image\/","url":"https:\/\/www.everpharma.com\/wp-content\/uploads\/2022\/07\/ever-pharma-logo.png","contentUrl":"https:\/\/www.everpharma.com\/wp-content\/uploads\/2022\/07\/ever-pharma-logo.png","width":240,"height":67,"caption":"EVER Pharma"},"image":{"@id":"https:\/\/www.everpharma.com\/de\/#\/schema\/logo\/image\/"}}]}},"acf":[],"_links":{"self":[{"href":"https:\/\/www.everpharma.com\/de\/wp-json\/wp\/v2\/pages\/4329","targetHints":{"allow":["GET"]}}],"collection":[{"href":"https:\/\/www.everpharma.com\/de\/wp-json\/wp\/v2\/pages"}],"about":[{"href":"https:\/\/www.everpharma.com\/de\/wp-json\/wp\/v2\/types\/page"}],"author":[{"embeddable":true,"href":"https:\/\/www.everpharma.com\/de\/wp-json\/wp\/v2\/users\/70"}],"replies":[{"embeddable":true,"href":"https:\/\/www.everpharma.com\/de\/wp-json\/wp\/v2\/comments?post=4329"}],"version-history":[{"count":4,"href":"https:\/\/www.everpharma.com\/de\/wp-json\/wp\/v2\/pages\/4329\/revisions"}],"predecessor-version":[{"id":4383,"href":"https:\/\/www.everpharma.com\/de\/wp-json\/wp\/v2\/pages\/4329\/revisions\/4383"}],"wp:attachment":[{"href":"https:\/\/www.everpharma.com\/de\/wp-json\/wp\/v2\/media?parent=4329"}],"curies":[{"name":"wp","href":"https:\/\/api.w.org\/{rel}","templated":true}]}}