{"id":3392,"date":"2021-12-14T10:08:23","date_gmt":"2021-12-14T10:08:23","guid":{"rendered":"https:\/\/www.everpharma.com\/?page_id=3392"},"modified":"2021-12-14T13:08:51","modified_gmt":"2021-12-14T13:08:51","slug":"ever-pharma-jena-einkaufsbedingungen","status":"publish","type":"page","link":"https:\/\/www.everpharma.com\/de\/impressum\/ever-pharma-jena-einkaufsbedingungen\/","title":{"rendered":"EVER Pharma Jena Einkaufsbedingungen"},"content":{"rendered":"\n<h2 class=\"is-style-section-title wp-block-heading\">Einkaufsbedingungen der EVER Pharma Jena GmbH<\/h2>\n\n\n\n<div style=\"height:20px\" aria-hidden=\"true\" class=\"wp-block-spacer\"><\/div>\n\n\n\n<p><strong>1. Geltung<\/strong><br>Alle Lieferungen und Leistungen unserer Lieferanten erfolgen \u2013 falls nicht ausdr\u00fccklich etwas anderes vereinbart ist \u2013 ausschlie\u00dflich aufgrund dieser Einkaufsbedingungen. Gesch\u00e4ftsbedingungen unserer Lieferanten oder Dritter finden keine Anwendung, auch wenn wir ihrer Geltung im Einzelfall nicht gesondert widersprechen.<\/p>\n\n\n\n<p><br><strong>2. Bestellung<\/strong><br>Bestellungen, Abschl\u00fcsse und Lieferabrufe sowie ihre \u00c4nderung bed\u00fcrfen der Schriftform. Bestellungen und Lieferabrufe k\u00f6nnen auch durch Telefax oder elektronische Datenfern\u00fcbertragung erfolgen. Kostenvoranschl\u00e4ge sind verbindlich und nicht zu verg\u00fcten, es sei denn es wurde ausdr\u00fccklich etwas anderes vereinbart. Soweit unsere Bestellungen, die noch der Best\u00e4tigung durch den Lieferanten bed\u00fcrfen, nicht ausdr\u00fccklich eine Bindungsfrist enthalten, halten wir uns hieran zwei Wochen nach Datum der Bestellung gebunden.<\/p>\n\n\n\n<p><br><strong>3. Leistung; Lieferung; Gefahr\u00fcbergang<\/strong><br>3.1 Der Lieferant ist ohne unsere vorherige schriftliche Zustimmung nicht berechtigt, die von ihm geschuldete Leistung durch Dritte erbringen zu lassen.<br>3.2  Die von uns in der Bestellung angegebene Lieferzeit ist bindend. Bei vorhersehbarer Verz\u00f6gerung einer Lieferung oder Leistung bzw. deren nicht vertragsgerechter Qualit\u00e4t sind wir unverz\u00fcglich schriftlich zu informieren.<br>3.3 Jede einzelne Lieferung ist gem\u00e4\u00df den anwendbaren Rechtsvorschriften zu kennzeichnen und muss die vereinbarten Dokumente enthalten, einschlie\u00dflich s\u00e4mtlicher Dokumente, die gem\u00e4\u00df den jeweils anwendbaren Regelungen zur Guten Herstellpraxis (GMP) zu \u00fcbergeben sind. Die vorbehaltlose Annahme einer versp\u00e4teten Lieferung oder Leistung enth\u00e4lt keinen Verzicht auf die uns wegen der versp\u00e4teten Lieferung oder Leistung zustehenden Ersatzanspr\u00fcche.<br>3.4 Bei Lieferungen mit Aufstellung oder Montage und bei Leistungen geht die Gefahr mit (endg\u00fcltiger) Abnahme \u00fcber, bei Lieferungen ohne Aufstellung oder Montage mit dem Eingang der Ware und der erforderlichen Dokumente an dem in der Bestellung angegebenen Lieferort.<br><br><strong>4. Preise; Rechnungsangaben; Zahlungsbedingungen<\/strong><br>4.1 Der in der Bestellung angegebene Preis ist bindend und schlie\u00dft, soweit nicht etwas Anderes vereinbart ist, alle Leistungen und Nebenleistungen des Lieferanten (z.B. Montage und Einbau) sowie alle Nebenkosten wie v. a. die ordnungsgem\u00e4\u00dfe Verpackung sowie den Transport an den in der Bestellung genannten Lieferort ein.<br>4.2 In s\u00e4mtlichen Lieferpapieren und Rechnungen sind neben der Lieferanschrift mindestens unsere Bestellnummer sowie Bezeichnung, Artikel-Nummer und Liefermenge jeder einzelnen Position anzugeben sowie &#8211; falls nach den jeweils anwendbaren Regelungen zur Guten Herstellpraxis relevant &#8211; die Chargennummer. Rechnungen m\u00fcssen au\u00dferdem s\u00e4mtliche nach deutschem Umsatzsteuerrecht erforderlichen Angaben, und, falls anwendbar, die Zolltarifnummer enthalten.<br>4.3 Soweit nicht in der Bestellung abweichend geregelt, ist der vereinbarte Preis innerhalb von 30 Kalendertagen ab vollst\u00e4ndiger Lieferung und Leistung (einschlie\u00dflich einer ggf. vereinbarten Abnahme) sowie Zugang einer ordnungsgem\u00e4\u00dfen Rechnung zur Zahlung f\u00e4llig. Wenn wir Zahlung innerhalb von 14 Kalendertagen leisten, gew\u00e4hrt uns der Lieferant 2% Skonto auf den Nettobetrag der Rechnung.<br><br><strong>5. Eigentumsrechte; Geheimhaltung<\/strong><br>5.1 Die \u00dcbereignung der Ware auf uns erfolgt unbedingt und ohne R\u00fccksicht auf die Zahlung des Preises. Ausgeschlossen sind jedenfalls alle Formen des erweiterten oder verl\u00e4ngerten Eigentumsvorbehalts, so dass ein vom Lieferanten ggf. wirksam erkl\u00e4rter Eigentumsvorbehalt nur bis zur Bezahlung der an uns gelieferten Ware und f\u00fcr diese gilt.<br>5.2 Die Verwendung von Materialbeistellungen ist nur f\u00fcr unsere Auftr\u00e4ge zul\u00e4ssig. Bei Wertminderung oder Verlust ist vom Lieferanten Ersatz zu leisten, es sei denn die Wertminderung oder der Verlust sind nicht vom Lieferanten zu vertreten. Eine Verarbeitung, Vermischung oder Verbindung von beigestellten Materialien durch den Lieferanten wird ausschlie\u00dflich f\u00fcr uns vorgenommen<br>5.3 An s\u00e4mtlichen Bestellungen und s\u00e4mtlichen dem Lieferanten zur Verf\u00fcgung gestellten Unterlagen behalten wir uns das Eigentum oder Urheberrecht vor.<br>5.4 Der Lieferant ist verpflichtet, die Bedingungen der Bestellung sowie s\u00e4mtliche f\u00fcr diesen Zweck zur Verf\u00fcgung gestellten Unterlagen, Muster und sonstigen Informationen (nachfolgend gemeinsam als \u201eInformationen\u2015 bezeichnet) auch nach Vertragsende geheim zu halten und nur zur Ausf\u00fchrung der Bestellung zu verwenden. Hiervon ausgenommen sind Informationen, die \u00f6ffentlich zug\u00e4nglich sind oder von denen der Lieferant bereits vor Offenlegung rechtm\u00e4\u00dfig Kenntnis hatte, ohne zur Geheimhaltung verpflichtet zu sein. Der Lieferant wird Informationen nach Erledigung von Anfragen oder nach Abwicklung von Bestellungen auf Verlangen umgehend an uns zur\u00fcckgeben und s\u00e4mtliche Vervielf\u00e4ltigungen vernichten.<\/p>\n\n\n\n<p><br><strong>6. Weitere Pflichten des Lieferanten<\/strong><br>6.1 Der Lieferant ist verpflichtet, bei der Herstellung alle einschl\u00e4gigen Rechtsvorschriften und Regelwerke bez\u00fcglich Unfallverh\u00fctung, Arbeitnehmer- und Umweltschutz einzuhalten.<br>6.2 Der Lieferant hat bei Montage- oder sonstigen Arbeiten in unseren Werken unsere jeweiligen Sicherheitsbestimmungen einzuhalten.<br><strong><br>7. Mangelhafte Lieferung; Beschaffenheit; Untersuchungspflicht<\/strong><br>7.1 F\u00fcr unsere Rechte bei Sach- und Rechtsm\u00e4ngeln der Ware und bei sonstigen Pflichtverletzungen durch den Lieferanten gelten die gesetzlichen Vorschriften, soweit nachfolgend nichts Anderes bestimmt ist.<br>7.2 Der Lieferant gew\u00e4hrleistet, dass alle gelieferten Waren frei von M\u00e4ngeln sind und insbesondere alle vereinbarten Spezifikationen und Anforderungen erf\u00fcllen. Der Lieferant garantiert, dass die Einfuhr, Lagerung, der Verkauf und bestimmungsgem\u00e4\u00dfe Gebrauch der Waren keine Patent- oder sonstigen Schutzrechte Dritter verletzt. Soweit die von uns bestellten Produkte Arzneimittel-,Gesundheitspflege-, Kosmetik-, Nahrungs- oder Nahrungserg\u00e4nzungsmittel sind oder der Herstellung solcher Produkte dienen, gew\u00e4hrleistet der Lieferant die Erf\u00fcllung der einschl\u00e4gigen gesetzlichen Bestimmungen und anerkannten Regeln (insbesondere die Regelungen zur Guten Herstellungspraxis, falls anwendbar) in der jeweils geltenden Fassung.<br>7.3 F\u00fcr die kaufm\u00e4nnischen Untersuchungs- und R\u00fcgepflichten gelten die gesetzlichen Vorschriften mit folgender Ma\u00dfgabe: Unsere Untersuchungspflicht beschr\u00e4nkt sich auf M\u00e4ngel, die bei unserer Wareneingangskontrolle unter \u00e4u\u00dferlicher Begutachtung einschlie\u00dflich der Lieferpapiere sowie bei unserer Qualit\u00e4tskontrolle im Stichprobenverfahren offen zu Tage treten. Soweit eine Abnahme vereinbart ist, besteht keine Untersuchungspflicht.<br><br><strong>8. Gerichtsstand; Anwendbares Recht<\/strong><br>Ist der Lieferant Kaufmann im Sinne des Handelsgesetzbuchs, ist ausschlie\u00dflicher \u2013 auch internationaler \u2013 Gerichtsstand nach unserer Wahl Jena, Deutschland. F\u00fcr diese Einkaufsbedingungen und alle Rechtsbeziehungen zwischen uns und dem Lieferanten gilt das Recht der Bundesrepublik Deutschland unter Ausschluss des Kollisionsrechts und des UN-Kaufrechts.<\/p>\n\n\n\n<h2 class=\"is-style-section-title wp-block-heading\">Einkaufsbedingungen der EVER Pharma Jena GmbH<\/h2>\n\n\n\n<div style=\"height:20px\" aria-hidden=\"true\" class=\"wp-block-spacer\"><\/div>\n\n\n\n<p><strong>1. Geltung<\/strong><br>Alle Lieferungen und Leistungen unserer Lieferanten erfolgen \u2013 falls nicht ausdr\u00fccklich etwas anderes vereinbart ist \u2013 ausschlie\u00dflich aufgrund dieser Einkaufsbedingungen. Gesch\u00e4ftsbedingungen unserer Lieferanten oder Dritter finden keine Anwendung, auch wenn wir ihrer Geltung im Einzelfall nicht gesondert widersprechen.<\/p>\n\n\n\n<p><br><strong>2. Bestellung<\/strong><br>Bestellungen, Abschl\u00fcsse und Lieferabrufe sowie ihre \u00c4nderung bed\u00fcrfen der Schriftform. Bestellungen und Lieferabrufe k\u00f6nnen auch durch Telefax oder elektronische Datenfern\u00fcbertragung erfolgen. Kostenvoranschl\u00e4ge sind verbindlich und nicht zu verg\u00fcten, es sei denn es wurde ausdr\u00fccklich etwas anderes vereinbart. Soweit unsere Bestellungen, die noch der Best\u00e4tigung durch den Lieferanten bed\u00fcrfen, nicht ausdr\u00fccklich eine Bindungsfrist enthalten, halten wir uns hieran zwei Wochen nach Datum der Bestellung gebunden.<\/p>\n\n\n\n<p><br><strong>3. Leistung; Lieferung; Gefahr\u00fcbergang<\/strong><br>3.1 Der Lieferant ist ohne unsere vorherige schriftliche Zustimmung nicht berechtigt, die von ihm geschuldete Leistung durch Dritte erbringen zu lassen.<br>3.2  Die von uns in der Bestellung angegebene Lieferzeit ist bindend. Bei vorhersehbarer Verz\u00f6gerung einer Lieferung oder Leistung bzw. deren nicht vertragsgerechter Qualit\u00e4t sind wir unverz\u00fcglich schriftlich zu informieren.<br>3.3 Jede einzelne Lieferung ist gem\u00e4\u00df den anwendbaren Rechtsvorschriften zu kennzeichnen und muss die vereinbarten Dokumente enthalten, einschlie\u00dflich s\u00e4mtlicher Dokumente, die gem\u00e4\u00df den jeweils anwendbaren Regelungen zur Guten Herstellpraxis (GMP) zu \u00fcbergeben sind. Die vorbehaltlose Annahme einer versp\u00e4teten Lieferung oder Leistung enth\u00e4lt keinen Verzicht auf die uns wegen der versp\u00e4teten Lieferung oder Leistung zustehenden Ersatzanspr\u00fcche.<br>3.4 Bei Lieferungen mit Aufstellung oder Montage und bei Leistungen geht die Gefahr mit (endg\u00fcltiger) Abnahme \u00fcber, bei Lieferungen ohne Aufstellung oder Montage mit dem Eingang der Ware und der erforderlichen Dokumente an dem in der Bestellung angegebenen Lieferort.<br><br><strong>4. Preise; Rechnungsangaben; Zahlungsbedingungen<\/strong><br>4.1 Der in der Bestellung angegebene Preis ist bindend und schlie\u00dft, soweit nicht etwas Anderes vereinbart ist, alle Leistungen und Nebenleistungen des Lieferanten (z.B. Montage und Einbau) sowie alle Nebenkosten wie v. a. die ordnungsgem\u00e4\u00dfe Verpackung sowie den Transport an den in der Bestellung genannten Lieferort ein.<br>4.2 In s\u00e4mtlichen Lieferpapieren und Rechnungen sind neben der Lieferanschrift mindestens unsere Bestellnummer sowie Bezeichnung, Artikel-Nummer und Liefermenge jeder einzelnen Position anzugeben sowie &#8211; falls nach den jeweils anwendbaren Regelungen zur Guten Herstellpraxis relevant &#8211; die Chargennummer. Rechnungen m\u00fcssen au\u00dferdem s\u00e4mtliche nach deutschem Umsatzsteuerrecht erforderlichen Angaben, und, falls anwendbar, die Zolltarifnummer enthalten.<br>4.3 Soweit nicht in der Bestellung abweichend geregelt, ist der vereinbarte Preis innerhalb von 30 Kalendertagen ab vollst\u00e4ndiger Lieferung und Leistung (einschlie\u00dflich einer ggf. vereinbarten Abnahme) sowie Zugang einer ordnungsgem\u00e4\u00dfen Rechnung zur Zahlung f\u00e4llig. Wenn wir Zahlung innerhalb von 14 Kalendertagen leisten, gew\u00e4hrt uns der Lieferant 2% Skonto auf den Nettobetrag der Rechnung.<br><br><strong>5. Eigentumsrechte; Geheimhaltung<\/strong><br>5.1 Die \u00dcbereignung der Ware auf uns erfolgt unbedingt und ohne R\u00fccksicht auf die Zahlung des Preises. Ausgeschlossen sind jedenfalls alle Formen des erweiterten oder verl\u00e4ngerten Eigentumsvorbehalts, so dass ein vom Lieferanten ggf. wirksam erkl\u00e4rter Eigentumsvorbehalt nur bis zur Bezahlung der an uns gelieferten Ware und f\u00fcr diese gilt.<br>5.2 Die Verwendung von Materialbeistellungen ist nur f\u00fcr unsere Auftr\u00e4ge zul\u00e4ssig. Bei Wertminderung oder Verlust ist vom Lieferanten Ersatz zu leisten, es sei denn die Wertminderung oder der Verlust sind nicht vom Lieferanten zu vertreten. Eine Verarbeitung, Vermischung oder Verbindung von beigestellten Materialien durch den Lieferanten wird ausschlie\u00dflich f\u00fcr uns vorgenommen<br>5.3 An s\u00e4mtlichen Bestellungen und s\u00e4mtlichen dem Lieferanten zur Verf\u00fcgung gestellten Unterlagen behalten wir uns das Eigentum oder Urheberrecht vor.<br>5.4 Der Lieferant ist verpflichtet, die Bedingungen der Bestellung sowie s\u00e4mtliche f\u00fcr diesen Zweck zur Verf\u00fcgung gestellten Unterlagen, Muster und sonstigen Informationen (nachfolgend gemeinsam als \u201eInformationen\u2015 bezeichnet) auch nach Vertragsende geheim zu halten und nur zur Ausf\u00fchrung der Bestellung zu verwenden. Hiervon ausgenommen sind Informationen, die \u00f6ffentlich zug\u00e4nglich sind oder von denen der Lieferant bereits vor Offenlegung rechtm\u00e4\u00dfig Kenntnis hatte, ohne zur Geheimhaltung verpflichtet zu sein. Der Lieferant wird Informationen nach Erledigung von Anfragen oder nach Abwicklung von Bestellungen auf Verlangen umgehend an uns zur\u00fcckgeben und s\u00e4mtliche Vervielf\u00e4ltigungen vernichten.<\/p>\n\n\n\n<p><br><strong>6. Weitere Pflichten des Lieferanten<\/strong><br>6.1 Der Lieferant ist verpflichtet, bei der Herstellung alle einschl\u00e4gigen Rechtsvorschriften und Regelwerke bez\u00fcglich Unfallverh\u00fctung, Arbeitnehmer- und Umweltschutz einzuhalten.<br>6.2 Der Lieferant hat bei Montage- oder sonstigen Arbeiten in unseren Werken unsere jeweiligen Sicherheitsbestimmungen einzuhalten.<br><strong><br>7. Mangelhafte Lieferung; Beschaffenheit; Untersuchungspflicht<\/strong><br>7.1 F\u00fcr unsere Rechte bei Sach- und Rechtsm\u00e4ngeln der Ware und bei sonstigen Pflichtverletzungen durch den Lieferanten gelten die gesetzlichen Vorschriften, soweit nachfolgend nichts Anderes bestimmt ist.<br>7.2 Der Lieferant gew\u00e4hrleistet, dass alle gelieferten Waren frei von M\u00e4ngeln sind und insbesondere alle vereinbarten Spezifikationen und Anforderungen erf\u00fcllen. Der Lieferant garantiert, dass die Einfuhr, Lagerung, der Verkauf und bestimmungsgem\u00e4\u00dfe Gebrauch der Waren keine Patent- oder sonstigen Schutzrechte Dritter verletzt. Soweit die von uns bestellten Produkte Arzneimittel-,Gesundheitspflege-, Kosmetik-, Nahrungs- oder Nahrungserg\u00e4nzungsmittel sind oder der Herstellung solcher Produkte dienen, gew\u00e4hrleistet der Lieferant die Erf\u00fcllung der einschl\u00e4gigen gesetzlichen Bestimmungen und anerkannten Regeln (insbesondere die Regelungen zur Guten Herstellungspraxis, falls anwendbar) in der jeweils geltenden Fassung.<br>7.3 F\u00fcr die kaufm\u00e4nnischen Untersuchungs- und R\u00fcgepflichten gelten die gesetzlichen Vorschriften mit folgender Ma\u00dfgabe: Unsere Untersuchungspflicht beschr\u00e4nkt sich auf M\u00e4ngel, die bei unserer Wareneingangskontrolle unter \u00e4u\u00dferlicher Begutachtung einschlie\u00dflich der Lieferpapiere sowie bei unserer Qualit\u00e4tskontrolle im Stichprobenverfahren offen zu Tage treten. Soweit eine Abnahme vereinbart ist, besteht keine Untersuchungspflicht.<br><br><strong>8. Gerichtsstand; Anwendbares Recht<\/strong><br>Ist der Lieferant Kaufmann im Sinne des Handelsgesetzbuchs, ist ausschlie\u00dflicher \u2013 auch internationaler \u2013 Gerichtsstand nach unserer Wahl Jena, Deutschland. F\u00fcr diese Einkaufsbedingungen und alle Rechtsbeziehungen zwischen uns und dem Lieferanten gilt das Recht der Bundesrepublik Deutschland unter Ausschluss des Kollisionsrechts und des UN-Kaufrechts.<\/p>\n\n\n\n<div style=\"height:100px\" aria-hidden=\"true\" class=\"wp-block-spacer\"><\/div>\n","protected":false},"excerpt":{"rendered":"<p>Einkaufsbedingungen der EVER Pharma Jena GmbH 1. GeltungAlle Lieferungen und Leistungen unserer Lieferanten erfolgen \u2013 falls nicht ausdr\u00fccklich etwas anderes vereinbart ist \u2013 ausschlie\u00dflich aufgrund dieser Einkaufsbedingungen. Gesch\u00e4ftsbedingungen unserer Lieferanten oder Dritter finden keine Anwendung, auch wenn wir ihrer Geltung im Einzelfall nicht gesondert widersprechen. 2. BestellungBestellungen, Abschl\u00fcsse und Lieferabrufe sowie ihre \u00c4nderung bed\u00fcrfen der &hellip; <a href=\"https:\/\/www.everpharma.com\/de\/impressum\/ever-pharma-jena-einkaufsbedingungen\/\">Weiterlesen<\/a><\/p>\n","protected":false},"author":2,"featured_media":0,"parent":1671,"menu_order":7,"comment_status":"closed","ping_status":"closed","template":"","meta":{"_acf_changed":false,"footnotes":""},"class_list":["post-3392","page","type-page","status-publish","hentry"],"yoast_head":"<!-- This site is optimized with the Yoast SEO plugin v27.0 - https:\/\/yoast.com\/product\/yoast-seo-wordpress\/ -->\n<title>EVER Pharma Jena Einkaufsbedingungen - EVER Pharma<\/title>\n<meta name=\"robots\" content=\"index, follow, max-snippet:-1, max-image-preview:large, max-video-preview:-1\" \/>\n<link rel=\"canonical\" href=\"https:\/\/www.everpharma.com\/de\/impressum\/ever-pharma-jena-einkaufsbedingungen\/\" \/>\n<meta property=\"og:locale\" content=\"de_DE\" \/>\n<meta property=\"og:type\" content=\"article\" \/>\n<meta property=\"og:title\" content=\"EVER Pharma Jena Einkaufsbedingungen - EVER Pharma\" \/>\n<meta property=\"og:description\" content=\"Einkaufsbedingungen der EVER Pharma Jena GmbH 1. GeltungAlle Lieferungen und Leistungen unserer Lieferanten erfolgen \u2013 falls nicht ausdr\u00fccklich etwas anderes vereinbart ist \u2013 ausschlie\u00dflich aufgrund dieser Einkaufsbedingungen. Gesch\u00e4ftsbedingungen unserer Lieferanten oder Dritter finden keine Anwendung, auch wenn wir ihrer Geltung im Einzelfall nicht gesondert widersprechen. 2. BestellungBestellungen, Abschl\u00fcsse und Lieferabrufe sowie ihre \u00c4nderung bed\u00fcrfen der &hellip; Weiterlesen\" \/>\n<meta property=\"og:url\" content=\"https:\/\/www.everpharma.com\/de\/impressum\/ever-pharma-jena-einkaufsbedingungen\/\" \/>\n<meta property=\"og:site_name\" content=\"EVER Pharma\" \/>\n<meta property=\"article:modified_time\" content=\"2021-12-14T13:08:51+00:00\" \/>\n<meta name=\"twitter:card\" content=\"summary_large_image\" \/>\n<meta name=\"twitter:label1\" content=\"Gesch\u00e4tzte Lesezeit\" \/>\n\t<meta name=\"twitter:data1\" content=\"9\u00a0Minuten\" \/>\n<script type=\"application\/ld+json\" class=\"yoast-schema-graph\">{\"@context\":\"https:\/\/schema.org\",\"@graph\":[{\"@type\":\"WebPage\",\"@id\":\"https:\/\/www.everpharma.com\/de\/impressum\/ever-pharma-jena-einkaufsbedingungen\/\",\"url\":\"https:\/\/www.everpharma.com\/de\/impressum\/ever-pharma-jena-einkaufsbedingungen\/\",\"name\":\"EVER Pharma Jena Einkaufsbedingungen - EVER Pharma\",\"isPartOf\":{\"@id\":\"https:\/\/www.everpharma.com\/de\/#website\"},\"datePublished\":\"2021-12-14T10:08:23+00:00\",\"dateModified\":\"2021-12-14T13:08:51+00:00\",\"breadcrumb\":{\"@id\":\"https:\/\/www.everpharma.com\/de\/impressum\/ever-pharma-jena-einkaufsbedingungen\/#breadcrumb\"},\"inLanguage\":\"de\",\"potentialAction\":[{\"@type\":\"ReadAction\",\"target\":[\"https:\/\/www.everpharma.com\/de\/impressum\/ever-pharma-jena-einkaufsbedingungen\/\"]}]},{\"@type\":\"BreadcrumbList\",\"@id\":\"https:\/\/www.everpharma.com\/de\/impressum\/ever-pharma-jena-einkaufsbedingungen\/#breadcrumb\",\"itemListElement\":[{\"@type\":\"ListItem\",\"position\":1,\"name\":\"Startseite\",\"item\":\"https:\/\/www.everpharma.com\/de\/\"},{\"@type\":\"ListItem\",\"position\":2,\"name\":\"Impressum\",\"item\":\"https:\/\/www.everpharma.com\/de\/impressum\/\"},{\"@type\":\"ListItem\",\"position\":3,\"name\":\"EVER Pharma Jena Einkaufsbedingungen\"}]},{\"@type\":\"WebSite\",\"@id\":\"https:\/\/www.everpharma.com\/de\/#website\",\"url\":\"https:\/\/www.everpharma.com\/de\/\",\"name\":\"EVER Pharma\",\"description\":\"Dedicated to health.\",\"publisher\":{\"@id\":\"https:\/\/www.everpharma.com\/de\/#organization\"},\"potentialAction\":[{\"@type\":\"SearchAction\",\"target\":{\"@type\":\"EntryPoint\",\"urlTemplate\":\"https:\/\/www.everpharma.com\/de\/?s={search_term_string}\"},\"query-input\":{\"@type\":\"PropertyValueSpecification\",\"valueRequired\":true,\"valueName\":\"search_term_string\"}}],\"inLanguage\":\"de\"},{\"@type\":\"Organization\",\"@id\":\"https:\/\/www.everpharma.com\/de\/#organization\",\"name\":\"EVER Pharma\",\"url\":\"https:\/\/www.everpharma.com\/de\/\",\"logo\":{\"@type\":\"ImageObject\",\"inLanguage\":\"de\",\"@id\":\"https:\/\/www.everpharma.com\/de\/#\/schema\/logo\/image\/\",\"url\":\"https:\/\/www.everpharma.com\/wp-content\/uploads\/2022\/07\/ever-pharma-logo.png\",\"contentUrl\":\"https:\/\/www.everpharma.com\/wp-content\/uploads\/2022\/07\/ever-pharma-logo.png\",\"width\":240,\"height\":67,\"caption\":\"EVER Pharma\"},\"image\":{\"@id\":\"https:\/\/www.everpharma.com\/de\/#\/schema\/logo\/image\/\"}}]}<\/script>\n<!-- \/ Yoast SEO plugin. -->","yoast_head_json":{"title":"EVER Pharma Jena Einkaufsbedingungen - EVER Pharma","robots":{"index":"index","follow":"follow","max-snippet":"max-snippet:-1","max-image-preview":"max-image-preview:large","max-video-preview":"max-video-preview:-1"},"canonical":"https:\/\/www.everpharma.com\/de\/impressum\/ever-pharma-jena-einkaufsbedingungen\/","og_locale":"de_DE","og_type":"article","og_title":"EVER Pharma Jena Einkaufsbedingungen - EVER Pharma","og_description":"Einkaufsbedingungen der EVER Pharma Jena GmbH 1. GeltungAlle Lieferungen und Leistungen unserer Lieferanten erfolgen \u2013 falls nicht ausdr\u00fccklich etwas anderes vereinbart ist \u2013 ausschlie\u00dflich aufgrund dieser Einkaufsbedingungen. Gesch\u00e4ftsbedingungen unserer Lieferanten oder Dritter finden keine Anwendung, auch wenn wir ihrer Geltung im Einzelfall nicht gesondert widersprechen. 2. BestellungBestellungen, Abschl\u00fcsse und Lieferabrufe sowie ihre \u00c4nderung bed\u00fcrfen der &hellip; Weiterlesen","og_url":"https:\/\/www.everpharma.com\/de\/impressum\/ever-pharma-jena-einkaufsbedingungen\/","og_site_name":"EVER Pharma","article_modified_time":"2021-12-14T13:08:51+00:00","twitter_card":"summary_large_image","twitter_misc":{"Gesch\u00e4tzte Lesezeit":"9\u00a0Minuten"},"schema":{"@context":"https:\/\/schema.org","@graph":[{"@type":"WebPage","@id":"https:\/\/www.everpharma.com\/de\/impressum\/ever-pharma-jena-einkaufsbedingungen\/","url":"https:\/\/www.everpharma.com\/de\/impressum\/ever-pharma-jena-einkaufsbedingungen\/","name":"EVER Pharma Jena Einkaufsbedingungen - EVER Pharma","isPartOf":{"@id":"https:\/\/www.everpharma.com\/de\/#website"},"datePublished":"2021-12-14T10:08:23+00:00","dateModified":"2021-12-14T13:08:51+00:00","breadcrumb":{"@id":"https:\/\/www.everpharma.com\/de\/impressum\/ever-pharma-jena-einkaufsbedingungen\/#breadcrumb"},"inLanguage":"de","potentialAction":[{"@type":"ReadAction","target":["https:\/\/www.everpharma.com\/de\/impressum\/ever-pharma-jena-einkaufsbedingungen\/"]}]},{"@type":"BreadcrumbList","@id":"https:\/\/www.everpharma.com\/de\/impressum\/ever-pharma-jena-einkaufsbedingungen\/#breadcrumb","itemListElement":[{"@type":"ListItem","position":1,"name":"Startseite","item":"https:\/\/www.everpharma.com\/de\/"},{"@type":"ListItem","position":2,"name":"Impressum","item":"https:\/\/www.everpharma.com\/de\/impressum\/"},{"@type":"ListItem","position":3,"name":"EVER Pharma Jena Einkaufsbedingungen"}]},{"@type":"WebSite","@id":"https:\/\/www.everpharma.com\/de\/#website","url":"https:\/\/www.everpharma.com\/de\/","name":"EVER Pharma","description":"Dedicated to health.","publisher":{"@id":"https:\/\/www.everpharma.com\/de\/#organization"},"potentialAction":[{"@type":"SearchAction","target":{"@type":"EntryPoint","urlTemplate":"https:\/\/www.everpharma.com\/de\/?s={search_term_string}"},"query-input":{"@type":"PropertyValueSpecification","valueRequired":true,"valueName":"search_term_string"}}],"inLanguage":"de"},{"@type":"Organization","@id":"https:\/\/www.everpharma.com\/de\/#organization","name":"EVER Pharma","url":"https:\/\/www.everpharma.com\/de\/","logo":{"@type":"ImageObject","inLanguage":"de","@id":"https:\/\/www.everpharma.com\/de\/#\/schema\/logo\/image\/","url":"https:\/\/www.everpharma.com\/wp-content\/uploads\/2022\/07\/ever-pharma-logo.png","contentUrl":"https:\/\/www.everpharma.com\/wp-content\/uploads\/2022\/07\/ever-pharma-logo.png","width":240,"height":67,"caption":"EVER Pharma"},"image":{"@id":"https:\/\/www.everpharma.com\/de\/#\/schema\/logo\/image\/"}}]}},"acf":[],"_links":{"self":[{"href":"https:\/\/www.everpharma.com\/de\/wp-json\/wp\/v2\/pages\/3392","targetHints":{"allow":["GET"]}}],"collection":[{"href":"https:\/\/www.everpharma.com\/de\/wp-json\/wp\/v2\/pages"}],"about":[{"href":"https:\/\/www.everpharma.com\/de\/wp-json\/wp\/v2\/types\/page"}],"author":[{"embeddable":true,"href":"https:\/\/www.everpharma.com\/de\/wp-json\/wp\/v2\/users\/2"}],"replies":[{"embeddable":true,"href":"https:\/\/www.everpharma.com\/de\/wp-json\/wp\/v2\/comments?post=3392"}],"version-history":[{"count":1,"href":"https:\/\/www.everpharma.com\/de\/wp-json\/wp\/v2\/pages\/3392\/revisions"}],"predecessor-version":[{"id":3393,"href":"https:\/\/www.everpharma.com\/de\/wp-json\/wp\/v2\/pages\/3392\/revisions\/3393"}],"up":[{"embeddable":true,"href":"https:\/\/www.everpharma.com\/de\/wp-json\/wp\/v2\/pages\/1671"}],"wp:attachment":[{"href":"https:\/\/www.everpharma.com\/de\/wp-json\/wp\/v2\/media?parent=3392"}],"curies":[{"name":"wp","href":"https:\/\/api.w.org\/{rel}","templated":true}]}}