{"id":24,"date":"2021-01-04T07:23:59","date_gmt":"2021-01-04T07:23:59","guid":{"rendered":"https:\/\/www.everpharma.com\/?page_id=24"},"modified":"2022-09-15T04:17:02","modified_gmt":"2022-09-15T04:17:02","slug":"management","status":"publish","type":"page","link":"https:\/\/www.everpharma.com\/de\/management\/","title":{"rendered":"Management"},"content":{"rendered":"\n<h1 class=\"is-style-page-title wp-block-heading\">Unser Management-Team<\/h1>\n\n\n\n<p>Lernen Sie das Management-Team von EVER Pharma kennen.<\/p>\n\n\n\n<div style=\"height:10px\" aria-hidden=\"true\" class=\"wp-block-spacer\"><\/div>\n\n\n\n<hr class=\"wp-block-separator is-style-default\"\/>\n\n\n\n<div style=\"height:117px\" aria-hidden=\"true\" class=\"wp-block-spacer\"><\/div>\n\n\n\n<div class=\"wp-block-columns are-vertically-aligned-center is-reversed-on-mobil is-layout-flex wp-container-core-columns-is-layout-9d6595d7 wp-block-columns-is-layout-flex\">\n<div class=\"wp-block-column is-vertically-aligned-center is-layout-flow wp-block-column-is-layout-flow\" style=\"flex-basis:66.66%\">\n<h4 class=\"wp-block-heading\"><strong>Dr. Friedrich Hillebrand<\/strong><\/h4>\n\n\n\n<p><em><strong>Vorsitzender der EVER Gruppe &amp; Eigent\u00fcmer<\/strong><\/em><\/p>\n\n\n\n<p>Als Vorsitzender der EVER Pharma Gruppe bringt Dr. Friedrich Hillebrand mehr als 40 Jahre Erfahrung in der Pharmabranche in den Bereichen Entwicklung, Herstellung und Vermarktung mit. Bis 2009 war er CEO der EBEWE Pharma, einem auf Onkologie und Neurologie spezialisierten Unternehmen, das er 30 Jahre lang aufbaute und leitete, bis es an Novartis ver\u00e4u\u00dfert wurde. Herr Dr. Hillebrand tr\u00e4gt einen Doktortitel der technischen Chemie von der Universit\u00e4t Wien.<\/p>\n\n\n\n<div style=\"height:91px\" aria-hidden=\"true\" class=\"wp-block-spacer\"><\/div>\n<\/div>\n\n\n\n<div class=\"wp-block-column is-vertically-aligned-center is-layout-flow wp-block-column-is-layout-flow\" style=\"flex-basis:33.33%\">\n<figure class=\"wp-block-image size-medium\"><img loading=\"lazy\" decoding=\"async\" width=\"225\" height=\"300\" src=\"https:\/\/www.everpharma.com\/wp-content\/uploads\/2021\/04\/Friedrich-Hillebrand-225x300.jpg\" alt=\"\" class=\"wp-image-1250\" srcset=\"https:\/\/www.everpharma.com\/wp-content\/uploads\/2021\/04\/Friedrich-Hillebrand-225x300.jpg 225w, https:\/\/www.everpharma.com\/wp-content\/uploads\/2021\/04\/Friedrich-Hillebrand-769x1024.jpg 769w, https:\/\/www.everpharma.com\/wp-content\/uploads\/2021\/04\/Friedrich-Hillebrand-768x1023.jpg 768w, https:\/\/www.everpharma.com\/wp-content\/uploads\/2021\/04\/Friedrich-Hillebrand-1154x1536.jpg 1154w, https:\/\/www.everpharma.com\/wp-content\/uploads\/2021\/04\/Friedrich-Hillebrand.jpg 1502w\" sizes=\"auto, (max-width: 225px) 100vw, 225px\" \/><\/figure>\n<\/div>\n<\/div>\n\n\n\n<div style=\"height:24px\" aria-hidden=\"true\" class=\"wp-block-spacer\"><\/div>\n\n\n\n<div class=\"wp-block-columns are-vertically-aligned-center is-reversed-on-mobil is-layout-flex wp-container-core-columns-is-layout-9d6595d7 wp-block-columns-is-layout-flex\">\n<div class=\"wp-block-column is-vertically-aligned-center is-layout-flow wp-block-column-is-layout-flow\" style=\"flex-basis:66.66%\">\n<h4 class=\"wp-block-heading\"><strong><strong>Georges Kahwati<\/strong><\/strong><\/h4>\n\n\n\n<p><em><strong><em>Gesch\u00e4ftsf\u00fchrer<\/em><\/strong><\/em><\/p>\n\n\n\n<p>Georges Kahwati ist General Manager von der EVER Neuro Pharma, der EVER Valinject und EVER Pharma Jena. Er kam von Sandoz International in die EVER Pharma Gruppe, wo er die Positionen des Global Head Commercial Operations (Oncology Injectables) und des General Managers am Unteracher Gesch\u00e4ftssitz von Sandoz in den Bereichen Technik, Qualit\u00e4t und Entwicklung einnahm. Vor seiner T\u00e4tigkeit bei Sandoz war Georges Vice President Speciality Injectables bei EBEWE Pharma und hat den Onkologie Franchise Bereich erheblich ausgebaut und zum Marktf\u00fchrer entwickelt, bevor das Unternehmen 2009 an Novartis ver\u00e4u\u00dfert wurde. Hr. Kahwati besitzt einen Bachelor of Commerce von der McGill Universit\u00e4t in Quebec, Kanada, und einen MBA der INSEAD.<\/p>\n\n\n\n<div style=\"height:15px\" aria-hidden=\"true\" class=\"wp-block-spacer\"><\/div>\n<\/div>\n\n\n\n<div class=\"wp-block-column is-vertically-aligned-center is-layout-flow wp-block-column-is-layout-flow\" style=\"flex-basis:33.33%\">\n<figure class=\"wp-block-image size-medium is-resized\"><img decoding=\"async\" src=\"https:\/\/www.everpharma.com\/wp-content\/uploads\/2021\/04\/Georges-Kahwati-212x300.jpg\" alt=\"\" class=\"wp-image-1252\" width=\"225\" srcset=\"https:\/\/www.everpharma.com\/wp-content\/uploads\/2021\/04\/Georges-Kahwati-212x300.jpg 212w, https:\/\/www.everpharma.com\/wp-content\/uploads\/2021\/04\/Georges-Kahwati-722x1024.jpg 722w, https:\/\/www.everpharma.com\/wp-content\/uploads\/2021\/04\/Georges-Kahwati-768x1089.jpg 768w, https:\/\/www.everpharma.com\/wp-content\/uploads\/2021\/04\/Georges-Kahwati-1083x1536.jpg 1083w, https:\/\/www.everpharma.com\/wp-content\/uploads\/2021\/04\/Georges-Kahwati.jpg 1410w\" sizes=\"(max-width: 212px) 100vw, 212px\" \/><\/figure>\n<\/div>\n<\/div>\n\n\n\n<div style=\"height:24px\" aria-hidden=\"true\" class=\"wp-block-spacer\"><\/div>\n\n\n\n<div class=\"wp-block-columns are-vertically-aligned-center is-reversed-on-mobil is-layout-flex wp-container-core-columns-is-layout-9d6595d7 wp-block-columns-is-layout-flex\">\n<div class=\"wp-block-column is-vertically-aligned-center is-layout-flow wp-block-column-is-layout-flow\" style=\"flex-basis:66.66%\">\n<h4 class=\"wp-block-heading\"><strong><strong>Dr. Wolfgang Schmitzberger<\/strong><\/strong><\/h4>\n\n\n\n<p><em><strong><em>Gesch\u00e4ftsf\u00fchrer<\/em><\/strong><\/em><\/p>\n\n\n\n<p>Dr. Wolfgang Schmitzberger ist General Manager von der EVER Neuro Pharma und der EVER Pharma Jena. Er arbeitet seit 1992 bei der EBEWE\/EVER Gruppe. Als Werksleiter am \u00f6sterreichischem Hauptgesch\u00e4ftssitz der EBEWE war er viele Jahre f\u00fcr Produktion, Qualit\u00e4t, Technik, Supply Chain, Lohnherstellung und Zulassung\/Lizenzierung verantwortlich. Heute leitet er den Bereich EVER Technical Operations in \u00d6sterreich und Deutschland, und war erheblich an der technologischen Modernisierung und den Bau einer neuen Produktionsst\u00e4tte der EVER Pharma Jena beteiligt. Dr. Schmitzberger tr\u00e4gt einen Doktortitel der technischen Chemie und Wirtschaft von der Universit\u00e4t Linz.<\/p>\n\n\n\n<div style=\"height:134px\" aria-hidden=\"true\" class=\"wp-block-spacer\"><\/div>\n<\/div>\n\n\n\n<div class=\"wp-block-column is-vertically-aligned-center is-layout-flow wp-block-column-is-layout-flow\" style=\"flex-basis:33.33%\">\n<figure class=\"wp-block-image size-medium is-resized\"><img decoding=\"async\" src=\"https:\/\/www.everpharma.com\/wp-content\/uploads\/2021\/04\/Wolfgang-Schmitzberger-194x300.jpg\" alt=\"\" class=\"wp-image-1256\" width=\"225\" srcset=\"https:\/\/www.everpharma.com\/wp-content\/uploads\/2021\/04\/Wolfgang-Schmitzberger-194x300.jpg 194w, https:\/\/www.everpharma.com\/wp-content\/uploads\/2021\/04\/Wolfgang-Schmitzberger-663x1024.jpg 663w, https:\/\/www.everpharma.com\/wp-content\/uploads\/2021\/04\/Wolfgang-Schmitzberger-768x1186.jpg 768w, https:\/\/www.everpharma.com\/wp-content\/uploads\/2021\/04\/Wolfgang-Schmitzberger-995x1536.jpg 995w, https:\/\/www.everpharma.com\/wp-content\/uploads\/2021\/04\/Wolfgang-Schmitzberger.jpg 1295w\" sizes=\"(max-width: 194px) 100vw, 194px\" \/><\/figure>\n<\/div>\n<\/div>\n\n\n\n<div style=\"height:24px\" aria-hidden=\"true\" class=\"wp-block-spacer\"><\/div>\n\n\n\n<div class=\"wp-block-columns are-vertically-aligned-center is-reversed-on-mobil is-layout-flex wp-container-core-columns-is-layout-9d6595d7 wp-block-columns-is-layout-flex\">\n<div class=\"wp-block-column is-vertically-aligned-center is-layout-flow wp-block-column-is-layout-flow\" style=\"flex-basis:66.66%\">\n<h4 class=\"wp-block-heading\"><strong><strong>Dr. Julia Hillebrand<\/strong><\/strong><\/h4>\n\n\n\n<p><em><strong><em>Managing Director &amp; Eigent\u00fcmer<\/em><\/strong><\/em><\/p>\n\n\n\n<p>Dr. Julia Hillebrand ist seit 2013 als Leiterin des Bereichs Corporate Development bei EVER Pharma t\u00e4tig und leitet seit 2016 das Gesch\u00e4ftsfeld Neurologie. Sie ist au\u00dferdem Mitglied der Gesch\u00e4ftsleitung von EVER Pharma. Frau Hillebrand tr\u00e4gt einen Doktortitel der Medizin der medizinischen Universit\u00e4t Wien.<\/p>\n\n\n\n<div style=\"height:125px\" aria-hidden=\"true\" class=\"wp-block-spacer\"><\/div>\n<\/div>\n\n\n\n<div class=\"wp-block-column is-vertically-aligned-center is-layout-flow wp-block-column-is-layout-flow\" style=\"flex-basis:33.33%\">\n<figure class=\"wp-block-image size-medium is-resized\"><img decoding=\"async\" src=\"https:\/\/www.everpharma.com\/wp-content\/uploads\/2021\/04\/Julia-Hillebrand-205x300.jpg\" alt=\"\" class=\"wp-image-1254\" width=\"225\" srcset=\"https:\/\/www.everpharma.com\/wp-content\/uploads\/2021\/04\/Julia-Hillebrand-205x300.jpg 205w, https:\/\/www.everpharma.com\/wp-content\/uploads\/2021\/04\/Julia-Hillebrand-701x1024.jpg 701w, https:\/\/www.everpharma.com\/wp-content\/uploads\/2021\/04\/Julia-Hillebrand-768x1122.jpg 768w, https:\/\/www.everpharma.com\/wp-content\/uploads\/2021\/04\/Julia-Hillebrand-1051x1536.jpg 1051w, https:\/\/www.everpharma.com\/wp-content\/uploads\/2021\/04\/Julia-Hillebrand.jpg 1369w\" sizes=\"(max-width: 205px) 100vw, 205px\" \/><\/figure>\n<\/div>\n<\/div>\n\n\n\n<div style=\"height:57px\" aria-hidden=\"true\" class=\"wp-block-spacer\"><\/div>\n","protected":false},"excerpt":{"rendered":"<p>Unser Management-Team Lernen Sie das Management-Team von EVER Pharma kennen. Dr. Friedrich Hillebrand Vorsitzender der EVER Gruppe &amp; Eigent\u00fcmer Als Vorsitzender der EVER Pharma Gruppe bringt Dr. Friedrich Hillebrand mehr als 40 Jahre Erfahrung in der Pharmabranche in den Bereichen Entwicklung, Herstellung und Vermarktung mit. Bis 2009 war er CEO der EBEWE Pharma, einem auf &hellip; <a href=\"https:\/\/www.everpharma.com\/de\/management\/\">Weiterlesen<\/a><\/p>\n","protected":false},"author":1,"featured_media":0,"parent":0,"menu_order":16,"comment_status":"closed","ping_status":"closed","template":"","meta":{"_acf_changed":false,"footnotes":""},"class_list":["post-24","page","type-page","status-publish","hentry"],"yoast_head":"<!-- This site is optimized with the Yoast SEO plugin v27.0 - https:\/\/yoast.com\/product\/yoast-seo-wordpress\/ -->\n<title>Management - EVER Pharma<\/title>\n<meta name=\"robots\" content=\"index, follow, max-snippet:-1, max-image-preview:large, max-video-preview:-1\" \/>\n<link rel=\"canonical\" href=\"https:\/\/www.everpharma.com\/de\/management\/\" \/>\n<meta property=\"og:locale\" content=\"de_DE\" \/>\n<meta property=\"og:type\" content=\"article\" \/>\n<meta property=\"og:title\" content=\"Management - EVER Pharma\" \/>\n<meta property=\"og:description\" content=\"Unser Management-Team Lernen Sie das Management-Team von EVER Pharma kennen. Dr. Friedrich Hillebrand Vorsitzender der EVER Gruppe &amp; Eigent\u00fcmer Als Vorsitzender der EVER Pharma Gruppe bringt Dr. Friedrich Hillebrand mehr als 40 Jahre Erfahrung in der Pharmabranche in den Bereichen Entwicklung, Herstellung und Vermarktung mit. Bis 2009 war er CEO der EBEWE Pharma, einem auf &hellip; Weiterlesen\" \/>\n<meta property=\"og:url\" content=\"https:\/\/www.everpharma.com\/de\/management\/\" \/>\n<meta property=\"og:site_name\" content=\"EVER Pharma\" \/>\n<meta property=\"article:modified_time\" content=\"2022-09-15T04:17:02+00:00\" \/>\n<meta property=\"og:image\" content=\"https:\/\/www.everpharma.com\/wp-content\/uploads\/2021\/04\/Friedrich-Hillebrand-225x300.jpg\" \/>\n<meta name=\"twitter:card\" content=\"summary_large_image\" \/>\n<meta name=\"twitter:label1\" content=\"Gesch\u00e4tzte Lesezeit\" \/>\n\t<meta name=\"twitter:data1\" content=\"2\u00a0Minuten\" \/>\n<script type=\"application\/ld+json\" class=\"yoast-schema-graph\">{\"@context\":\"https:\/\/schema.org\",\"@graph\":[{\"@type\":\"WebPage\",\"@id\":\"https:\/\/www.everpharma.com\/de\/management\/\",\"url\":\"https:\/\/www.everpharma.com\/de\/management\/\",\"name\":\"Management - EVER Pharma\",\"isPartOf\":{\"@id\":\"https:\/\/www.everpharma.com\/de\/#website\"},\"primaryImageOfPage\":{\"@id\":\"https:\/\/www.everpharma.com\/de\/management\/#primaryimage\"},\"image\":{\"@id\":\"https:\/\/www.everpharma.com\/de\/management\/#primaryimage\"},\"thumbnailUrl\":\"https:\/\/www.everpharma.com\/wp-content\/uploads\/2021\/04\/Friedrich-Hillebrand-225x300.jpg\",\"datePublished\":\"2021-01-04T07:23:59+00:00\",\"dateModified\":\"2022-09-15T04:17:02+00:00\",\"breadcrumb\":{\"@id\":\"https:\/\/www.everpharma.com\/de\/management\/#breadcrumb\"},\"inLanguage\":\"de\",\"potentialAction\":[{\"@type\":\"ReadAction\",\"target\":[\"https:\/\/www.everpharma.com\/de\/management\/\"]}]},{\"@type\":\"ImageObject\",\"inLanguage\":\"de\",\"@id\":\"https:\/\/www.everpharma.com\/de\/management\/#primaryimage\",\"url\":\"https:\/\/www.everpharma.com\/wp-content\/uploads\/2021\/04\/Friedrich-Hillebrand-225x300.jpg\",\"contentUrl\":\"https:\/\/www.everpharma.com\/wp-content\/uploads\/2021\/04\/Friedrich-Hillebrand-225x300.jpg\"},{\"@type\":\"BreadcrumbList\",\"@id\":\"https:\/\/www.everpharma.com\/de\/management\/#breadcrumb\",\"itemListElement\":[{\"@type\":\"ListItem\",\"position\":1,\"name\":\"Startseite\",\"item\":\"https:\/\/www.everpharma.com\/de\/\"},{\"@type\":\"ListItem\",\"position\":2,\"name\":\"Management\"}]},{\"@type\":\"WebSite\",\"@id\":\"https:\/\/www.everpharma.com\/de\/#website\",\"url\":\"https:\/\/www.everpharma.com\/de\/\",\"name\":\"EVER Pharma\",\"description\":\"Dedicated to health.\",\"publisher\":{\"@id\":\"https:\/\/www.everpharma.com\/de\/#organization\"},\"potentialAction\":[{\"@type\":\"SearchAction\",\"target\":{\"@type\":\"EntryPoint\",\"urlTemplate\":\"https:\/\/www.everpharma.com\/de\/?s={search_term_string}\"},\"query-input\":{\"@type\":\"PropertyValueSpecification\",\"valueRequired\":true,\"valueName\":\"search_term_string\"}}],\"inLanguage\":\"de\"},{\"@type\":\"Organization\",\"@id\":\"https:\/\/www.everpharma.com\/de\/#organization\",\"name\":\"EVER Pharma\",\"url\":\"https:\/\/www.everpharma.com\/de\/\",\"logo\":{\"@type\":\"ImageObject\",\"inLanguage\":\"de\",\"@id\":\"https:\/\/www.everpharma.com\/de\/#\/schema\/logo\/image\/\",\"url\":\"https:\/\/www.everpharma.com\/wp-content\/uploads\/2022\/07\/ever-pharma-logo.png\",\"contentUrl\":\"https:\/\/www.everpharma.com\/wp-content\/uploads\/2022\/07\/ever-pharma-logo.png\",\"width\":240,\"height\":67,\"caption\":\"EVER Pharma\"},\"image\":{\"@id\":\"https:\/\/www.everpharma.com\/de\/#\/schema\/logo\/image\/\"}}]}<\/script>\n<!-- \/ Yoast SEO plugin. -->","yoast_head_json":{"title":"Management - EVER Pharma","robots":{"index":"index","follow":"follow","max-snippet":"max-snippet:-1","max-image-preview":"max-image-preview:large","max-video-preview":"max-video-preview:-1"},"canonical":"https:\/\/www.everpharma.com\/de\/management\/","og_locale":"de_DE","og_type":"article","og_title":"Management - EVER Pharma","og_description":"Unser Management-Team Lernen Sie das Management-Team von EVER Pharma kennen. Dr. Friedrich Hillebrand Vorsitzender der EVER Gruppe &amp; Eigent\u00fcmer Als Vorsitzender der EVER Pharma Gruppe bringt Dr. Friedrich Hillebrand mehr als 40 Jahre Erfahrung in der Pharmabranche in den Bereichen Entwicklung, Herstellung und Vermarktung mit. Bis 2009 war er CEO der EBEWE Pharma, einem auf &hellip; Weiterlesen","og_url":"https:\/\/www.everpharma.com\/de\/management\/","og_site_name":"EVER Pharma","article_modified_time":"2022-09-15T04:17:02+00:00","og_image":[{"url":"https:\/\/www.everpharma.com\/wp-content\/uploads\/2021\/04\/Friedrich-Hillebrand-225x300.jpg","type":"","width":"","height":""}],"twitter_card":"summary_large_image","twitter_misc":{"Gesch\u00e4tzte Lesezeit":"2\u00a0Minuten"},"schema":{"@context":"https:\/\/schema.org","@graph":[{"@type":"WebPage","@id":"https:\/\/www.everpharma.com\/de\/management\/","url":"https:\/\/www.everpharma.com\/de\/management\/","name":"Management - EVER Pharma","isPartOf":{"@id":"https:\/\/www.everpharma.com\/de\/#website"},"primaryImageOfPage":{"@id":"https:\/\/www.everpharma.com\/de\/management\/#primaryimage"},"image":{"@id":"https:\/\/www.everpharma.com\/de\/management\/#primaryimage"},"thumbnailUrl":"https:\/\/www.everpharma.com\/wp-content\/uploads\/2021\/04\/Friedrich-Hillebrand-225x300.jpg","datePublished":"2021-01-04T07:23:59+00:00","dateModified":"2022-09-15T04:17:02+00:00","breadcrumb":{"@id":"https:\/\/www.everpharma.com\/de\/management\/#breadcrumb"},"inLanguage":"de","potentialAction":[{"@type":"ReadAction","target":["https:\/\/www.everpharma.com\/de\/management\/"]}]},{"@type":"ImageObject","inLanguage":"de","@id":"https:\/\/www.everpharma.com\/de\/management\/#primaryimage","url":"https:\/\/www.everpharma.com\/wp-content\/uploads\/2021\/04\/Friedrich-Hillebrand-225x300.jpg","contentUrl":"https:\/\/www.everpharma.com\/wp-content\/uploads\/2021\/04\/Friedrich-Hillebrand-225x300.jpg"},{"@type":"BreadcrumbList","@id":"https:\/\/www.everpharma.com\/de\/management\/#breadcrumb","itemListElement":[{"@type":"ListItem","position":1,"name":"Startseite","item":"https:\/\/www.everpharma.com\/de\/"},{"@type":"ListItem","position":2,"name":"Management"}]},{"@type":"WebSite","@id":"https:\/\/www.everpharma.com\/de\/#website","url":"https:\/\/www.everpharma.com\/de\/","name":"EVER Pharma","description":"Dedicated to health.","publisher":{"@id":"https:\/\/www.everpharma.com\/de\/#organization"},"potentialAction":[{"@type":"SearchAction","target":{"@type":"EntryPoint","urlTemplate":"https:\/\/www.everpharma.com\/de\/?s={search_term_string}"},"query-input":{"@type":"PropertyValueSpecification","valueRequired":true,"valueName":"search_term_string"}}],"inLanguage":"de"},{"@type":"Organization","@id":"https:\/\/www.everpharma.com\/de\/#organization","name":"EVER Pharma","url":"https:\/\/www.everpharma.com\/de\/","logo":{"@type":"ImageObject","inLanguage":"de","@id":"https:\/\/www.everpharma.com\/de\/#\/schema\/logo\/image\/","url":"https:\/\/www.everpharma.com\/wp-content\/uploads\/2022\/07\/ever-pharma-logo.png","contentUrl":"https:\/\/www.everpharma.com\/wp-content\/uploads\/2022\/07\/ever-pharma-logo.png","width":240,"height":67,"caption":"EVER Pharma"},"image":{"@id":"https:\/\/www.everpharma.com\/de\/#\/schema\/logo\/image\/"}}]}},"acf":[],"_links":{"self":[{"href":"https:\/\/www.everpharma.com\/de\/wp-json\/wp\/v2\/pages\/24","targetHints":{"allow":["GET"]}}],"collection":[{"href":"https:\/\/www.everpharma.com\/de\/wp-json\/wp\/v2\/pages"}],"about":[{"href":"https:\/\/www.everpharma.com\/de\/wp-json\/wp\/v2\/types\/page"}],"author":[{"embeddable":true,"href":"https:\/\/www.everpharma.com\/de\/wp-json\/wp\/v2\/users\/1"}],"replies":[{"embeddable":true,"href":"https:\/\/www.everpharma.com\/de\/wp-json\/wp\/v2\/comments?post=24"}],"version-history":[{"count":23,"href":"https:\/\/www.everpharma.com\/de\/wp-json\/wp\/v2\/pages\/24\/revisions"}],"predecessor-version":[{"id":3656,"href":"https:\/\/www.everpharma.com\/de\/wp-json\/wp\/v2\/pages\/24\/revisions\/3656"}],"wp:attachment":[{"href":"https:\/\/www.everpharma.com\/de\/wp-json\/wp\/v2\/media?parent=24"}],"curies":[{"name":"wp","href":"https:\/\/api.w.org\/{rel}","templated":true}]}}