{"id":176,"date":"2021-03-09T06:34:15","date_gmt":"2021-03-09T06:34:15","guid":{"rendered":"https:\/\/www.everpharma.com\/unternehmen\/unsere-commitments\/"},"modified":"2024-11-21T10:01:31","modified_gmt":"2024-11-21T10:01:31","slug":"unsere-commitments","status":"publish","type":"page","link":"https:\/\/www.everpharma.com\/de\/unsere-commitments\/","title":{"rendered":"Commitments"},"content":{"rendered":"\n<div class=\"wp-block-cover\"><span aria-hidden=\"true\" class=\"wp-block-cover__background has-background-dim-0 has-background-dim\"><\/span><img loading=\"lazy\" decoding=\"async\" width=\"2000\" height=\"1333\" class=\"wp-block-cover__image-background wp-image-100\" alt=\"\" src=\"https:\/\/www.everpharma.com\/wp-content\/uploads\/2021\/02\/ET2B1567.jpg\" data-object-fit=\"cover\" srcset=\"https:\/\/www.everpharma.com\/wp-content\/uploads\/2021\/02\/ET2B1567.jpg 2000w, https:\/\/www.everpharma.com\/wp-content\/uploads\/2021\/02\/ET2B1567-300x200.jpg 300w, https:\/\/www.everpharma.com\/wp-content\/uploads\/2021\/02\/ET2B1567-1024x682.jpg 1024w, https:\/\/www.everpharma.com\/wp-content\/uploads\/2021\/02\/ET2B1567-768x512.jpg 768w, https:\/\/www.everpharma.com\/wp-content\/uploads\/2021\/02\/ET2B1567-1536x1024.jpg 1536w\" sizes=\"auto, (max-width: 2000px) 100vw, 2000px\" \/><div class=\"wp-block-cover__inner-container is-layout-flow wp-block-cover-is-layout-flow\">\n<p class=\"has-text-align-center has-large-font-size\"><\/p>\n<\/div><\/div>\n\n\n\n<div style=\"height:50px\" aria-hidden=\"true\" class=\"wp-block-spacer\"><\/div>\n\n\n\n<h1 class=\"wp-block-heading is-style-page-title\" id=\"Verantwortung\">Unsere Verantwortung<\/h1>\n\n\n\n<p>Wir arbeiten f\u00fcr das gr\u00f6\u00dfte Wohl der Menschheit \u2013 Ihre Gesundheit! Das Wohlergehen des Patienten steht im Mittelpunkt unseres Handelns. Durch Innovation, Fokussierung und Unternehmergeist bringen wir spezialisierte therapeutische L\u00f6sungen mit Zusatznutzen auf den Markt, die Gesundheitssysteme rund um den Globus unterst\u00fctzen. Das gibt unserer t\u00e4glichen Arbeit einen Sinn und stellt die Essenz unseres Engagements f\u00fcr die Gesundheit dar.<\/p>\n\n\n\n<div style=\"height:50px\" aria-hidden=\"true\" class=\"wp-block-spacer\"><\/div>\n\n\n\n<div class=\"wp-block-group alignfull has-theme-light-gray-background-color has-background\"><div class=\"wp-block-group__inner-container is-layout-flow wp-block-group-is-layout-flow\">\n<div style=\"height:50px\" aria-hidden=\"true\" class=\"wp-block-spacer\"><\/div>\n\n\n\n<div class=\"wp-block-columns are-vertically-aligned-center is-layout-flex wp-container-core-columns-is-layout-9d6595d7 wp-block-columns-is-layout-flex\">\n<div class=\"wp-block-column is-vertically-aligned-center is-layout-flow wp-block-column-is-layout-flow\" style=\"flex-basis:100%\">\n<h2 class=\"wp-block-heading is-style-section-title\" id=\"Unternehmenskultur\">Unsere Unternehmenskultur<\/h2>\n\n\n\n<h6 class=\"wp-block-heading\"><strong>Der Kunde im Mittelpunkt unserer Arbeit.<\/strong><\/h6>\n\n\n\n<div class=\"wp-block-columns is-layout-flex wp-container-core-columns-is-layout-9d6595d7 wp-block-columns-is-layout-flex\">\n<div class=\"wp-block-column is-layout-flow wp-block-column-is-layout-flow\" style=\"flex-basis:100%\">\n<p>Die Bed\u00fcrfnisse unserer Kunden zu verstehen und zu erf\u00fcllen, hat f\u00fcr uns h\u00f6chste Priorit\u00e4t. Das Leben von Patienten zu verbessern und die Arbeit von medizinischem Fachpersonal zu unterst\u00fctzen, steht im Mittelpunkt unserer Aufgabe als Unternehmen in den Bereichen Forschung, Produktion und Lieferung.<\/p>\n<\/div>\n<\/div>\n\n\n\n<h6 class=\"wp-block-heading\"><strong>Unsere Mitarbeiter sind die S\u00e4ule unseres Erfolgs. <\/strong><\/h6>\n\n\n\n<p>Unser Team ist unser gr\u00f6\u00dftes Kapital: Forscher, Wissenschaftler, Techniker, Produktionsmitarbeiter, Qualit\u00e4tsbeauftragte, Vertriebsmitarbeiter, medizinische Vertreter und auch unsere Verwaltungsfunktionen die als agiles, engagiertes und respektvolles Team zusammenarbeiten, sind der Schl\u00fcssel zu unserem Erfolg.<\/p>\n\n\n\n<h6 class=\"wp-block-heading\"><strong>Innovation als Treiber f\u00fcr unsere zuk\u00fcnftige Entwicklung.<\/strong><\/h6>\n\n\n\n<p>Innovation ist ein wesentliches Element unserer Arbeitskultur. Ob bei der Infragestellung etablierter Paradigmen, der Integration von Mehrwert-Funktionen f\u00fcr unsere Kunden oder der Entdeckung neuer Therapien und medizinischer Anwendungen, unsere Entwicklung und unser Wachstum sind eine Funktion unserer Innovationsf\u00e4higkeit.<\/p>\n<\/div>\n<\/div>\n\n\n\n<div style=\"height:50px\" aria-hidden=\"true\" class=\"wp-block-spacer\"><\/div>\n<\/div><\/div>\n\n\n\n<div style=\"height:50px\" aria-hidden=\"true\" class=\"wp-block-spacer\"><\/div>\n\n\n\n<h2 class=\"wp-block-heading is-style-section-title\" id=\"Umwelt\">Unsere Corporate Social Responsibility (CSR) <\/h2>\n\n\n\n<p>Wir \u00fcbernehmen Verantwortung gegen\u00fcber unseren Mitarbeitenden, zuk\u00fcnftigen Generationen und der Umwelt, weshalb wir gro\u00dfen Wert auf das Thema Corporate Social Responsibility (CSR) legen. Wir ber\u00fccksichtigen \u00f6kologische, soziale und \u00f6konomische Aspekte in unserem t\u00e4glichen Handeln gleicherma\u00dfen. <\/p>\n\n\n\n<h6 class=\"wp-block-heading\"><strong><strong>Verl\u00e4ssliches &amp; regelkonformes Handeln<\/strong><\/strong><\/h6>\n\n\n\n<p>Ein nachhaltiges und erfolgreiches Unternehmenswachstum erfordert, dass wir unser Handeln an unseren bestehenden Unternehmenswerten ausrichten und mit Integrit\u00e4t, Respekt und Fairness handeln. Wir verpflichten uns zur Einhaltung rechtlicher Vorgaben und legen gro\u00dfen Wert auf die Einhaltung interner Richtlinien. Wir betreiben und warten unsere Anlagen und Maschinen so, dass wir die Umweltbelastung reduzieren und m\u00f6gliche Gesundheits- und Sicherheitsrisiken minimieren.<\/p>\n\n\n\n<h6 class=\"wp-block-heading\"><strong><strong><strong>Bef\u00e4higung der Mitarbeitenden<\/strong><\/strong><\/strong><\/h6>\n\n\n\n<p>Wir sind \u00fcberzeugt, dass eine langfristige nachhaltige Entwicklung nur durch Zusammenarbeit und das Engagement eines jeden Einzelnen erreicht werden kann. Eine wertsch\u00e4tzende, respektvolle und vertrauensvolle Zusammenarbeit ist fester Bestandteil unserer Unternehmenskultur. Wir vertrauen auf die St\u00e4rken unserer Mitarbeitenden und f\u00f6rdern eigenst\u00e4ndiges und leistungsorientiertes Denken und Handeln.<\/p>\n\n\n\n<h6 class=\"wp-block-heading\"><strong><strong><strong>Umweltschutz und Ressourcenschonung<\/strong><\/strong><\/strong><\/h6>\n\n\n\n<p>Wir ergreifen geeignete Ma\u00dfnahmen, um unsere Umweltbelastung zu reduzieren und sicherzustellen, dass unsere Produktionsanlagen den Anforderungen moderner Umweltmanagementstandards entsprechen. Im Rahmen unserer zertifizierten ISO 14001 Umweltmanagement- und ISO 50001 Energiemanagementsysteme arbeiten wir kontinuierlich an der Verbesserung unserer Umweltleistung. Gemeinsam mit unseren Lieferanten bem\u00fchen wir uns, Emissionen in den Bereichen Transport und Logistik zu verringern.<\/p>\n\n\n\n<p>Wenn Sie Fragen, Anmerkungen oder spezifische Anliegen zu unseren Nachhaltigkeitsinitiativen, unserem Umweltmanagement oder Energiemanagementsystem haben, z\u00f6gern Sie bitte nicht, uns unter folgender E-Mail-Adresse zu kontaktieren <a href=\"mailto:sustainability@everpharma.com\">sustainability@everpharma.com<\/a>.<\/p>\n\n\n\n<div style=\"height:100px\" aria-hidden=\"true\" class=\"wp-block-spacer\"><\/div>\n","protected":false},"excerpt":{"rendered":"<p>Unsere Verantwortung Wir arbeiten f\u00fcr das gr\u00f6\u00dfte Wohl der Menschheit \u2013 Ihre Gesundheit! Das Wohlergehen des Patienten steht im Mittelpunkt unseres Handelns. Durch Innovation, Fokussierung und Unternehmergeist bringen wir spezialisierte therapeutische L\u00f6sungen mit Zusatznutzen auf den Markt, die Gesundheitssysteme rund um den Globus unterst\u00fctzen. Das gibt unserer t\u00e4glichen Arbeit einen Sinn und stellt die Essenz &hellip; <a href=\"https:\/\/www.everpharma.com\/de\/unsere-commitments\/\">Weiterlesen<\/a><\/p>\n","protected":false},"author":1,"featured_media":0,"parent":0,"menu_order":13,"comment_status":"closed","ping_status":"closed","template":"","meta":{"_acf_changed":false,"footnotes":""},"class_list":["post-176","page","type-page","status-publish","hentry"],"yoast_head":"<!-- This site is optimized with the Yoast SEO plugin v27.0 - https:\/\/yoast.com\/product\/yoast-seo-wordpress\/ -->\n<title>Commitments - EVER Pharma<\/title>\n<meta name=\"robots\" content=\"index, follow, max-snippet:-1, max-image-preview:large, max-video-preview:-1\" \/>\n<link rel=\"canonical\" href=\"https:\/\/www.everpharma.com\/de\/unsere-commitments\/\" \/>\n<meta property=\"og:locale\" content=\"de_DE\" \/>\n<meta property=\"og:type\" content=\"article\" \/>\n<meta property=\"og:title\" content=\"Commitments - EVER Pharma\" \/>\n<meta property=\"og:description\" content=\"Unsere Verantwortung Wir arbeiten f\u00fcr das gr\u00f6\u00dfte Wohl der Menschheit \u2013 Ihre Gesundheit! Das Wohlergehen des Patienten steht im Mittelpunkt unseres Handelns. Durch Innovation, Fokussierung und Unternehmergeist bringen wir spezialisierte therapeutische L\u00f6sungen mit Zusatznutzen auf den Markt, die Gesundheitssysteme rund um den Globus unterst\u00fctzen. Das gibt unserer t\u00e4glichen Arbeit einen Sinn und stellt die Essenz &hellip; Weiterlesen\" \/>\n<meta property=\"og:url\" content=\"https:\/\/www.everpharma.com\/de\/unsere-commitments\/\" \/>\n<meta property=\"og:site_name\" content=\"EVER Pharma\" \/>\n<meta property=\"article:modified_time\" content=\"2024-11-21T10:01:31+00:00\" \/>\n<meta property=\"og:image\" content=\"https:\/\/www.everpharma.com\/wp-content\/uploads\/2021\/02\/ET2B1567.jpg\" \/>\n\t<meta property=\"og:image:width\" content=\"2000\" \/>\n\t<meta property=\"og:image:height\" content=\"1333\" \/>\n\t<meta property=\"og:image:type\" content=\"image\/jpeg\" \/>\n<meta name=\"twitter:card\" content=\"summary_large_image\" \/>\n<meta name=\"twitter:label1\" content=\"Gesch\u00e4tzte Lesezeit\" \/>\n\t<meta name=\"twitter:data1\" content=\"2\u00a0Minuten\" \/>\n<script type=\"application\/ld+json\" class=\"yoast-schema-graph\">{\"@context\":\"https:\/\/schema.org\",\"@graph\":[{\"@type\":\"WebPage\",\"@id\":\"https:\/\/www.everpharma.com\/de\/unsere-commitments\/\",\"url\":\"https:\/\/www.everpharma.com\/de\/unsere-commitments\/\",\"name\":\"Commitments - EVER Pharma\",\"isPartOf\":{\"@id\":\"https:\/\/www.everpharma.com\/de\/#website\"},\"primaryImageOfPage\":{\"@id\":\"https:\/\/www.everpharma.com\/de\/unsere-commitments\/#primaryimage\"},\"image\":{\"@id\":\"https:\/\/www.everpharma.com\/de\/unsere-commitments\/#primaryimage\"},\"thumbnailUrl\":\"https:\/\/www.everpharma.com\/wp-content\/uploads\/2021\/02\/ET2B1567.jpg\",\"datePublished\":\"2021-03-09T06:34:15+00:00\",\"dateModified\":\"2024-11-21T10:01:31+00:00\",\"breadcrumb\":{\"@id\":\"https:\/\/www.everpharma.com\/de\/unsere-commitments\/#breadcrumb\"},\"inLanguage\":\"de\",\"potentialAction\":[{\"@type\":\"ReadAction\",\"target\":[\"https:\/\/www.everpharma.com\/de\/unsere-commitments\/\"]}]},{\"@type\":\"ImageObject\",\"inLanguage\":\"de\",\"@id\":\"https:\/\/www.everpharma.com\/de\/unsere-commitments\/#primaryimage\",\"url\":\"https:\/\/www.everpharma.com\/wp-content\/uploads\/2021\/02\/ET2B1567.jpg\",\"contentUrl\":\"https:\/\/www.everpharma.com\/wp-content\/uploads\/2021\/02\/ET2B1567.jpg\"},{\"@type\":\"BreadcrumbList\",\"@id\":\"https:\/\/www.everpharma.com\/de\/unsere-commitments\/#breadcrumb\",\"itemListElement\":[{\"@type\":\"ListItem\",\"position\":1,\"name\":\"Startseite\",\"item\":\"https:\/\/www.everpharma.com\/de\/\"},{\"@type\":\"ListItem\",\"position\":2,\"name\":\"Commitments\"}]},{\"@type\":\"WebSite\",\"@id\":\"https:\/\/www.everpharma.com\/de\/#website\",\"url\":\"https:\/\/www.everpharma.com\/de\/\",\"name\":\"EVER Pharma\",\"description\":\"Dedicated to health.\",\"publisher\":{\"@id\":\"https:\/\/www.everpharma.com\/de\/#organization\"},\"potentialAction\":[{\"@type\":\"SearchAction\",\"target\":{\"@type\":\"EntryPoint\",\"urlTemplate\":\"https:\/\/www.everpharma.com\/de\/?s={search_term_string}\"},\"query-input\":{\"@type\":\"PropertyValueSpecification\",\"valueRequired\":true,\"valueName\":\"search_term_string\"}}],\"inLanguage\":\"de\"},{\"@type\":\"Organization\",\"@id\":\"https:\/\/www.everpharma.com\/de\/#organization\",\"name\":\"EVER Pharma\",\"url\":\"https:\/\/www.everpharma.com\/de\/\",\"logo\":{\"@type\":\"ImageObject\",\"inLanguage\":\"de\",\"@id\":\"https:\/\/www.everpharma.com\/de\/#\/schema\/logo\/image\/\",\"url\":\"https:\/\/www.everpharma.com\/wp-content\/uploads\/2022\/07\/ever-pharma-logo.png\",\"contentUrl\":\"https:\/\/www.everpharma.com\/wp-content\/uploads\/2022\/07\/ever-pharma-logo.png\",\"width\":240,\"height\":67,\"caption\":\"EVER Pharma\"},\"image\":{\"@id\":\"https:\/\/www.everpharma.com\/de\/#\/schema\/logo\/image\/\"}}]}<\/script>\n<!-- \/ Yoast SEO plugin. -->","yoast_head_json":{"title":"Commitments - EVER Pharma","robots":{"index":"index","follow":"follow","max-snippet":"max-snippet:-1","max-image-preview":"max-image-preview:large","max-video-preview":"max-video-preview:-1"},"canonical":"https:\/\/www.everpharma.com\/de\/unsere-commitments\/","og_locale":"de_DE","og_type":"article","og_title":"Commitments - EVER Pharma","og_description":"Unsere Verantwortung Wir arbeiten f\u00fcr das gr\u00f6\u00dfte Wohl der Menschheit \u2013 Ihre Gesundheit! Das Wohlergehen des Patienten steht im Mittelpunkt unseres Handelns. Durch Innovation, Fokussierung und Unternehmergeist bringen wir spezialisierte therapeutische L\u00f6sungen mit Zusatznutzen auf den Markt, die Gesundheitssysteme rund um den Globus unterst\u00fctzen. Das gibt unserer t\u00e4glichen Arbeit einen Sinn und stellt die Essenz &hellip; Weiterlesen","og_url":"https:\/\/www.everpharma.com\/de\/unsere-commitments\/","og_site_name":"EVER Pharma","article_modified_time":"2024-11-21T10:01:31+00:00","og_image":[{"width":2000,"height":1333,"url":"https:\/\/www.everpharma.com\/wp-content\/uploads\/2021\/02\/ET2B1567.jpg","type":"image\/jpeg"}],"twitter_card":"summary_large_image","twitter_misc":{"Gesch\u00e4tzte Lesezeit":"2\u00a0Minuten"},"schema":{"@context":"https:\/\/schema.org","@graph":[{"@type":"WebPage","@id":"https:\/\/www.everpharma.com\/de\/unsere-commitments\/","url":"https:\/\/www.everpharma.com\/de\/unsere-commitments\/","name":"Commitments - EVER Pharma","isPartOf":{"@id":"https:\/\/www.everpharma.com\/de\/#website"},"primaryImageOfPage":{"@id":"https:\/\/www.everpharma.com\/de\/unsere-commitments\/#primaryimage"},"image":{"@id":"https:\/\/www.everpharma.com\/de\/unsere-commitments\/#primaryimage"},"thumbnailUrl":"https:\/\/www.everpharma.com\/wp-content\/uploads\/2021\/02\/ET2B1567.jpg","datePublished":"2021-03-09T06:34:15+00:00","dateModified":"2024-11-21T10:01:31+00:00","breadcrumb":{"@id":"https:\/\/www.everpharma.com\/de\/unsere-commitments\/#breadcrumb"},"inLanguage":"de","potentialAction":[{"@type":"ReadAction","target":["https:\/\/www.everpharma.com\/de\/unsere-commitments\/"]}]},{"@type":"ImageObject","inLanguage":"de","@id":"https:\/\/www.everpharma.com\/de\/unsere-commitments\/#primaryimage","url":"https:\/\/www.everpharma.com\/wp-content\/uploads\/2021\/02\/ET2B1567.jpg","contentUrl":"https:\/\/www.everpharma.com\/wp-content\/uploads\/2021\/02\/ET2B1567.jpg"},{"@type":"BreadcrumbList","@id":"https:\/\/www.everpharma.com\/de\/unsere-commitments\/#breadcrumb","itemListElement":[{"@type":"ListItem","position":1,"name":"Startseite","item":"https:\/\/www.everpharma.com\/de\/"},{"@type":"ListItem","position":2,"name":"Commitments"}]},{"@type":"WebSite","@id":"https:\/\/www.everpharma.com\/de\/#website","url":"https:\/\/www.everpharma.com\/de\/","name":"EVER Pharma","description":"Dedicated to health.","publisher":{"@id":"https:\/\/www.everpharma.com\/de\/#organization"},"potentialAction":[{"@type":"SearchAction","target":{"@type":"EntryPoint","urlTemplate":"https:\/\/www.everpharma.com\/de\/?s={search_term_string}"},"query-input":{"@type":"PropertyValueSpecification","valueRequired":true,"valueName":"search_term_string"}}],"inLanguage":"de"},{"@type":"Organization","@id":"https:\/\/www.everpharma.com\/de\/#organization","name":"EVER Pharma","url":"https:\/\/www.everpharma.com\/de\/","logo":{"@type":"ImageObject","inLanguage":"de","@id":"https:\/\/www.everpharma.com\/de\/#\/schema\/logo\/image\/","url":"https:\/\/www.everpharma.com\/wp-content\/uploads\/2022\/07\/ever-pharma-logo.png","contentUrl":"https:\/\/www.everpharma.com\/wp-content\/uploads\/2022\/07\/ever-pharma-logo.png","width":240,"height":67,"caption":"EVER Pharma"},"image":{"@id":"https:\/\/www.everpharma.com\/de\/#\/schema\/logo\/image\/"}}]}},"acf":[],"_links":{"self":[{"href":"https:\/\/www.everpharma.com\/de\/wp-json\/wp\/v2\/pages\/176","targetHints":{"allow":["GET"]}}],"collection":[{"href":"https:\/\/www.everpharma.com\/de\/wp-json\/wp\/v2\/pages"}],"about":[{"href":"https:\/\/www.everpharma.com\/de\/wp-json\/wp\/v2\/types\/page"}],"author":[{"embeddable":true,"href":"https:\/\/www.everpharma.com\/de\/wp-json\/wp\/v2\/users\/1"}],"replies":[{"embeddable":true,"href":"https:\/\/www.everpharma.com\/de\/wp-json\/wp\/v2\/comments?post=176"}],"version-history":[{"count":46,"href":"https:\/\/www.everpharma.com\/de\/wp-json\/wp\/v2\/pages\/176\/revisions"}],"predecessor-version":[{"id":4325,"href":"https:\/\/www.everpharma.com\/de\/wp-json\/wp\/v2\/pages\/176\/revisions\/4325"}],"wp:attachment":[{"href":"https:\/\/www.everpharma.com\/de\/wp-json\/wp\/v2\/media?parent=176"}],"curies":[{"name":"wp","href":"https:\/\/api.w.org\/{rel}","templated":true}]}}