{"id":1677,"date":"2021-04-29T09:37:15","date_gmt":"2021-04-29T09:37:15","guid":{"rendered":"https:\/\/www.everpharma.com\/?page_id=1677"},"modified":"2022-08-27T07:49:18","modified_gmt":"2022-08-27T07:49:18","slug":"disclaimer","status":"publish","type":"page","link":"https:\/\/www.everpharma.com\/de\/disclaimer\/","title":{"rendered":"Disclaimer"},"content":{"rendered":"\n<h2 class=\"wp-block-heading\">Disclaimer.<\/h2>\n\n\n\n<p>EVER&nbsp;Neuro Pharma ist bem\u00fcht, richtige und vollst\u00e4ndige Informationen auf dieser Website bereitzustellen, \u00fcbernimmt aber keinerlei Verantwortung, Garantien oder Haftung daf\u00fcr, dass die durch diese Website bereitgestellten Informationen, einschlie\u00dflich jeglicher Datenbankeintr\u00e4ge, richtig, vollst\u00e4ndig oder aktuell sind.<\/p>\n\n\n\n<p>EVER&nbsp;Neuro Pharma beh\u00e4lt sich das Recht vor, jederzeit und ohne Vorank\u00fcndigung, die Informationen auf dieser Website zu \u00e4ndern und verpflichtet sich auch nicht, die enthaltenen Informationen zu aktualisieren.&nbsp;EVER&nbsp;Neuro Pharma ist f\u00fcr die Richtigkeit und Aktualit\u00e4t der Inhalte von Websites, zu denen Links von diesen Seiten f\u00fchren, nicht verantwortlich.<\/p>\n\n\n\n<p>In keinem Fall kann\u00a0EVER\u00a0Neuro Pharma f\u00fcr Sch\u00e4den irgendeiner Art haftbar gemacht werden, die sich aus der Nutzung oder den Inhalten oder der Verf\u00fcgbarkeit dieser Website, oder den Dokumenten, Diensten und Informationen auf dieser Website ergeben k\u00f6nnten. Dabei ist es gleichg\u00fcltig, ob der Schaden direkter, indirekter oder finanzieller Natur ist, oder ein Folgeschaden oder sonstiger Schaden ist, der sich aus Datenverlust, Nutzungsausfall oder sonstigen Gr\u00fcnden aller Art ergeben k\u00f6nnte.<\/p>\n\n\n\n<div style=\"height:100px\" aria-hidden=\"true\" class=\"wp-block-spacer\"><\/div>\n","protected":false},"excerpt":{"rendered":"<p>Disclaimer. EVER&nbsp;Neuro Pharma ist bem\u00fcht, richtige und vollst\u00e4ndige Informationen auf dieser Website bereitzustellen, \u00fcbernimmt aber keinerlei Verantwortung, Garantien oder Haftung daf\u00fcr, dass die durch diese Website bereitgestellten Informationen, einschlie\u00dflich jeglicher Datenbankeintr\u00e4ge, richtig, vollst\u00e4ndig oder aktuell sind. EVER&nbsp;Neuro Pharma beh\u00e4lt sich das Recht vor, jederzeit und ohne Vorank\u00fcndigung, die Informationen auf dieser Website zu \u00e4ndern und &hellip; <a href=\"https:\/\/www.everpharma.com\/de\/disclaimer\/\">Weiterlesen<\/a><\/p>\n","protected":false},"author":1,"featured_media":0,"parent":0,"menu_order":30,"comment_status":"closed","ping_status":"closed","template":"","meta":{"_acf_changed":false,"footnotes":""},"class_list":["post-1677","page","type-page","status-publish","hentry"],"yoast_head":"<!-- This site is optimized with the Yoast SEO plugin v27.5 - https:\/\/yoast.com\/product\/yoast-seo-wordpress\/ -->\n<title>Disclaimer - EVER Pharma<\/title>\n<meta name=\"robots\" content=\"index, follow, max-snippet:-1, max-image-preview:large, max-video-preview:-1\" \/>\n<link rel=\"canonical\" href=\"https:\/\/www.everpharma.com\/de\/disclaimer\/\" \/>\n<meta property=\"og:locale\" content=\"de_DE\" \/>\n<meta property=\"og:type\" content=\"article\" \/>\n<meta property=\"og:title\" content=\"Disclaimer - EVER Pharma\" \/>\n<meta property=\"og:description\" content=\"Disclaimer. EVER&nbsp;Neuro Pharma ist bem\u00fcht, richtige und vollst\u00e4ndige Informationen auf dieser Website bereitzustellen, \u00fcbernimmt aber keinerlei Verantwortung, Garantien oder Haftung daf\u00fcr, dass die durch diese Website bereitgestellten Informationen, einschlie\u00dflich jeglicher Datenbankeintr\u00e4ge, richtig, vollst\u00e4ndig oder aktuell sind. EVER&nbsp;Neuro Pharma beh\u00e4lt sich das Recht vor, jederzeit und ohne Vorank\u00fcndigung, die Informationen auf dieser Website zu \u00e4ndern und &hellip; Weiterlesen\" \/>\n<meta property=\"og:url\" content=\"https:\/\/www.everpharma.com\/de\/disclaimer\/\" \/>\n<meta property=\"og:site_name\" content=\"EVER Pharma\" \/>\n<meta property=\"article:modified_time\" content=\"2022-08-27T07:49:18+00:00\" \/>\n<meta property=\"og:image\" content=\"https:\/\/www.everpharma.com\/wp-content\/uploads\/2022\/07\/ever-pharma-logo.png\" \/>\n\t<meta property=\"og:image:width\" content=\"240\" \/>\n\t<meta property=\"og:image:height\" content=\"67\" \/>\n\t<meta property=\"og:image:type\" content=\"image\/png\" \/>\n<meta name=\"twitter:card\" content=\"summary_large_image\" \/>\n<meta name=\"twitter:label1\" content=\"Gesch\u00e4tzte Lesezeit\" \/>\n\t<meta name=\"twitter:data1\" content=\"1\u00a0Minute\" \/>\n<script type=\"application\/ld+json\" class=\"yoast-schema-graph\">{\"@context\":\"https:\\\/\\\/schema.org\",\"@graph\":[{\"@type\":\"WebPage\",\"@id\":\"https:\\\/\\\/www.everpharma.com\\\/de\\\/disclaimer\\\/\",\"url\":\"https:\\\/\\\/www.everpharma.com\\\/de\\\/disclaimer\\\/\",\"name\":\"Disclaimer - EVER Pharma\",\"isPartOf\":{\"@id\":\"https:\\\/\\\/www.everpharma.com\\\/de\\\/#website\"},\"datePublished\":\"2021-04-29T09:37:15+00:00\",\"dateModified\":\"2022-08-27T07:49:18+00:00\",\"breadcrumb\":{\"@id\":\"https:\\\/\\\/www.everpharma.com\\\/de\\\/disclaimer\\\/#breadcrumb\"},\"inLanguage\":\"de\",\"potentialAction\":[{\"@type\":\"ReadAction\",\"target\":[\"https:\\\/\\\/www.everpharma.com\\\/de\\\/disclaimer\\\/\"]}]},{\"@type\":\"BreadcrumbList\",\"@id\":\"https:\\\/\\\/www.everpharma.com\\\/de\\\/disclaimer\\\/#breadcrumb\",\"itemListElement\":[{\"@type\":\"ListItem\",\"position\":1,\"name\":\"Startseite\",\"item\":\"https:\\\/\\\/www.everpharma.com\\\/de\\\/\"},{\"@type\":\"ListItem\",\"position\":2,\"name\":\"Disclaimer\"}]},{\"@type\":\"WebSite\",\"@id\":\"https:\\\/\\\/www.everpharma.com\\\/de\\\/#website\",\"url\":\"https:\\\/\\\/www.everpharma.com\\\/de\\\/\",\"name\":\"EVER Pharma\",\"description\":\"Dedicated to health.\",\"publisher\":{\"@id\":\"https:\\\/\\\/www.everpharma.com\\\/de\\\/#organization\"},\"potentialAction\":[{\"@type\":\"SearchAction\",\"target\":{\"@type\":\"EntryPoint\",\"urlTemplate\":\"https:\\\/\\\/www.everpharma.com\\\/de\\\/?s={search_term_string}\"},\"query-input\":{\"@type\":\"PropertyValueSpecification\",\"valueRequired\":true,\"valueName\":\"search_term_string\"}}],\"inLanguage\":\"de\"},{\"@type\":[\"Organization\",\"MedicalOrganization\"],\"@id\":\"https:\\\/\\\/www.everpharma.com\\\/de\\\/#organization\",\"name\":\"EVER Pharma\",\"url\":\"https:\\\/\\\/www.everpharma.com\\\/de\\\/\",\"logo\":{\"@type\":\"ImageObject\",\"inLanguage\":\"de\",\"@id\":\"https:\\\/\\\/www.everpharma.com\\\/de\\\/#\\\/schema\\\/logo\\\/image\\\/\",\"url\":\"https:\\\/\\\/www.everpharma.com\\\/wp-content\\\/uploads\\\/2022\\\/07\\\/ever-pharma-logo.png\",\"contentUrl\":\"https:\\\/\\\/www.everpharma.com\\\/wp-content\\\/uploads\\\/2022\\\/07\\\/ever-pharma-logo.png\",\"width\":240,\"height\":67,\"caption\":\"EVER Pharma\"},\"image\":{\"@id\":\"https:\\\/\\\/www.everpharma.com\\\/de\\\/#\\\/schema\\\/logo\\\/image\\\/\"},\"legalName\":\"EVER Neuro Pharma GmbH\",\"foundingDate\":\"1934-01-01\",\"description\":\"EVER Pharma is a fully integrated specialty pharmaceuticals company specializing in the research, development, and production of sterile injectables and specialty generics for neurology, oncology, intensive care, and hormone therapeutics worldwide.\",\"address\":{\"@type\":\"PostalAddress\",\"streetAddress\":\"Oberburgau 3\",\"addressLocality\":\"Unterach am Attersee\",\"addressRegion\":\"Ober\u00f6sterreich\",\"postalCode\":\"4866\",\"addressCountry\":\"AT\"},\"contactPoint\":{\"@type\":\"ContactPoint\",\"contactType\":\"customer service\",\"telephone\":\"+43 7665 20555 0\",\"email\":\"office@everpharma.com\"},\"sameAs\":[\"https:\\\/\\\/www.linkedin.com\\\/company\\\/ever-pharma\\\/\",\"https:\\\/\\\/www.wikidata.org\\\/wiki\\\/Q30268961\"]}]}<\/script>\n<!-- \/ Yoast SEO plugin. -->","yoast_head_json":{"title":"Disclaimer - EVER Pharma","robots":{"index":"index","follow":"follow","max-snippet":"max-snippet:-1","max-image-preview":"max-image-preview:large","max-video-preview":"max-video-preview:-1"},"canonical":"https:\/\/www.everpharma.com\/de\/disclaimer\/","og_locale":"de_DE","og_type":"article","og_title":"Disclaimer - EVER Pharma","og_description":"Disclaimer. EVER&nbsp;Neuro Pharma ist bem\u00fcht, richtige und vollst\u00e4ndige Informationen auf dieser Website bereitzustellen, \u00fcbernimmt aber keinerlei Verantwortung, Garantien oder Haftung daf\u00fcr, dass die durch diese Website bereitgestellten Informationen, einschlie\u00dflich jeglicher Datenbankeintr\u00e4ge, richtig, vollst\u00e4ndig oder aktuell sind. EVER&nbsp;Neuro Pharma beh\u00e4lt sich das Recht vor, jederzeit und ohne Vorank\u00fcndigung, die Informationen auf dieser Website zu \u00e4ndern und &hellip; Weiterlesen","og_url":"https:\/\/www.everpharma.com\/de\/disclaimer\/","og_site_name":"EVER Pharma","article_modified_time":"2022-08-27T07:49:18+00:00","og_image":[{"width":240,"height":67,"url":"https:\/\/www.everpharma.com\/wp-content\/uploads\/2022\/07\/ever-pharma-logo.png","type":"image\/png"}],"twitter_card":"summary_large_image","twitter_misc":{"Gesch\u00e4tzte Lesezeit":"1\u00a0Minute"},"schema":{"@context":"https:\/\/schema.org","@graph":[{"@type":"WebPage","@id":"https:\/\/www.everpharma.com\/de\/disclaimer\/","url":"https:\/\/www.everpharma.com\/de\/disclaimer\/","name":"Disclaimer - EVER Pharma","isPartOf":{"@id":"https:\/\/www.everpharma.com\/de\/#website"},"datePublished":"2021-04-29T09:37:15+00:00","dateModified":"2022-08-27T07:49:18+00:00","breadcrumb":{"@id":"https:\/\/www.everpharma.com\/de\/disclaimer\/#breadcrumb"},"inLanguage":"de","potentialAction":[{"@type":"ReadAction","target":["https:\/\/www.everpharma.com\/de\/disclaimer\/"]}]},{"@type":"BreadcrumbList","@id":"https:\/\/www.everpharma.com\/de\/disclaimer\/#breadcrumb","itemListElement":[{"@type":"ListItem","position":1,"name":"Startseite","item":"https:\/\/www.everpharma.com\/de\/"},{"@type":"ListItem","position":2,"name":"Disclaimer"}]},{"@type":"WebSite","@id":"https:\/\/www.everpharma.com\/de\/#website","url":"https:\/\/www.everpharma.com\/de\/","name":"EVER Pharma","description":"Dedicated to health.","publisher":{"@id":"https:\/\/www.everpharma.com\/de\/#organization"},"potentialAction":[{"@type":"SearchAction","target":{"@type":"EntryPoint","urlTemplate":"https:\/\/www.everpharma.com\/de\/?s={search_term_string}"},"query-input":{"@type":"PropertyValueSpecification","valueRequired":true,"valueName":"search_term_string"}}],"inLanguage":"de"},{"@type":["Organization","MedicalOrganization"],"@id":"https:\/\/www.everpharma.com\/de\/#organization","name":"EVER Pharma","url":"https:\/\/www.everpharma.com\/de\/","logo":{"@type":"ImageObject","inLanguage":"de","@id":"https:\/\/www.everpharma.com\/de\/#\/schema\/logo\/image\/","url":"https:\/\/www.everpharma.com\/wp-content\/uploads\/2022\/07\/ever-pharma-logo.png","contentUrl":"https:\/\/www.everpharma.com\/wp-content\/uploads\/2022\/07\/ever-pharma-logo.png","width":240,"height":67,"caption":"EVER Pharma"},"image":{"@id":"https:\/\/www.everpharma.com\/de\/#\/schema\/logo\/image\/"},"legalName":"EVER Neuro Pharma GmbH","foundingDate":"1934-01-01","description":"EVER Pharma is a fully integrated specialty pharmaceuticals company specializing in the research, development, and production of sterile injectables and specialty generics for neurology, oncology, intensive care, and hormone therapeutics worldwide.","address":{"@type":"PostalAddress","streetAddress":"Oberburgau 3","addressLocality":"Unterach am Attersee","addressRegion":"Ober\u00f6sterreich","postalCode":"4866","addressCountry":"AT"},"contactPoint":{"@type":"ContactPoint","contactType":"customer service","telephone":"+43 7665 20555 0","email":"office@everpharma.com"},"sameAs":["https:\/\/www.linkedin.com\/company\/ever-pharma\/","https:\/\/www.wikidata.org\/wiki\/Q30268961"]}]}},"acf":[],"_links":{"self":[{"href":"https:\/\/www.everpharma.com\/de\/wp-json\/wp\/v2\/pages\/1677","targetHints":{"allow":["GET"]}}],"collection":[{"href":"https:\/\/www.everpharma.com\/de\/wp-json\/wp\/v2\/pages"}],"about":[{"href":"https:\/\/www.everpharma.com\/de\/wp-json\/wp\/v2\/types\/page"}],"author":[{"embeddable":true,"href":"https:\/\/www.everpharma.com\/de\/wp-json\/wp\/v2\/users\/1"}],"replies":[{"embeddable":true,"href":"https:\/\/www.everpharma.com\/de\/wp-json\/wp\/v2\/comments?post=1677"}],"version-history":[{"count":5,"href":"https:\/\/www.everpharma.com\/de\/wp-json\/wp\/v2\/pages\/1677\/revisions"}],"predecessor-version":[{"id":3609,"href":"https:\/\/www.everpharma.com\/de\/wp-json\/wp\/v2\/pages\/1677\/revisions\/3609"}],"wp:attachment":[{"href":"https:\/\/www.everpharma.com\/de\/wp-json\/wp\/v2\/media?parent=1677"}],"curies":[{"name":"wp","href":"https:\/\/api.w.org\/{rel}","templated":true}]}}