{"id":900,"date":"2022-08-02T10:51:45","date_gmt":"2022-08-02T10:51:45","guid":{"rendered":"https:\/\/www.everpharma.com\/aut\/?post_type=product&#038;p=900"},"modified":"2023-01-20T03:19:47","modified_gmt":"2023-01-20T03:19:47","slug":"taurosept","status":"publish","type":"product","link":"https:\/\/www.everpharma.com\/aut\/products\/taurosept\/","title":{"rendered":"Taurosept\u00ae"},"content":{"rendered":"\n<div class=\"wp-block-group meta\"><div class=\"wp-block-group__inner-container is-layout-flow wp-block-group-is-layout-flow\">\n<div class=\"wp-block-columns is-layout-flex wp-container-core-columns-is-layout-9d6595d7 wp-block-columns-is-layout-flex\">\n<div class=\"wp-block-column is-layout-flow wp-block-column-is-layout-flow\">\n<figure class=\"wp-block-table\"><table><tbody><tr><td><strong>Indikation<\/strong><\/td><td>TauroSept\u00ae ist f\u00fcr die Instillation in intravaskul\u00e4re Katheter zwischen den Behandlungen bestimmt, um Bakterien- und Pilzwachstum zu verhindern, das zu einer mikrobiellen Infektion im Katheterlumen f\u00fchrt, und um die Durchg\u00e4ngigkeit des Ger\u00e4ts aufrechtzuerhalten und eine Staphylokoagulase-induzierte Blutgerinnung zu vermeiden. TauroSept\u00ae kann auch als adjuvante Behandlung bei infizierten Kathetern verwendet werden.<\/td><\/tr><tr><td><strong>Lizenzinhaber<\/strong><\/td><td>Geistlich Pharma AG, Schweiz<\/td><\/tr><\/tbody><\/table><\/figure>\n<\/div>\n<\/div>\n<\/div><\/div>\n\n\n\n<div style=\"height:50px\" aria-hidden=\"true\" class=\"wp-block-spacer\"><\/div>\n\n\n\n<div class=\"wp-block-buttons is-layout-flex wp-block-buttons-is-layout-flex\">\n<div class=\"wp-block-button\"><a class=\"wp-block-button__link\" href=\"https:\/\/www.everpharma.com\/aut\/wp-content\/uploads\/sites\/5\/2023\/01\/IFU_Taurosept.pdf\" target=\"_blank\" rel=\"noreferrer noopener\">Fachinformation <\/a><\/div>\n<\/div>\n\n\n\n<div style=\"height:80px\" aria-hidden=\"true\" class=\"wp-block-spacer\"><\/div>\n\n\n\n<p class=\"has-base-font-size\"><em>Taurosept\u00ae<\/em> i<em>st ein verschreibungspflichtiges Medikament. Informationen nur f\u00fcr medizinisches Fachpersonal.<\/em><br><em>Vollst\u00e4ndige Informationen \u00fcber das Medikament finden Sie in der Fachinformation.<\/em><\/p>\n\n\n\n<div style=\"height:100px\" aria-hidden=\"true\" class=\"wp-block-spacer\"><\/div>\n","protected":false},"excerpt":{"rendered":"<p>Indikation TauroSept\u00ae ist f\u00fcr die Instillation in intravaskul\u00e4re Katheter zwischen den Behandlungen bestimmt, um Bakterien- und Pilzwachstum zu verhindern, das zu einer mikrobiellen Infektion im Katheterlumen f\u00fchrt, und um die Durchg\u00e4ngigkeit des Ger\u00e4ts aufrechtzuerhalten und eine Staphylokoagulase-induzierte Blutgerinnung zu vermeiden. TauroSept\u00ae kann auch als adjuvante Behandlung bei infizierten Kathetern verwendet werden. Lizenzinhaber Geistlich Pharma AG, &hellip; <a href=\"https:\/\/www.everpharma.com\/aut\/products\/taurosept\/\">Continued<\/a><\/p>\n","protected":false},"featured_media":0,"template":"","class_list":["post-900","product","type-product","status-publish","hentry"],"yoast_head":"<!-- This site is optimized with the Yoast SEO plugin v27.0 - https:\/\/yoast.com\/product\/yoast-seo-wordpress\/ -->\n<title>Taurosept\u00ae - EVER Pharma Austria<\/title>\n<meta name=\"robots\" content=\"index, follow, max-snippet:-1, max-image-preview:large, max-video-preview:-1\" \/>\n<link rel=\"canonical\" href=\"https:\/\/www.everpharma.com\/aut\/products\/taurosept\/\" \/>\n<meta property=\"og:locale\" content=\"de_DE\" \/>\n<meta property=\"og:type\" content=\"article\" \/>\n<meta property=\"og:title\" content=\"Taurosept\u00ae - EVER Pharma Austria\" \/>\n<meta property=\"og:description\" content=\"Indikation TauroSept\u00ae ist f\u00fcr die Instillation in intravaskul\u00e4re Katheter zwischen den Behandlungen bestimmt, um Bakterien- und Pilzwachstum zu verhindern, das zu einer mikrobiellen Infektion im Katheterlumen f\u00fchrt, und um die Durchg\u00e4ngigkeit des Ger\u00e4ts aufrechtzuerhalten und eine Staphylokoagulase-induzierte Blutgerinnung zu vermeiden. TauroSept\u00ae kann auch als adjuvante Behandlung bei infizierten Kathetern verwendet werden. Lizenzinhaber Geistlich Pharma AG, &hellip; Continued\" \/>\n<meta property=\"og:url\" content=\"https:\/\/www.everpharma.com\/aut\/products\/taurosept\/\" \/>\n<meta property=\"og:site_name\" content=\"EVER Pharma Austria\" \/>\n<meta property=\"article:modified_time\" content=\"2023-01-20T03:19:47+00:00\" \/>\n<meta name=\"twitter:card\" content=\"summary_large_image\" \/>\n<script type=\"application\/ld+json\" class=\"yoast-schema-graph\">{\"@context\":\"https:\/\/schema.org\",\"@graph\":[{\"@type\":\"WebPage\",\"@id\":\"https:\/\/www.everpharma.com\/aut\/products\/taurosept\/\",\"url\":\"https:\/\/www.everpharma.com\/aut\/products\/taurosept\/\",\"name\":\"Taurosept\u00ae - EVER Pharma Austria\",\"isPartOf\":{\"@id\":\"https:\/\/www.everpharma.com\/aut\/#website\"},\"datePublished\":\"2022-08-02T10:51:45+00:00\",\"dateModified\":\"2023-01-20T03:19:47+00:00\",\"breadcrumb\":{\"@id\":\"https:\/\/www.everpharma.com\/aut\/products\/taurosept\/#breadcrumb\"},\"inLanguage\":\"de\",\"potentialAction\":[{\"@type\":\"ReadAction\",\"target\":[\"https:\/\/www.everpharma.com\/aut\/products\/taurosept\/\"]}]},{\"@type\":\"BreadcrumbList\",\"@id\":\"https:\/\/www.everpharma.com\/aut\/products\/taurosept\/#breadcrumb\",\"itemListElement\":[{\"@type\":\"ListItem\",\"position\":1,\"name\":\"Startseite\",\"item\":\"https:\/\/www.everpharma.com\/aut\/\"},{\"@type\":\"ListItem\",\"position\":2,\"name\":\"Products\",\"item\":\"https:\/\/www.everpharma.com\/aut\/products\/\"},{\"@type\":\"ListItem\",\"position\":3,\"name\":\"Taurosept\u00ae\"}]},{\"@type\":\"WebSite\",\"@id\":\"https:\/\/www.everpharma.com\/aut\/#website\",\"url\":\"https:\/\/www.everpharma.com\/aut\/\",\"name\":\"EVER Pharma Austria\",\"description\":\"Dedicated to Health.\",\"potentialAction\":[{\"@type\":\"SearchAction\",\"target\":{\"@type\":\"EntryPoint\",\"urlTemplate\":\"https:\/\/www.everpharma.com\/aut\/?s={search_term_string}\"},\"query-input\":{\"@type\":\"PropertyValueSpecification\",\"valueRequired\":true,\"valueName\":\"search_term_string\"}}],\"inLanguage\":\"de\"}]}<\/script>\n<!-- \/ Yoast SEO plugin. -->","yoast_head_json":{"title":"Taurosept\u00ae - EVER Pharma Austria","robots":{"index":"index","follow":"follow","max-snippet":"max-snippet:-1","max-image-preview":"max-image-preview:large","max-video-preview":"max-video-preview:-1"},"canonical":"https:\/\/www.everpharma.com\/aut\/products\/taurosept\/","og_locale":"de_DE","og_type":"article","og_title":"Taurosept\u00ae - EVER Pharma Austria","og_description":"Indikation TauroSept\u00ae ist f\u00fcr die Instillation in intravaskul\u00e4re Katheter zwischen den Behandlungen bestimmt, um Bakterien- und Pilzwachstum zu verhindern, das zu einer mikrobiellen Infektion im Katheterlumen f\u00fchrt, und um die Durchg\u00e4ngigkeit des Ger\u00e4ts aufrechtzuerhalten und eine Staphylokoagulase-induzierte Blutgerinnung zu vermeiden. TauroSept\u00ae kann auch als adjuvante Behandlung bei infizierten Kathetern verwendet werden. Lizenzinhaber Geistlich Pharma AG, &hellip; Continued","og_url":"https:\/\/www.everpharma.com\/aut\/products\/taurosept\/","og_site_name":"EVER Pharma Austria","article_modified_time":"2023-01-20T03:19:47+00:00","twitter_card":"summary_large_image","schema":{"@context":"https:\/\/schema.org","@graph":[{"@type":"WebPage","@id":"https:\/\/www.everpharma.com\/aut\/products\/taurosept\/","url":"https:\/\/www.everpharma.com\/aut\/products\/taurosept\/","name":"Taurosept\u00ae - EVER Pharma Austria","isPartOf":{"@id":"https:\/\/www.everpharma.com\/aut\/#website"},"datePublished":"2022-08-02T10:51:45+00:00","dateModified":"2023-01-20T03:19:47+00:00","breadcrumb":{"@id":"https:\/\/www.everpharma.com\/aut\/products\/taurosept\/#breadcrumb"},"inLanguage":"de","potentialAction":[{"@type":"ReadAction","target":["https:\/\/www.everpharma.com\/aut\/products\/taurosept\/"]}]},{"@type":"BreadcrumbList","@id":"https:\/\/www.everpharma.com\/aut\/products\/taurosept\/#breadcrumb","itemListElement":[{"@type":"ListItem","position":1,"name":"Startseite","item":"https:\/\/www.everpharma.com\/aut\/"},{"@type":"ListItem","position":2,"name":"Products","item":"https:\/\/www.everpharma.com\/aut\/products\/"},{"@type":"ListItem","position":3,"name":"Taurosept\u00ae"}]},{"@type":"WebSite","@id":"https:\/\/www.everpharma.com\/aut\/#website","url":"https:\/\/www.everpharma.com\/aut\/","name":"EVER Pharma Austria","description":"Dedicated to Health.","potentialAction":[{"@type":"SearchAction","target":{"@type":"EntryPoint","urlTemplate":"https:\/\/www.everpharma.com\/aut\/?s={search_term_string}"},"query-input":{"@type":"PropertyValueSpecification","valueRequired":true,"valueName":"search_term_string"}}],"inLanguage":"de"}]}},"acf":[],"_links":{"self":[{"href":"https:\/\/www.everpharma.com\/aut\/wp-json\/wp\/v2\/product\/900","targetHints":{"allow":["GET"]}}],"collection":[{"href":"https:\/\/www.everpharma.com\/aut\/wp-json\/wp\/v2\/product"}],"about":[{"href":"https:\/\/www.everpharma.com\/aut\/wp-json\/wp\/v2\/types\/product"}],"wp:attachment":[{"href":"https:\/\/www.everpharma.com\/aut\/wp-json\/wp\/v2\/media?parent=900"}],"curies":[{"name":"wp","href":"https:\/\/api.w.org\/{rel}","templated":true}]}}