{"id":887,"date":"2022-08-02T10:37:11","date_gmt":"2022-08-02T10:37:11","guid":{"rendered":"https:\/\/www.everpharma.com\/aut\/?post_type=product&#038;p=887"},"modified":"2023-09-05T01:44:45","modified_gmt":"2023-09-05T01:44:45","slug":"bortezomib-ever-pharma","status":"publish","type":"product","link":"https:\/\/www.everpharma.com\/aut\/products\/bortezomib-ever-pharma\/","title":{"rendered":"Bortezomib EVER Pharma"},"content":{"rendered":"\n<div class=\"wp-block-group meta\"><div class=\"wp-block-group__inner-container is-layout-flow wp-block-group-is-layout-flow\">\n<div class=\"wp-block-columns is-layout-flex wp-container-core-columns-is-layout-9d6595d7 wp-block-columns-is-layout-flex\">\n<div class=\"wp-block-column is-layout-flow wp-block-column-is-layout-flow\">\n<figure class=\"wp-block-table\"><table><tbody><tr><td><strong>Darreichungsform<\/strong><\/td><td>Injektionsl\u00f6sung<\/td><\/tr><tr><td><strong>Wirkst\u00e4rke<\/strong><\/td><td>2,5 mg\/ml<\/td><\/tr><tr><td><strong>ATC Code <\/strong><\/td><td>L01XG01<\/td><\/tr><tr><td><strong>Wirkstoffklasse<\/strong><\/td><td>Antineoplastische Mittel, andere antineoplastische Mittel<\/td><\/tr><tr><td><strong>Indikation<\/strong><\/td><td>Bortezomib EVER Pharma als Monotherapie oder in Kombination mit pegyliertem, liposomalem Doxorubicin oder Dexamethason ist indiziert f\u00fcr die Behandlung erwachsener Patienten mit progressivem, multiplen Myelom, die mindestens 1 vorangehende Therapie durchlaufen haben und die sich bereits einer h\u00e4matopoetischen Stammzelltransplantation unterzogen haben oder f\u00fcr diese nicht geeignet sind.<br>Bortezomib EVER Pharma ist in Kombination mit Melphalan und Prednison f\u00fcr die Behandlung erwachsener Patienten mit bisher unbehandeltem multiplen Myelom indiziert, die f\u00fcr eine HochdosisChemotherapie mit h\u00e4matopoetischer Stammzelltransplantation nicht geeignet sind.<br>Bortezomib EVER Pharma ist in Kombination mit Dexamethason oder mit Dexamethason und Thalidomid f\u00fcr die Induktionsbehandlung erwachsener Patienten mit bisher unbehandeltem multiplen Myelom indiziert, die f\u00fcr eine Hochdosis-Chemotherapie mit h\u00e4matopoetischer Stammzelltransplantation geeignet sind.<br>Bortezomib EVER Pharma ist in Kombination mit Rituximab, Cyclophosphamid, Doxorubicin und Prednison f\u00fcr die Behandlung erwachsener Patienten mit bisher unbehandeltem Mantelzell-Lymphom indiziert, die f\u00fcr eine h\u00e4matopoetische Stammzelltransplantation nicht geeignet sind.<\/td><\/tr><tr><td><strong>Lizenzinhaber<\/strong><\/td><td>EVER Valinject GmbH<\/td><\/tr><\/tbody><\/table><\/figure>\n<\/div>\n<\/div>\n<\/div><\/div>\n\n\n\n<div style=\"height:50px\" aria-hidden=\"true\" class=\"wp-block-spacer\"><\/div>\n\n\n\n<div class=\"wp-block-buttons is-layout-flex wp-block-buttons-is-layout-flex\">\n<div class=\"wp-block-button\"><a class=\"wp-block-button__link\" href=\"https:\/\/www.everpharma.com\/aut\/wp-content\/uploads\/sites\/5\/2023\/01\/Bortezomib-EVER-Pharma-25-mg_ml-Injektionslosung.pdf\" target=\"_blank\" rel=\"noreferrer noopener\">Fachinformation<\/a><\/div>\n<\/div>\n\n\n\n<div style=\"height:80px\" aria-hidden=\"true\" class=\"wp-block-spacer\"><\/div>\n\n\n\n<p class=\"has-base-font-size\"><em>Bortezomib EVER Pharma ist ein verschreibungspflichtiges Medikament. Informationen nur f\u00fcr medizinisches Fachpersonal.<\/em><br><em>Vollst\u00e4ndige Informationen \u00fcber das Medikament finden Sie in der Fachinformation.<\/em><\/p>\n\n\n\n<div style=\"height:100px\" aria-hidden=\"true\" class=\"wp-block-spacer\"><\/div>\n\n\n\n<p class=\"has-base-font-size\" style=\"font-style:italic;font-weight:100\"><em>Bortezomib EVER Pharma ist in Deutschland nicht erh\u00e4ltlich..<\/em><\/p>\n\n\n\n<div style=\"height:100px\" aria-hidden=\"true\" class=\"wp-block-spacer\"><\/div>\n","protected":false},"excerpt":{"rendered":"<p>Darreichungsform Injektionsl\u00f6sung Wirkst\u00e4rke 2,5 mg\/ml ATC Code L01XG01 Wirkstoffklasse Antineoplastische Mittel, andere antineoplastische Mittel Indikation Bortezomib EVER Pharma als Monotherapie oder in Kombination mit pegyliertem, liposomalem Doxorubicin oder Dexamethason ist indiziert f\u00fcr die Behandlung erwachsener Patienten mit progressivem, multiplen Myelom, die mindestens 1 vorangehende Therapie durchlaufen haben und die sich bereits einer h\u00e4matopoetischen Stammzelltransplantation unterzogen &hellip; <a href=\"https:\/\/www.everpharma.com\/aut\/products\/bortezomib-ever-pharma\/\">Continued<\/a><\/p>\n","protected":false},"featured_media":0,"template":"","class_list":["post-887","product","type-product","status-publish","hentry"],"yoast_head":"<!-- This site is optimized with the Yoast SEO plugin v27.0 - https:\/\/yoast.com\/product\/yoast-seo-wordpress\/ -->\n<title>Bortezomib EVER Pharma - EVER Pharma Austria<\/title>\n<meta name=\"robots\" content=\"index, follow, max-snippet:-1, max-image-preview:large, max-video-preview:-1\" \/>\n<link rel=\"canonical\" href=\"https:\/\/www.everpharma.com\/aut\/products\/bortezomib-ever-pharma\/\" \/>\n<meta property=\"og:locale\" content=\"de_DE\" \/>\n<meta property=\"og:type\" content=\"article\" \/>\n<meta property=\"og:title\" content=\"Bortezomib EVER Pharma - EVER Pharma Austria\" \/>\n<meta property=\"og:description\" content=\"Darreichungsform Injektionsl\u00f6sung Wirkst\u00e4rke 2,5 mg\/ml ATC Code L01XG01 Wirkstoffklasse Antineoplastische Mittel, andere antineoplastische Mittel Indikation Bortezomib EVER Pharma als Monotherapie oder in Kombination mit pegyliertem, liposomalem Doxorubicin oder Dexamethason ist indiziert f\u00fcr die Behandlung erwachsener Patienten mit progressivem, multiplen Myelom, die mindestens 1 vorangehende Therapie durchlaufen haben und die sich bereits einer h\u00e4matopoetischen Stammzelltransplantation unterzogen &hellip; Continued\" \/>\n<meta property=\"og:url\" content=\"https:\/\/www.everpharma.com\/aut\/products\/bortezomib-ever-pharma\/\" \/>\n<meta property=\"og:site_name\" content=\"EVER Pharma Austria\" \/>\n<meta property=\"article:modified_time\" content=\"2023-09-05T01:44:45+00:00\" \/>\n<meta name=\"twitter:card\" content=\"summary_large_image\" \/>\n<meta name=\"twitter:label1\" content=\"Gesch\u00e4tzte Lesezeit\" \/>\n\t<meta name=\"twitter:data1\" content=\"1\u00a0Minute\" \/>\n<script type=\"application\/ld+json\" class=\"yoast-schema-graph\">{\"@context\":\"https:\/\/schema.org\",\"@graph\":[{\"@type\":\"WebPage\",\"@id\":\"https:\/\/www.everpharma.com\/aut\/products\/bortezomib-ever-pharma\/\",\"url\":\"https:\/\/www.everpharma.com\/aut\/products\/bortezomib-ever-pharma\/\",\"name\":\"Bortezomib EVER Pharma - EVER Pharma Austria\",\"isPartOf\":{\"@id\":\"https:\/\/www.everpharma.com\/aut\/#website\"},\"datePublished\":\"2022-08-02T10:37:11+00:00\",\"dateModified\":\"2023-09-05T01:44:45+00:00\",\"breadcrumb\":{\"@id\":\"https:\/\/www.everpharma.com\/aut\/products\/bortezomib-ever-pharma\/#breadcrumb\"},\"inLanguage\":\"de\",\"potentialAction\":[{\"@type\":\"ReadAction\",\"target\":[\"https:\/\/www.everpharma.com\/aut\/products\/bortezomib-ever-pharma\/\"]}]},{\"@type\":\"BreadcrumbList\",\"@id\":\"https:\/\/www.everpharma.com\/aut\/products\/bortezomib-ever-pharma\/#breadcrumb\",\"itemListElement\":[{\"@type\":\"ListItem\",\"position\":1,\"name\":\"Startseite\",\"item\":\"https:\/\/www.everpharma.com\/aut\/\"},{\"@type\":\"ListItem\",\"position\":2,\"name\":\"Products\",\"item\":\"https:\/\/www.everpharma.com\/aut\/products\/\"},{\"@type\":\"ListItem\",\"position\":3,\"name\":\"Bortezomib EVER Pharma\"}]},{\"@type\":\"WebSite\",\"@id\":\"https:\/\/www.everpharma.com\/aut\/#website\",\"url\":\"https:\/\/www.everpharma.com\/aut\/\",\"name\":\"EVER Pharma Austria\",\"description\":\"Dedicated to Health.\",\"potentialAction\":[{\"@type\":\"SearchAction\",\"target\":{\"@type\":\"EntryPoint\",\"urlTemplate\":\"https:\/\/www.everpharma.com\/aut\/?s={search_term_string}\"},\"query-input\":{\"@type\":\"PropertyValueSpecification\",\"valueRequired\":true,\"valueName\":\"search_term_string\"}}],\"inLanguage\":\"de\"}]}<\/script>\n<!-- \/ Yoast SEO plugin. -->","yoast_head_json":{"title":"Bortezomib EVER Pharma - EVER Pharma Austria","robots":{"index":"index","follow":"follow","max-snippet":"max-snippet:-1","max-image-preview":"max-image-preview:large","max-video-preview":"max-video-preview:-1"},"canonical":"https:\/\/www.everpharma.com\/aut\/products\/bortezomib-ever-pharma\/","og_locale":"de_DE","og_type":"article","og_title":"Bortezomib EVER Pharma - EVER Pharma Austria","og_description":"Darreichungsform Injektionsl\u00f6sung Wirkst\u00e4rke 2,5 mg\/ml ATC Code L01XG01 Wirkstoffklasse Antineoplastische Mittel, andere antineoplastische Mittel Indikation Bortezomib EVER Pharma als Monotherapie oder in Kombination mit pegyliertem, liposomalem Doxorubicin oder Dexamethason ist indiziert f\u00fcr die Behandlung erwachsener Patienten mit progressivem, multiplen Myelom, die mindestens 1 vorangehende Therapie durchlaufen haben und die sich bereits einer h\u00e4matopoetischen Stammzelltransplantation unterzogen &hellip; Continued","og_url":"https:\/\/www.everpharma.com\/aut\/products\/bortezomib-ever-pharma\/","og_site_name":"EVER Pharma Austria","article_modified_time":"2023-09-05T01:44:45+00:00","twitter_card":"summary_large_image","twitter_misc":{"Gesch\u00e4tzte Lesezeit":"1\u00a0Minute"},"schema":{"@context":"https:\/\/schema.org","@graph":[{"@type":"WebPage","@id":"https:\/\/www.everpharma.com\/aut\/products\/bortezomib-ever-pharma\/","url":"https:\/\/www.everpharma.com\/aut\/products\/bortezomib-ever-pharma\/","name":"Bortezomib EVER Pharma - EVER Pharma Austria","isPartOf":{"@id":"https:\/\/www.everpharma.com\/aut\/#website"},"datePublished":"2022-08-02T10:37:11+00:00","dateModified":"2023-09-05T01:44:45+00:00","breadcrumb":{"@id":"https:\/\/www.everpharma.com\/aut\/products\/bortezomib-ever-pharma\/#breadcrumb"},"inLanguage":"de","potentialAction":[{"@type":"ReadAction","target":["https:\/\/www.everpharma.com\/aut\/products\/bortezomib-ever-pharma\/"]}]},{"@type":"BreadcrumbList","@id":"https:\/\/www.everpharma.com\/aut\/products\/bortezomib-ever-pharma\/#breadcrumb","itemListElement":[{"@type":"ListItem","position":1,"name":"Startseite","item":"https:\/\/www.everpharma.com\/aut\/"},{"@type":"ListItem","position":2,"name":"Products","item":"https:\/\/www.everpharma.com\/aut\/products\/"},{"@type":"ListItem","position":3,"name":"Bortezomib EVER Pharma"}]},{"@type":"WebSite","@id":"https:\/\/www.everpharma.com\/aut\/#website","url":"https:\/\/www.everpharma.com\/aut\/","name":"EVER Pharma Austria","description":"Dedicated to Health.","potentialAction":[{"@type":"SearchAction","target":{"@type":"EntryPoint","urlTemplate":"https:\/\/www.everpharma.com\/aut\/?s={search_term_string}"},"query-input":{"@type":"PropertyValueSpecification","valueRequired":true,"valueName":"search_term_string"}}],"inLanguage":"de"}]}},"acf":[],"_links":{"self":[{"href":"https:\/\/www.everpharma.com\/aut\/wp-json\/wp\/v2\/product\/887","targetHints":{"allow":["GET"]}}],"collection":[{"href":"https:\/\/www.everpharma.com\/aut\/wp-json\/wp\/v2\/product"}],"about":[{"href":"https:\/\/www.everpharma.com\/aut\/wp-json\/wp\/v2\/types\/product"}],"wp:attachment":[{"href":"https:\/\/www.everpharma.com\/aut\/wp-json\/wp\/v2\/media?parent=887"}],"curies":[{"name":"wp","href":"https:\/\/api.w.org\/{rel}","templated":true}]}}