{"id":241,"date":"2021-03-30T14:02:18","date_gmt":"2021-03-30T14:02:18","guid":{"rendered":"https:\/\/www.everpharma.com\/austria\/?p=241"},"modified":"2023-01-20T02:45:03","modified_gmt":"2023-01-20T02:45:03","slug":"atosiban-ever-pharma","status":"publish","type":"product","link":"https:\/\/www.everpharma.com\/aut\/products\/atosiban-ever-pharma\/","title":{"rendered":"Atosiban EVER Pharma"},"content":{"rendered":"\n<div class=\"wp-block-group meta\"><div class=\"wp-block-group__inner-container is-layout-flow wp-block-group-is-layout-flow\">\n<div class=\"wp-block-columns is-layout-flex wp-container-core-columns-is-layout-9d6595d7 wp-block-columns-is-layout-flex\">\n<div class=\"wp-block-column is-layout-flow wp-block-column-is-layout-flow\">\n<figure class=\"wp-block-table\"><table><tbody><tr><td><strong>Darreichungsform<\/strong><\/td><td>Injektionsl\u00f6sung<\/td><\/tr><tr><td><strong>Wirkst\u00e4rke<\/strong><\/td><td>6,75 mg\/0,9 ml<\/td><\/tr><tr><td><strong>ATC Code <\/strong><\/td><td>G02CX01<\/td><\/tr><tr><td><strong>Wirkstoffklasse<\/strong><\/td><td>Andere Gyn\u00e4kologika<\/td><\/tr><tr><td><strong>Indikation<\/strong><\/td><td>Atosiban Ever Pharma wird angewendet zur Hinausz\u00f6gerung einer drohenden Fr\u00fchgeburt bei erwachsenen Schwangeren, wenn folgende Kriterien erf\u00fcllt sind:<br>&#8211; Regelm\u00e4\u00dfige Uteruskontraktionen mit einer Dauer von mindestens 30 Sekunden und einer H\u00e4ufigkeit von \u2265 4 pro 30 Minuten.<br>&#8211; \u00d6ffnung des Muttermundes auf eine Weite von 1 bis 3 cm (0 \u2013 3 bei Nullipara) und Cervixverstreichung \u2265 50 %.<br>&#8211; Schwangerschaft in der 24. bis 33. abgeschlossenen Schwangerschaftswoche.<br>&#8211; Normale Herzfrequenz des Fetus.<\/td><\/tr><tr><td><strong>Lizenzinhaber<\/strong><\/td><td>EVER Valinject GmbH<\/td><\/tr><\/tbody><\/table><\/figure>\n<\/div>\n<\/div>\n<\/div><\/div>\n\n\n\n<div style=\"height:50px\" aria-hidden=\"true\" class=\"wp-block-spacer\"><\/div>\n\n\n\n<div class=\"wp-block-buttons is-layout-flex wp-block-buttons-is-layout-flex\">\n<div class=\"wp-block-button\"><a class=\"wp-block-button__link\" href=\"https:\/\/www.everpharma.com\/aut\/wp-content\/uploads\/sites\/5\/2023\/01\/FI_AT_H_0623_001_R_001_Atosiban-6-1.pdf\" target=\"_blank\" rel=\"noreferrer noopener\">Fachinformation<\/a><\/div>\n<\/div>\n\n\n\n<div style=\"height:80px\" aria-hidden=\"true\" class=\"wp-block-spacer\"><\/div>\n\n\n\n<p class=\"has-base-font-size\"><em>Atosiban EVER Pharma ist ein verschreibungspflichtiges Medikament. Informationen nur f\u00fcr medizinisches Fachpersonal.<\/em><br><em>Vollst\u00e4ndige Informationen \u00fcber das Medikament finden Sie in der Fachinformation.<\/em><\/p>\n\n\n\n<div style=\"height:100px\" aria-hidden=\"true\" class=\"wp-block-spacer\"><\/div>\n","protected":false},"excerpt":{"rendered":"<p>Darreichungsform Injektionsl\u00f6sung Wirkst\u00e4rke 6,75 mg\/0,9 ml ATC Code G02CX01 Wirkstoffklasse Andere Gyn\u00e4kologika Indikation Atosiban Ever Pharma wird angewendet zur Hinausz\u00f6gerung einer drohenden Fr\u00fchgeburt bei erwachsenen Schwangeren, wenn folgende Kriterien erf\u00fcllt sind:&#8211; Regelm\u00e4\u00dfige Uteruskontraktionen mit einer Dauer von mindestens 30 Sekunden und einer H\u00e4ufigkeit von \u2265 4 pro 30 Minuten.&#8211; \u00d6ffnung des Muttermundes auf eine Weite &hellip; <a href=\"https:\/\/www.everpharma.com\/aut\/products\/atosiban-ever-pharma\/\">Continued<\/a><\/p>\n","protected":false},"featured_media":0,"template":"","class_list":["post-241","product","type-product","status-publish","hentry"],"yoast_head":"<!-- This site is optimized with the Yoast SEO plugin v27.4 - https:\/\/yoast.com\/product\/yoast-seo-wordpress\/ -->\n<title>Atosiban EVER Pharma - EVER Pharma Austria<\/title>\n<meta name=\"robots\" content=\"index, follow, max-snippet:-1, max-image-preview:large, max-video-preview:-1\" \/>\n<link rel=\"canonical\" href=\"https:\/\/www.everpharma.com\/aut\/products\/atosiban-ever-pharma\/\" \/>\n<meta property=\"og:locale\" content=\"de_DE\" \/>\n<meta property=\"og:type\" content=\"article\" \/>\n<meta property=\"og:title\" content=\"Atosiban EVER Pharma - EVER Pharma Austria\" \/>\n<meta property=\"og:description\" content=\"Darreichungsform Injektionsl\u00f6sung Wirkst\u00e4rke 6,75 mg\/0,9 ml ATC Code G02CX01 Wirkstoffklasse Andere Gyn\u00e4kologika Indikation Atosiban Ever Pharma wird angewendet zur Hinausz\u00f6gerung einer drohenden Fr\u00fchgeburt bei erwachsenen Schwangeren, wenn folgende Kriterien erf\u00fcllt sind:&#8211; Regelm\u00e4\u00dfige Uteruskontraktionen mit einer Dauer von mindestens 30 Sekunden und einer H\u00e4ufigkeit von \u2265 4 pro 30 Minuten.&#8211; \u00d6ffnung des Muttermundes auf eine Weite &hellip; Continued\" \/>\n<meta property=\"og:url\" content=\"https:\/\/www.everpharma.com\/aut\/products\/atosiban-ever-pharma\/\" \/>\n<meta property=\"og:site_name\" content=\"EVER Pharma Austria\" \/>\n<meta property=\"article:modified_time\" content=\"2023-01-20T02:45:03+00:00\" \/>\n<meta name=\"twitter:card\" content=\"summary_large_image\" \/>\n<meta name=\"twitter:label1\" content=\"Gesch\u00e4tzte Lesezeit\" \/>\n\t<meta name=\"twitter:data1\" content=\"1\u00a0Minute\" \/>\n<script type=\"application\/ld+json\" class=\"yoast-schema-graph\">{\"@context\":\"https:\\\/\\\/schema.org\",\"@graph\":[{\"@type\":\"WebPage\",\"@id\":\"https:\\\/\\\/www.everpharma.com\\\/aut\\\/products\\\/atosiban-ever-pharma\\\/\",\"url\":\"https:\\\/\\\/www.everpharma.com\\\/aut\\\/products\\\/atosiban-ever-pharma\\\/\",\"name\":\"Atosiban EVER Pharma - EVER Pharma Austria\",\"isPartOf\":{\"@id\":\"https:\\\/\\\/www.everpharma.com\\\/aut\\\/#website\"},\"datePublished\":\"2021-03-30T14:02:18+00:00\",\"dateModified\":\"2023-01-20T02:45:03+00:00\",\"breadcrumb\":{\"@id\":\"https:\\\/\\\/www.everpharma.com\\\/aut\\\/products\\\/atosiban-ever-pharma\\\/#breadcrumb\"},\"inLanguage\":\"de\",\"potentialAction\":[{\"@type\":\"ReadAction\",\"target\":[\"https:\\\/\\\/www.everpharma.com\\\/aut\\\/products\\\/atosiban-ever-pharma\\\/\"]}]},{\"@type\":\"BreadcrumbList\",\"@id\":\"https:\\\/\\\/www.everpharma.com\\\/aut\\\/products\\\/atosiban-ever-pharma\\\/#breadcrumb\",\"itemListElement\":[{\"@type\":\"ListItem\",\"position\":1,\"name\":\"Startseite\",\"item\":\"https:\\\/\\\/www.everpharma.com\\\/aut\\\/\"},{\"@type\":\"ListItem\",\"position\":2,\"name\":\"Products\",\"item\":\"https:\\\/\\\/www.everpharma.com\\\/aut\\\/products\\\/\"},{\"@type\":\"ListItem\",\"position\":3,\"name\":\"Atosiban EVER Pharma\"}]},{\"@type\":\"WebSite\",\"@id\":\"https:\\\/\\\/www.everpharma.com\\\/aut\\\/#website\",\"url\":\"https:\\\/\\\/www.everpharma.com\\\/aut\\\/\",\"name\":\"EVER Pharma Austria\",\"description\":\"Dedicated to Health.\",\"potentialAction\":[{\"@type\":\"SearchAction\",\"target\":{\"@type\":\"EntryPoint\",\"urlTemplate\":\"https:\\\/\\\/www.everpharma.com\\\/aut\\\/?s={search_term_string}\"},\"query-input\":{\"@type\":\"PropertyValueSpecification\",\"valueRequired\":true,\"valueName\":\"search_term_string\"}}],\"inLanguage\":\"de\"}]}<\/script>\n<!-- \/ Yoast SEO plugin. -->","yoast_head_json":{"title":"Atosiban EVER Pharma - EVER Pharma Austria","robots":{"index":"index","follow":"follow","max-snippet":"max-snippet:-1","max-image-preview":"max-image-preview:large","max-video-preview":"max-video-preview:-1"},"canonical":"https:\/\/www.everpharma.com\/aut\/products\/atosiban-ever-pharma\/","og_locale":"de_DE","og_type":"article","og_title":"Atosiban EVER Pharma - EVER Pharma Austria","og_description":"Darreichungsform Injektionsl\u00f6sung Wirkst\u00e4rke 6,75 mg\/0,9 ml ATC Code G02CX01 Wirkstoffklasse Andere Gyn\u00e4kologika Indikation Atosiban Ever Pharma wird angewendet zur Hinausz\u00f6gerung einer drohenden Fr\u00fchgeburt bei erwachsenen Schwangeren, wenn folgende Kriterien erf\u00fcllt sind:&#8211; Regelm\u00e4\u00dfige Uteruskontraktionen mit einer Dauer von mindestens 30 Sekunden und einer H\u00e4ufigkeit von \u2265 4 pro 30 Minuten.&#8211; \u00d6ffnung des Muttermundes auf eine Weite &hellip; Continued","og_url":"https:\/\/www.everpharma.com\/aut\/products\/atosiban-ever-pharma\/","og_site_name":"EVER Pharma Austria","article_modified_time":"2023-01-20T02:45:03+00:00","twitter_card":"summary_large_image","twitter_misc":{"Gesch\u00e4tzte Lesezeit":"1\u00a0Minute"},"schema":{"@context":"https:\/\/schema.org","@graph":[{"@type":"WebPage","@id":"https:\/\/www.everpharma.com\/aut\/products\/atosiban-ever-pharma\/","url":"https:\/\/www.everpharma.com\/aut\/products\/atosiban-ever-pharma\/","name":"Atosiban EVER Pharma - EVER Pharma Austria","isPartOf":{"@id":"https:\/\/www.everpharma.com\/aut\/#website"},"datePublished":"2021-03-30T14:02:18+00:00","dateModified":"2023-01-20T02:45:03+00:00","breadcrumb":{"@id":"https:\/\/www.everpharma.com\/aut\/products\/atosiban-ever-pharma\/#breadcrumb"},"inLanguage":"de","potentialAction":[{"@type":"ReadAction","target":["https:\/\/www.everpharma.com\/aut\/products\/atosiban-ever-pharma\/"]}]},{"@type":"BreadcrumbList","@id":"https:\/\/www.everpharma.com\/aut\/products\/atosiban-ever-pharma\/#breadcrumb","itemListElement":[{"@type":"ListItem","position":1,"name":"Startseite","item":"https:\/\/www.everpharma.com\/aut\/"},{"@type":"ListItem","position":2,"name":"Products","item":"https:\/\/www.everpharma.com\/aut\/products\/"},{"@type":"ListItem","position":3,"name":"Atosiban EVER Pharma"}]},{"@type":"WebSite","@id":"https:\/\/www.everpharma.com\/aut\/#website","url":"https:\/\/www.everpharma.com\/aut\/","name":"EVER Pharma Austria","description":"Dedicated to Health.","potentialAction":[{"@type":"SearchAction","target":{"@type":"EntryPoint","urlTemplate":"https:\/\/www.everpharma.com\/aut\/?s={search_term_string}"},"query-input":{"@type":"PropertyValueSpecification","valueRequired":true,"valueName":"search_term_string"}}],"inLanguage":"de"}]}},"acf":[],"_links":{"self":[{"href":"https:\/\/www.everpharma.com\/aut\/wp-json\/wp\/v2\/product\/241","targetHints":{"allow":["GET"]}}],"collection":[{"href":"https:\/\/www.everpharma.com\/aut\/wp-json\/wp\/v2\/product"}],"about":[{"href":"https:\/\/www.everpharma.com\/aut\/wp-json\/wp\/v2\/types\/product"}],"wp:attachment":[{"href":"https:\/\/www.everpharma.com\/aut\/wp-json\/wp\/v2\/media?parent=241"}],"curies":[{"name":"wp","href":"https:\/\/api.w.org\/{rel}","templated":true}]}}