{"id":239,"date":"2021-03-30T14:03:21","date_gmt":"2021-03-30T14:03:21","guid":{"rendered":"https:\/\/www.everpharma.com\/austria\/?p=239"},"modified":"2023-01-20T02:56:14","modified_gmt":"2023-01-20T02:56:14","slug":"cerebrolysin","status":"publish","type":"product","link":"https:\/\/www.everpharma.com\/aut\/products\/cerebrolysin\/","title":{"rendered":"Cerebrolysin\u00ae"},"content":{"rendered":"\n<div class=\"wp-block-group meta\"><div class=\"wp-block-group__inner-container is-layout-flow wp-block-group-is-layout-flow\">\n<div class=\"wp-block-columns is-layout-flex wp-container-core-columns-is-layout-9d6595d7 wp-block-columns-is-layout-flex\">\n<div class=\"wp-block-column is-layout-flow wp-block-column-is-layout-flow\">\n<figure class=\"wp-block-table\"><table><tbody><tr><td><strong>Darreichungsform<\/strong><\/td><td>Parenterale L\u00f6sung<\/td><\/tr><tr><td><strong>Wirkst\u00e4rke<\/strong><\/td><td>215,2 mg\/ml<\/td><\/tr><tr><td><strong>Indikation<\/strong><\/td><td>Zur unterst\u00fctzenden Behandlung von cerebrovaskul\u00e4ren St\u00f6rungen. Insbesondere bei folgenden Indikationen:<br>&#8211; senile Demenz vom Alzheimertyp und vaskul\u00e4re Demenz<br>&#8211; postapoplektische Ausfallserscheinungen<br>&#8211; Sch\u00e4del-Hirntraumata (Commotio und Contusio)<\/td><\/tr><tr><td><strong>Lizenzinhaber<\/strong><\/td><td>EVER Neuro Pharma GmbH<\/td><\/tr><\/tbody><\/table><\/figure>\n<\/div>\n<\/div>\n<\/div><\/div>\n\n\n\n<div style=\"height:50px\" aria-hidden=\"true\" class=\"wp-block-spacer\"><\/div>\n\n\n\n<div class=\"wp-block-buttons is-layout-flex wp-block-buttons-is-layout-flex\">\n<div class=\"wp-block-button\"><a class=\"wp-block-button__link\" href=\"https:\/\/www.everpharma.com\/aut\/wp-content\/uploads\/sites\/5\/2023\/01\/Cere-SPC_v_ev1_AT_5.1_clean-1.pdf\" target=\"_blank\" rel=\"noreferrer noopener\">Fachinformation<\/a><\/div>\n<\/div>\n\n\n\n<div style=\"height:80px\" aria-hidden=\"true\" class=\"wp-block-spacer\"><\/div>\n\n\n\n<p class=\"has-base-font-size\"><em>Cerebrolysin\u00ae ist ein verschreibungspflichtiges Medikament. Informationen nur f\u00fcr medizinisches Fachpersonal.<\/em><br><em>Vollst\u00e4ndige Informationen \u00fcber das Medikament finden Sie in der Fachinformation.<\/em><\/p>\n\n\n\n<div style=\"height:100px\" aria-hidden=\"true\" class=\"wp-block-spacer\"><\/div>\n","protected":false},"excerpt":{"rendered":"<p>Darreichungsform Parenterale L\u00f6sung Wirkst\u00e4rke 215,2 mg\/ml Indikation Zur unterst\u00fctzenden Behandlung von cerebrovaskul\u00e4ren St\u00f6rungen. Insbesondere bei folgenden Indikationen:&#8211; senile Demenz vom Alzheimertyp und vaskul\u00e4re Demenz&#8211; postapoplektische Ausfallserscheinungen&#8211; Sch\u00e4del-Hirntraumata (Commotio und Contusio) Lizenzinhaber EVER Neuro Pharma GmbH Cerebrolysin\u00ae ist ein verschreibungspflichtiges Medikament. Informationen nur f\u00fcr medizinisches Fachpersonal.Vollst\u00e4ndige Informationen \u00fcber das Medikament finden Sie in der Fachinformation.<\/p>\n","protected":false},"featured_media":0,"template":"","class_list":["post-239","product","type-product","status-publish","hentry"],"yoast_head":"<!-- This site is optimized with the Yoast SEO plugin v27.4 - https:\/\/yoast.com\/product\/yoast-seo-wordpress\/ -->\n<title>Cerebrolysin\u00ae - EVER Pharma Austria<\/title>\n<meta name=\"robots\" content=\"index, follow, max-snippet:-1, max-image-preview:large, max-video-preview:-1\" \/>\n<link rel=\"canonical\" href=\"https:\/\/www.everpharma.com\/aut\/products\/cerebrolysin\/\" \/>\n<meta property=\"og:locale\" content=\"de_DE\" \/>\n<meta property=\"og:type\" content=\"article\" \/>\n<meta property=\"og:title\" content=\"Cerebrolysin\u00ae - EVER Pharma Austria\" \/>\n<meta property=\"og:description\" content=\"Darreichungsform Parenterale L\u00f6sung Wirkst\u00e4rke 215,2 mg\/ml Indikation Zur unterst\u00fctzenden Behandlung von cerebrovaskul\u00e4ren St\u00f6rungen. Insbesondere bei folgenden Indikationen:&#8211; senile Demenz vom Alzheimertyp und vaskul\u00e4re Demenz&#8211; postapoplektische Ausfallserscheinungen&#8211; Sch\u00e4del-Hirntraumata (Commotio und Contusio) Lizenzinhaber EVER Neuro Pharma GmbH Cerebrolysin\u00ae ist ein verschreibungspflichtiges Medikament. Informationen nur f\u00fcr medizinisches Fachpersonal.Vollst\u00e4ndige Informationen \u00fcber das Medikament finden Sie in der Fachinformation.\" \/>\n<meta property=\"og:url\" content=\"https:\/\/www.everpharma.com\/aut\/products\/cerebrolysin\/\" \/>\n<meta property=\"og:site_name\" content=\"EVER Pharma Austria\" \/>\n<meta property=\"article:modified_time\" content=\"2023-01-20T02:56:14+00:00\" \/>\n<meta name=\"twitter:card\" content=\"summary_large_image\" \/>\n<script type=\"application\/ld+json\" class=\"yoast-schema-graph\">{\"@context\":\"https:\\\/\\\/schema.org\",\"@graph\":[{\"@type\":\"WebPage\",\"@id\":\"https:\\\/\\\/www.everpharma.com\\\/aut\\\/products\\\/cerebrolysin\\\/\",\"url\":\"https:\\\/\\\/www.everpharma.com\\\/aut\\\/products\\\/cerebrolysin\\\/\",\"name\":\"Cerebrolysin\u00ae - EVER Pharma Austria\",\"isPartOf\":{\"@id\":\"https:\\\/\\\/www.everpharma.com\\\/aut\\\/#website\"},\"datePublished\":\"2021-03-30T14:03:21+00:00\",\"dateModified\":\"2023-01-20T02:56:14+00:00\",\"breadcrumb\":{\"@id\":\"https:\\\/\\\/www.everpharma.com\\\/aut\\\/products\\\/cerebrolysin\\\/#breadcrumb\"},\"inLanguage\":\"de\",\"potentialAction\":[{\"@type\":\"ReadAction\",\"target\":[\"https:\\\/\\\/www.everpharma.com\\\/aut\\\/products\\\/cerebrolysin\\\/\"]}]},{\"@type\":\"BreadcrumbList\",\"@id\":\"https:\\\/\\\/www.everpharma.com\\\/aut\\\/products\\\/cerebrolysin\\\/#breadcrumb\",\"itemListElement\":[{\"@type\":\"ListItem\",\"position\":1,\"name\":\"Startseite\",\"item\":\"https:\\\/\\\/www.everpharma.com\\\/aut\\\/\"},{\"@type\":\"ListItem\",\"position\":2,\"name\":\"Products\",\"item\":\"https:\\\/\\\/www.everpharma.com\\\/aut\\\/products\\\/\"},{\"@type\":\"ListItem\",\"position\":3,\"name\":\"Cerebrolysin\u00ae\"}]},{\"@type\":\"WebSite\",\"@id\":\"https:\\\/\\\/www.everpharma.com\\\/aut\\\/#website\",\"url\":\"https:\\\/\\\/www.everpharma.com\\\/aut\\\/\",\"name\":\"EVER Pharma Austria\",\"description\":\"Dedicated to Health.\",\"potentialAction\":[{\"@type\":\"SearchAction\",\"target\":{\"@type\":\"EntryPoint\",\"urlTemplate\":\"https:\\\/\\\/www.everpharma.com\\\/aut\\\/?s={search_term_string}\"},\"query-input\":{\"@type\":\"PropertyValueSpecification\",\"valueRequired\":true,\"valueName\":\"search_term_string\"}}],\"inLanguage\":\"de\"}]}<\/script>\n<!-- \/ Yoast SEO plugin. -->","yoast_head_json":{"title":"Cerebrolysin\u00ae - EVER Pharma Austria","robots":{"index":"index","follow":"follow","max-snippet":"max-snippet:-1","max-image-preview":"max-image-preview:large","max-video-preview":"max-video-preview:-1"},"canonical":"https:\/\/www.everpharma.com\/aut\/products\/cerebrolysin\/","og_locale":"de_DE","og_type":"article","og_title":"Cerebrolysin\u00ae - EVER Pharma Austria","og_description":"Darreichungsform Parenterale L\u00f6sung Wirkst\u00e4rke 215,2 mg\/ml Indikation Zur unterst\u00fctzenden Behandlung von cerebrovaskul\u00e4ren St\u00f6rungen. Insbesondere bei folgenden Indikationen:&#8211; senile Demenz vom Alzheimertyp und vaskul\u00e4re Demenz&#8211; postapoplektische Ausfallserscheinungen&#8211; Sch\u00e4del-Hirntraumata (Commotio und Contusio) Lizenzinhaber EVER Neuro Pharma GmbH Cerebrolysin\u00ae ist ein verschreibungspflichtiges Medikament. Informationen nur f\u00fcr medizinisches Fachpersonal.Vollst\u00e4ndige Informationen \u00fcber das Medikament finden Sie in der Fachinformation.","og_url":"https:\/\/www.everpharma.com\/aut\/products\/cerebrolysin\/","og_site_name":"EVER Pharma Austria","article_modified_time":"2023-01-20T02:56:14+00:00","twitter_card":"summary_large_image","schema":{"@context":"https:\/\/schema.org","@graph":[{"@type":"WebPage","@id":"https:\/\/www.everpharma.com\/aut\/products\/cerebrolysin\/","url":"https:\/\/www.everpharma.com\/aut\/products\/cerebrolysin\/","name":"Cerebrolysin\u00ae - EVER Pharma Austria","isPartOf":{"@id":"https:\/\/www.everpharma.com\/aut\/#website"},"datePublished":"2021-03-30T14:03:21+00:00","dateModified":"2023-01-20T02:56:14+00:00","breadcrumb":{"@id":"https:\/\/www.everpharma.com\/aut\/products\/cerebrolysin\/#breadcrumb"},"inLanguage":"de","potentialAction":[{"@type":"ReadAction","target":["https:\/\/www.everpharma.com\/aut\/products\/cerebrolysin\/"]}]},{"@type":"BreadcrumbList","@id":"https:\/\/www.everpharma.com\/aut\/products\/cerebrolysin\/#breadcrumb","itemListElement":[{"@type":"ListItem","position":1,"name":"Startseite","item":"https:\/\/www.everpharma.com\/aut\/"},{"@type":"ListItem","position":2,"name":"Products","item":"https:\/\/www.everpharma.com\/aut\/products\/"},{"@type":"ListItem","position":3,"name":"Cerebrolysin\u00ae"}]},{"@type":"WebSite","@id":"https:\/\/www.everpharma.com\/aut\/#website","url":"https:\/\/www.everpharma.com\/aut\/","name":"EVER Pharma Austria","description":"Dedicated to Health.","potentialAction":[{"@type":"SearchAction","target":{"@type":"EntryPoint","urlTemplate":"https:\/\/www.everpharma.com\/aut\/?s={search_term_string}"},"query-input":{"@type":"PropertyValueSpecification","valueRequired":true,"valueName":"search_term_string"}}],"inLanguage":"de"}]}},"acf":[],"_links":{"self":[{"href":"https:\/\/www.everpharma.com\/aut\/wp-json\/wp\/v2\/product\/239","targetHints":{"allow":["GET"]}}],"collection":[{"href":"https:\/\/www.everpharma.com\/aut\/wp-json\/wp\/v2\/product"}],"about":[{"href":"https:\/\/www.everpharma.com\/aut\/wp-json\/wp\/v2\/types\/product"}],"wp:attachment":[{"href":"https:\/\/www.everpharma.com\/aut\/wp-json\/wp\/v2\/media?parent=239"}],"curies":[{"name":"wp","href":"https:\/\/api.w.org\/{rel}","templated":true}]}}