{"id":1055,"date":"2024-12-19T13:30:37","date_gmt":"2024-12-19T13:30:37","guid":{"rendered":"https:\/\/www.everpharma.com\/aut\/?post_type=product&#038;p=1055"},"modified":"2024-12-19T13:32:07","modified_gmt":"2024-12-19T13:32:07","slug":"furosemid-kalceks","status":"publish","type":"product","link":"https:\/\/www.everpharma.com\/aut\/products\/furosemid-kalceks\/","title":{"rendered":"Furosemid Kalceks"},"content":{"rendered":"\n<figure class=\"wp-block-table\"><table><tbody><tr><td><strong>Darreichungsform<\/strong><\/td><td>Injektionsl\u00f6sung, Infusionsl\u00f6sung<\/td><\/tr><tr><td><strong>Wirkst\u00e4rke<\/strong><\/td><td>10mg\/ml<\/td><\/tr><tr><td><strong>ATC Code<\/strong><\/td><td>C03CA0<\/td><\/tr><tr><td><strong>Wirkstoffklasse<\/strong><\/td><td>Heigh-Ceiling-Diuretika, Sulfonamide, rein<\/td><\/tr><tr><td><strong>Indikation<\/strong><\/td><td>&#8222;Furosemid Kalceks 10 mg\/ml Injektions-\/Infusionsl\u00f6sung ist indiziert, wenn bei oraler Gabe von Furosemid keine ausreichende Diurese erreicht wird oder wenn eine orale Anwendung nicht m\u00f6glich ist:<br>\u2012 \u00d6deme und\/oder Aszites infolge von Herz oder Lebererkrankungen<br>\u2012 \u00d6deme infolge von Nierenerkrankungen<br>\u2012 Lungen\u00f6dem (z. B. bei akuter Herzinsuffizienz)<br>\u2012 Hypertensive Krise (zus\u00e4tzlich zu anderen therapeutischen Ma\u00dfnahmen&#8220;<\/td><\/tr><tr><td><strong>Lizenzinhaber<\/strong><\/td><td>AS Kalceks, Lettland<\/td><\/tr><\/tbody><\/table><\/figure>\n\n\n\n<div class=\"wp-block-buttons is-layout-flex wp-block-buttons-is-layout-flex\">\n<div class=\"wp-block-button\"><a class=\"wp-block-button__link wp-element-button\">Fachinformation<\/a><\/div>\n<\/div>\n","protected":false},"excerpt":{"rendered":"<p>Darreichungsform Injektionsl\u00f6sung, Infusionsl\u00f6sung Wirkst\u00e4rke 10mg\/ml ATC Code C03CA0 Wirkstoffklasse Heigh-Ceiling-Diuretika, Sulfonamide, rein Indikation &#8222;Furosemid Kalceks 10 mg\/ml Injektions-\/Infusionsl\u00f6sung ist indiziert, wenn bei oraler Gabe von Furosemid keine ausreichende Diurese erreicht wird oder wenn eine orale Anwendung nicht m\u00f6glich ist:\u2012 \u00d6deme und\/oder Aszites infolge von Herz oder Lebererkrankungen\u2012 \u00d6deme infolge von Nierenerkrankungen\u2012 Lungen\u00f6dem (z. B. bei &hellip; <a href=\"https:\/\/www.everpharma.com\/aut\/products\/furosemid-kalceks\/\">Continued<\/a><\/p>\n","protected":false},"featured_media":0,"template":"","class_list":["post-1055","product","type-product","status-publish","hentry"],"yoast_head":"<!-- This site is optimized with the Yoast SEO plugin v27.0 - https:\/\/yoast.com\/product\/yoast-seo-wordpress\/ -->\n<title>Furosemid Kalceks - EVER Pharma Austria<\/title>\n<meta name=\"robots\" content=\"index, follow, max-snippet:-1, max-image-preview:large, max-video-preview:-1\" \/>\n<link rel=\"canonical\" href=\"https:\/\/www.everpharma.com\/aut\/products\/furosemid-kalceks\/\" \/>\n<meta property=\"og:locale\" content=\"de_DE\" \/>\n<meta property=\"og:type\" content=\"article\" \/>\n<meta property=\"og:title\" content=\"Furosemid Kalceks - EVER Pharma Austria\" \/>\n<meta property=\"og:description\" content=\"Darreichungsform Injektionsl\u00f6sung, Infusionsl\u00f6sung Wirkst\u00e4rke 10mg\/ml ATC Code C03CA0 Wirkstoffklasse Heigh-Ceiling-Diuretika, Sulfonamide, rein Indikation &#8222;Furosemid Kalceks 10 mg\/ml Injektions-\/Infusionsl\u00f6sung ist indiziert, wenn bei oraler Gabe von Furosemid keine ausreichende Diurese erreicht wird oder wenn eine orale Anwendung nicht m\u00f6glich ist:\u2012 \u00d6deme und\/oder Aszites infolge von Herz oder Lebererkrankungen\u2012 \u00d6deme infolge von Nierenerkrankungen\u2012 Lungen\u00f6dem (z. B. bei &hellip; Continued\" \/>\n<meta property=\"og:url\" content=\"https:\/\/www.everpharma.com\/aut\/products\/furosemid-kalceks\/\" \/>\n<meta property=\"og:site_name\" content=\"EVER Pharma Austria\" \/>\n<meta property=\"article:modified_time\" content=\"2024-12-19T13:32:07+00:00\" \/>\n<meta name=\"twitter:card\" content=\"summary_large_image\" \/>\n<script type=\"application\/ld+json\" class=\"yoast-schema-graph\">{\"@context\":\"https:\/\/schema.org\",\"@graph\":[{\"@type\":\"WebPage\",\"@id\":\"https:\/\/www.everpharma.com\/aut\/products\/furosemid-kalceks\/\",\"url\":\"https:\/\/www.everpharma.com\/aut\/products\/furosemid-kalceks\/\",\"name\":\"Furosemid Kalceks - EVER Pharma Austria\",\"isPartOf\":{\"@id\":\"https:\/\/www.everpharma.com\/aut\/#website\"},\"datePublished\":\"2024-12-19T13:30:37+00:00\",\"dateModified\":\"2024-12-19T13:32:07+00:00\",\"breadcrumb\":{\"@id\":\"https:\/\/www.everpharma.com\/aut\/products\/furosemid-kalceks\/#breadcrumb\"},\"inLanguage\":\"de\",\"potentialAction\":[{\"@type\":\"ReadAction\",\"target\":[\"https:\/\/www.everpharma.com\/aut\/products\/furosemid-kalceks\/\"]}]},{\"@type\":\"BreadcrumbList\",\"@id\":\"https:\/\/www.everpharma.com\/aut\/products\/furosemid-kalceks\/#breadcrumb\",\"itemListElement\":[{\"@type\":\"ListItem\",\"position\":1,\"name\":\"Startseite\",\"item\":\"https:\/\/www.everpharma.com\/aut\/\"},{\"@type\":\"ListItem\",\"position\":2,\"name\":\"Products\",\"item\":\"https:\/\/www.everpharma.com\/aut\/products\/\"},{\"@type\":\"ListItem\",\"position\":3,\"name\":\"Furosemid Kalceks\"}]},{\"@type\":\"WebSite\",\"@id\":\"https:\/\/www.everpharma.com\/aut\/#website\",\"url\":\"https:\/\/www.everpharma.com\/aut\/\",\"name\":\"EVER Pharma Austria\",\"description\":\"Dedicated to Health.\",\"potentialAction\":[{\"@type\":\"SearchAction\",\"target\":{\"@type\":\"EntryPoint\",\"urlTemplate\":\"https:\/\/www.everpharma.com\/aut\/?s={search_term_string}\"},\"query-input\":{\"@type\":\"PropertyValueSpecification\",\"valueRequired\":true,\"valueName\":\"search_term_string\"}}],\"inLanguage\":\"de\"}]}<\/script>\n<!-- \/ Yoast SEO plugin. -->","yoast_head_json":{"title":"Furosemid Kalceks - EVER Pharma Austria","robots":{"index":"index","follow":"follow","max-snippet":"max-snippet:-1","max-image-preview":"max-image-preview:large","max-video-preview":"max-video-preview:-1"},"canonical":"https:\/\/www.everpharma.com\/aut\/products\/furosemid-kalceks\/","og_locale":"de_DE","og_type":"article","og_title":"Furosemid Kalceks - EVER Pharma Austria","og_description":"Darreichungsform Injektionsl\u00f6sung, Infusionsl\u00f6sung Wirkst\u00e4rke 10mg\/ml ATC Code C03CA0 Wirkstoffklasse Heigh-Ceiling-Diuretika, Sulfonamide, rein Indikation &#8222;Furosemid Kalceks 10 mg\/ml Injektions-\/Infusionsl\u00f6sung ist indiziert, wenn bei oraler Gabe von Furosemid keine ausreichende Diurese erreicht wird oder wenn eine orale Anwendung nicht m\u00f6glich ist:\u2012 \u00d6deme und\/oder Aszites infolge von Herz oder Lebererkrankungen\u2012 \u00d6deme infolge von Nierenerkrankungen\u2012 Lungen\u00f6dem (z. B. bei &hellip; Continued","og_url":"https:\/\/www.everpharma.com\/aut\/products\/furosemid-kalceks\/","og_site_name":"EVER Pharma Austria","article_modified_time":"2024-12-19T13:32:07+00:00","twitter_card":"summary_large_image","schema":{"@context":"https:\/\/schema.org","@graph":[{"@type":"WebPage","@id":"https:\/\/www.everpharma.com\/aut\/products\/furosemid-kalceks\/","url":"https:\/\/www.everpharma.com\/aut\/products\/furosemid-kalceks\/","name":"Furosemid Kalceks - EVER Pharma Austria","isPartOf":{"@id":"https:\/\/www.everpharma.com\/aut\/#website"},"datePublished":"2024-12-19T13:30:37+00:00","dateModified":"2024-12-19T13:32:07+00:00","breadcrumb":{"@id":"https:\/\/www.everpharma.com\/aut\/products\/furosemid-kalceks\/#breadcrumb"},"inLanguage":"de","potentialAction":[{"@type":"ReadAction","target":["https:\/\/www.everpharma.com\/aut\/products\/furosemid-kalceks\/"]}]},{"@type":"BreadcrumbList","@id":"https:\/\/www.everpharma.com\/aut\/products\/furosemid-kalceks\/#breadcrumb","itemListElement":[{"@type":"ListItem","position":1,"name":"Startseite","item":"https:\/\/www.everpharma.com\/aut\/"},{"@type":"ListItem","position":2,"name":"Products","item":"https:\/\/www.everpharma.com\/aut\/products\/"},{"@type":"ListItem","position":3,"name":"Furosemid Kalceks"}]},{"@type":"WebSite","@id":"https:\/\/www.everpharma.com\/aut\/#website","url":"https:\/\/www.everpharma.com\/aut\/","name":"EVER Pharma Austria","description":"Dedicated to Health.","potentialAction":[{"@type":"SearchAction","target":{"@type":"EntryPoint","urlTemplate":"https:\/\/www.everpharma.com\/aut\/?s={search_term_string}"},"query-input":{"@type":"PropertyValueSpecification","valueRequired":true,"valueName":"search_term_string"}}],"inLanguage":"de"}]}},"acf":[],"_links":{"self":[{"href":"https:\/\/www.everpharma.com\/aut\/wp-json\/wp\/v2\/product\/1055","targetHints":{"allow":["GET"]}}],"collection":[{"href":"https:\/\/www.everpharma.com\/aut\/wp-json\/wp\/v2\/product"}],"about":[{"href":"https:\/\/www.everpharma.com\/aut\/wp-json\/wp\/v2\/types\/product"}],"wp:attachment":[{"href":"https:\/\/www.everpharma.com\/aut\/wp-json\/wp\/v2\/media?parent=1055"}],"curies":[{"name":"wp","href":"https:\/\/api.w.org\/{rel}","templated":true}]}}