{"id":1007,"date":"2023-09-04T12:32:18","date_gmt":"2023-09-04T12:32:18","guid":{"rendered":"https:\/\/www.everpharma.com\/aut\/?post_type=product&#038;p=1007"},"modified":"2023-09-04T12:32:18","modified_gmt":"2023-09-04T12:32:18","slug":"piperacillin-tazobactam-kalceks","status":"publish","type":"product","link":"https:\/\/www.everpharma.com\/aut\/products\/piperacillin-tazobactam-kalceks\/","title":{"rendered":"Piperacillin\/Tazobactam Kalceks"},"content":{"rendered":"\n<div class=\"wp-block-group meta\"><div class=\"wp-block-group__inner-container is-layout-flow wp-block-group-is-layout-flow\">\n<div class=\"wp-block-columns is-layout-flex wp-container-core-columns-is-layout-9d6595d7 wp-block-columns-is-layout-flex\">\n<div class=\"wp-block-column is-layout-flow wp-block-column-is-layout-flow\">\n<figure class=\"wp-block-table\"><table><tbody><tr><td><strong>Darreichungsform<\/strong><\/td><td>Pulver zur Herstellung einer Infusionsl\u00f6sung<\/td><\/tr><tr><td><strong>Wirkst\u00e4rke<\/strong><\/td><td>4 g\/0,5 g<\/td><\/tr><tr><td><strong>ATC Code <\/strong><\/td><td>J01CR0<\/td><\/tr><tr><td><strong>Wirkstoffklasse<\/strong><\/td><td>Antibiotika zur systemischen Anwendung, Kombinationen von Penicillinen, inkl. Beta-Lactamase-Inhibitoren<\/td><\/tr><tr><td><strong>Indikation<\/strong><\/td><td>Piperacillin\/Tazobactam Kalceks ist angezeigt zur Behandlung folgender Infektionen bei Erwachsenen, Jugendlichen und Kindern \u00fcber 2 Jahren):<br><br>Erwachsene und Jugendliche<br>\u2013 Schwere Pneumonien, einschlie\u00dflich nosokomiale und Ventilator-assoziierte Pneumonien<br>\u2013 Komplizierte Harnwegsinfektionen (einschlie\u00dflich Pyelonephritis)<br>\u2013 Komplizierte intraabdominelle Infektionen<br>\u2013 Komplizierte Infektionen der Haut und des Weichteilgewebes (einschlie\u00dflich Infektionen bei diabetischem Fu\u00df)<br><br>Behandlung von Patienten mit Bakteri\u00e4mie, die in Zusammenhang mit einer der oben aufgef\u00fchrten Infektionen auftritt oder wenn ein entsprechender Zusammenhang vermutet wird.<br><br>Piperacillin\/Tazobactam Kalceks kann bei der Behandlung neutropenischer Patienten mit Fieber angewendet werden, wenn der Verdacht auf eine bakterielle Infektion besteht.<br><br>Hinweis: Die Anwendung bei Bakteri\u00e4mie aufgrund von Extended-Beta-Lactamase (ESBL)-produzierenden E. coli und K. pneumoniae (Ceftriaxon nicht-empfindlich) wird bei erwachsenen Patienten nicht empfohlen.<br><br>Kinder von 2 bis 12 Jahren<br>\u2013 Komplizierte intraabdominelle Infektionen<br>Piperacillin\/Tazobactam Kalceks kann bei der Behandlung neutropenischer Kinder mit Fieber angewendet werden, wenn der Verdacht auf eine bakterielle Infektion besteht. Die offiziellen Leitlinien zum angemessenen Gebrauch von antibakteriellen Wirkstoffen sind zu ber\u00fccksichtigen.<\/td><\/tr><tr><td><strong>Lizenzinhaber<\/strong><\/td><td>AS KALCEKS, Lettland<\/td><\/tr><\/tbody><\/table><\/figure>\n<\/div>\n<\/div>\n<\/div><\/div>\n\n\n\n<div style=\"height:50px\" aria-hidden=\"true\" class=\"wp-block-spacer\"><\/div>\n\n\n\n<div class=\"wp-block-buttons is-layout-flex wp-block-buttons-is-layout-flex\">\n<div class=\"wp-block-button\"><a class=\"wp-block-button__link\" href=\"https:\/\/www.everpharma.com\/aut\/wp-content\/uploads\/sites\/5\/2023\/09\/Piperacillin-Tazobactam-Kalceks.pdf\" target=\"_blank\" rel=\"noreferrer noopener\">Fachinformation<\/a><\/div>\n<\/div>\n\n\n\n<div style=\"height:80px\" aria-hidden=\"true\" class=\"wp-block-spacer\"><\/div>\n\n\n\n<p class=\"has-base-font-size\"><em>Piperacillin\/Tazobactam Kalceks ist ein verschreibungspflichtiges Medikament. Informationen nur f\u00fcr medizinisches Fachpersonal. Vollst\u00e4ndige Informationen \u00fcber das Medikament finden Sie in der Fachinformation.<\/em><\/p>\n\n\n\n<div style=\"height:100px\" aria-hidden=\"true\" class=\"wp-block-spacer\"><\/div>\n","protected":false},"excerpt":{"rendered":"<p>Darreichungsform Pulver zur Herstellung einer Infusionsl\u00f6sung Wirkst\u00e4rke 4 g\/0,5 g ATC Code J01CR0 Wirkstoffklasse Antibiotika zur systemischen Anwendung, Kombinationen von Penicillinen, inkl. Beta-Lactamase-Inhibitoren Indikation Piperacillin\/Tazobactam Kalceks ist angezeigt zur Behandlung folgender Infektionen bei Erwachsenen, Jugendlichen und Kindern \u00fcber 2 Jahren): Erwachsene und Jugendliche\u2013 Schwere Pneumonien, einschlie\u00dflich nosokomiale und Ventilator-assoziierte Pneumonien\u2013 Komplizierte Harnwegsinfektionen (einschlie\u00dflich Pyelonephritis)\u2013 Komplizierte &hellip; <a href=\"https:\/\/www.everpharma.com\/aut\/products\/piperacillin-tazobactam-kalceks\/\">Continued<\/a><\/p>\n","protected":false},"featured_media":0,"template":"","class_list":["post-1007","product","type-product","status-publish","hentry"],"yoast_head":"<!-- This site is optimized with the Yoast SEO plugin v27.0 - https:\/\/yoast.com\/product\/yoast-seo-wordpress\/ -->\n<title>Piperacillin\/Tazobactam Kalceks - EVER Pharma Austria<\/title>\n<meta name=\"robots\" content=\"index, follow, max-snippet:-1, max-image-preview:large, max-video-preview:-1\" \/>\n<link rel=\"canonical\" href=\"https:\/\/www.everpharma.com\/aut\/products\/piperacillin-tazobactam-kalceks\/\" \/>\n<meta property=\"og:locale\" content=\"de_DE\" \/>\n<meta property=\"og:type\" content=\"article\" \/>\n<meta property=\"og:title\" content=\"Piperacillin\/Tazobactam Kalceks - EVER Pharma Austria\" \/>\n<meta property=\"og:description\" content=\"Darreichungsform Pulver zur Herstellung einer Infusionsl\u00f6sung Wirkst\u00e4rke 4 g\/0,5 g ATC Code J01CR0 Wirkstoffklasse Antibiotika zur systemischen Anwendung, Kombinationen von Penicillinen, inkl. Beta-Lactamase-Inhibitoren Indikation Piperacillin\/Tazobactam Kalceks ist angezeigt zur Behandlung folgender Infektionen bei Erwachsenen, Jugendlichen und Kindern \u00fcber 2 Jahren): Erwachsene und Jugendliche\u2013 Schwere Pneumonien, einschlie\u00dflich nosokomiale und Ventilator-assoziierte Pneumonien\u2013 Komplizierte Harnwegsinfektionen (einschlie\u00dflich Pyelonephritis)\u2013 Komplizierte &hellip; Continued\" \/>\n<meta property=\"og:url\" content=\"https:\/\/www.everpharma.com\/aut\/products\/piperacillin-tazobactam-kalceks\/\" \/>\n<meta property=\"og:site_name\" content=\"EVER Pharma Austria\" \/>\n<meta name=\"twitter:card\" content=\"summary_large_image\" \/>\n<meta name=\"twitter:label1\" content=\"Gesch\u00e4tzte Lesezeit\" \/>\n\t<meta name=\"twitter:data1\" content=\"1\u00a0Minute\" \/>\n<script type=\"application\/ld+json\" class=\"yoast-schema-graph\">{\"@context\":\"https:\/\/schema.org\",\"@graph\":[{\"@type\":\"WebPage\",\"@id\":\"https:\/\/www.everpharma.com\/aut\/products\/piperacillin-tazobactam-kalceks\/\",\"url\":\"https:\/\/www.everpharma.com\/aut\/products\/piperacillin-tazobactam-kalceks\/\",\"name\":\"Piperacillin\/Tazobactam Kalceks - EVER Pharma Austria\",\"isPartOf\":{\"@id\":\"https:\/\/www.everpharma.com\/aut\/#website\"},\"datePublished\":\"2023-09-04T12:32:18+00:00\",\"breadcrumb\":{\"@id\":\"https:\/\/www.everpharma.com\/aut\/products\/piperacillin-tazobactam-kalceks\/#breadcrumb\"},\"inLanguage\":\"de\",\"potentialAction\":[{\"@type\":\"ReadAction\",\"target\":[\"https:\/\/www.everpharma.com\/aut\/products\/piperacillin-tazobactam-kalceks\/\"]}]},{\"@type\":\"BreadcrumbList\",\"@id\":\"https:\/\/www.everpharma.com\/aut\/products\/piperacillin-tazobactam-kalceks\/#breadcrumb\",\"itemListElement\":[{\"@type\":\"ListItem\",\"position\":1,\"name\":\"Startseite\",\"item\":\"https:\/\/www.everpharma.com\/aut\/\"},{\"@type\":\"ListItem\",\"position\":2,\"name\":\"Products\",\"item\":\"https:\/\/www.everpharma.com\/aut\/products\/\"},{\"@type\":\"ListItem\",\"position\":3,\"name\":\"Piperacillin\/Tazobactam Kalceks\"}]},{\"@type\":\"WebSite\",\"@id\":\"https:\/\/www.everpharma.com\/aut\/#website\",\"url\":\"https:\/\/www.everpharma.com\/aut\/\",\"name\":\"EVER Pharma Austria\",\"description\":\"Dedicated to Health.\",\"potentialAction\":[{\"@type\":\"SearchAction\",\"target\":{\"@type\":\"EntryPoint\",\"urlTemplate\":\"https:\/\/www.everpharma.com\/aut\/?s={search_term_string}\"},\"query-input\":{\"@type\":\"PropertyValueSpecification\",\"valueRequired\":true,\"valueName\":\"search_term_string\"}}],\"inLanguage\":\"de\"}]}<\/script>\n<!-- \/ Yoast SEO plugin. -->","yoast_head_json":{"title":"Piperacillin\/Tazobactam Kalceks - EVER Pharma Austria","robots":{"index":"index","follow":"follow","max-snippet":"max-snippet:-1","max-image-preview":"max-image-preview:large","max-video-preview":"max-video-preview:-1"},"canonical":"https:\/\/www.everpharma.com\/aut\/products\/piperacillin-tazobactam-kalceks\/","og_locale":"de_DE","og_type":"article","og_title":"Piperacillin\/Tazobactam Kalceks - EVER Pharma Austria","og_description":"Darreichungsform Pulver zur Herstellung einer Infusionsl\u00f6sung Wirkst\u00e4rke 4 g\/0,5 g ATC Code J01CR0 Wirkstoffklasse Antibiotika zur systemischen Anwendung, Kombinationen von Penicillinen, inkl. Beta-Lactamase-Inhibitoren Indikation Piperacillin\/Tazobactam Kalceks ist angezeigt zur Behandlung folgender Infektionen bei Erwachsenen, Jugendlichen und Kindern \u00fcber 2 Jahren): Erwachsene und Jugendliche\u2013 Schwere Pneumonien, einschlie\u00dflich nosokomiale und Ventilator-assoziierte Pneumonien\u2013 Komplizierte Harnwegsinfektionen (einschlie\u00dflich Pyelonephritis)\u2013 Komplizierte &hellip; Continued","og_url":"https:\/\/www.everpharma.com\/aut\/products\/piperacillin-tazobactam-kalceks\/","og_site_name":"EVER Pharma Austria","twitter_card":"summary_large_image","twitter_misc":{"Gesch\u00e4tzte Lesezeit":"1\u00a0Minute"},"schema":{"@context":"https:\/\/schema.org","@graph":[{"@type":"WebPage","@id":"https:\/\/www.everpharma.com\/aut\/products\/piperacillin-tazobactam-kalceks\/","url":"https:\/\/www.everpharma.com\/aut\/products\/piperacillin-tazobactam-kalceks\/","name":"Piperacillin\/Tazobactam Kalceks - EVER Pharma Austria","isPartOf":{"@id":"https:\/\/www.everpharma.com\/aut\/#website"},"datePublished":"2023-09-04T12:32:18+00:00","breadcrumb":{"@id":"https:\/\/www.everpharma.com\/aut\/products\/piperacillin-tazobactam-kalceks\/#breadcrumb"},"inLanguage":"de","potentialAction":[{"@type":"ReadAction","target":["https:\/\/www.everpharma.com\/aut\/products\/piperacillin-tazobactam-kalceks\/"]}]},{"@type":"BreadcrumbList","@id":"https:\/\/www.everpharma.com\/aut\/products\/piperacillin-tazobactam-kalceks\/#breadcrumb","itemListElement":[{"@type":"ListItem","position":1,"name":"Startseite","item":"https:\/\/www.everpharma.com\/aut\/"},{"@type":"ListItem","position":2,"name":"Products","item":"https:\/\/www.everpharma.com\/aut\/products\/"},{"@type":"ListItem","position":3,"name":"Piperacillin\/Tazobactam Kalceks"}]},{"@type":"WebSite","@id":"https:\/\/www.everpharma.com\/aut\/#website","url":"https:\/\/www.everpharma.com\/aut\/","name":"EVER Pharma Austria","description":"Dedicated to Health.","potentialAction":[{"@type":"SearchAction","target":{"@type":"EntryPoint","urlTemplate":"https:\/\/www.everpharma.com\/aut\/?s={search_term_string}"},"query-input":{"@type":"PropertyValueSpecification","valueRequired":true,"valueName":"search_term_string"}}],"inLanguage":"de"}]}},"acf":[],"_links":{"self":[{"href":"https:\/\/www.everpharma.com\/aut\/wp-json\/wp\/v2\/product\/1007","targetHints":{"allow":["GET"]}}],"collection":[{"href":"https:\/\/www.everpharma.com\/aut\/wp-json\/wp\/v2\/product"}],"about":[{"href":"https:\/\/www.everpharma.com\/aut\/wp-json\/wp\/v2\/types\/product"}],"wp:attachment":[{"href":"https:\/\/www.everpharma.com\/aut\/wp-json\/wp\/v2\/media?parent=1007"}],"curies":[{"name":"wp","href":"https:\/\/api.w.org\/{rel}","templated":true}]}}