{"id":1005,"date":"2023-09-04T12:31:19","date_gmt":"2023-09-04T12:31:19","guid":{"rendered":"https:\/\/www.everpharma.com\/aut\/?post_type=product&#038;p=1005"},"modified":"2023-09-04T12:31:20","modified_gmt":"2023-09-04T12:31:20","slug":"palonosetron-kalceks","status":"publish","type":"product","link":"https:\/\/www.everpharma.com\/aut\/products\/palonosetron-kalceks\/","title":{"rendered":"Palonosetron Kalceks"},"content":{"rendered":"\n<div class=\"wp-block-group meta\"><div class=\"wp-block-group__inner-container is-layout-flow wp-block-group-is-layout-flow\">\n<div class=\"wp-block-columns is-layout-flex wp-container-core-columns-is-layout-9d6595d7 wp-block-columns-is-layout-flex\">\n<div class=\"wp-block-column is-layout-flow wp-block-column-is-layout-flow\">\n<figure class=\"wp-block-table\"><table><tbody><tr><td><strong>Darreichungsform<\/strong><\/td><td>Injektionsl\u00f6sung<\/td><\/tr><tr><td><strong>Wirkst\u00e4rke<\/strong><\/td><td>250 Mikrogramm<\/td><\/tr><tr><td><strong>ATC Code <\/strong><\/td><td>A04AA05<\/td><\/tr><tr><td><strong>Wirkstoffklasse<\/strong><\/td><td>Antiemetika und Mittel gegen \u00dcbelkeit, Serotonin (5HT3)-Antagonisten<\/td><\/tr><tr><td><strong>Indikation<\/strong><\/td><td>Palonosetron Kalceks wird angewendet bei Erwachsenen zur:<br>\u2012 Pr\u00e4vention von akuter \u00dcbelkeit und Erbrechen bei stark emetogener Chemotherapie aufgrund einer Krebserkrankung,<br>\u2012 Pr\u00e4vention von \u00dcbelkeit und Erbrechen bei m\u00e4\u00dfig emetogener Chemotherapie aufgrund einer Krebserkrankung.<br><br>Palonosetron Kalceks wird angewendet bei Kindern und Jugendlichen ab 1 Monat zur:<br>\u2012 Pr\u00e4vention von akuter \u00dcbelkeit und Erbrechen bei stark emetogener Chemotherapie aufgrund einer Krebserkrankung und zur Pr\u00e4vention von \u00dcbelkeit und Erbrechen bei m\u00e4\u00dfig emetogener Chemotherapie aufgrund einer Krebserkrankung.<\/td><\/tr><tr><td><strong>Lizenzinhaber<\/strong><\/td><td>AS KALCEKS, Lettland<\/td><\/tr><\/tbody><\/table><\/figure>\n<\/div>\n<\/div>\n<\/div><\/div>\n\n\n\n<div style=\"height:50px\" aria-hidden=\"true\" class=\"wp-block-spacer\"><\/div>\n\n\n\n<div class=\"wp-block-buttons is-layout-flex wp-block-buttons-is-layout-flex\">\n<div class=\"wp-block-button\"><a class=\"wp-block-button__link\" href=\"https:\/\/www.everpharma.com\/aut\/wp-content\/uploads\/sites\/5\/2023\/09\/Palonosetron-Kalceks.pdf\" target=\"_blank\" rel=\"noreferrer noopener\">Fachinformation<\/a><\/div>\n<\/div>\n\n\n\n<div style=\"height:80px\" aria-hidden=\"true\" class=\"wp-block-spacer\"><\/div>\n\n\n\n<p class=\"has-base-font-size\"><em>Palonosetron Kalceks ist ein verschreibungspflichtiges Medikament. Informationen nur f\u00fcr medizinisches Fachpersonal. Vollst\u00e4ndige Informationen \u00fcber das Medikament finden Sie in der Fachinformation.<\/em><\/p>\n\n\n\n<div style=\"height:100px\" aria-hidden=\"true\" class=\"wp-block-spacer\"><\/div>\n","protected":false},"excerpt":{"rendered":"<p>Darreichungsform Injektionsl\u00f6sung Wirkst\u00e4rke 250 Mikrogramm ATC Code A04AA05 Wirkstoffklasse Antiemetika und Mittel gegen \u00dcbelkeit, Serotonin (5HT3)-Antagonisten Indikation Palonosetron Kalceks wird angewendet bei Erwachsenen zur:\u2012 Pr\u00e4vention von akuter \u00dcbelkeit und Erbrechen bei stark emetogener Chemotherapie aufgrund einer Krebserkrankung,\u2012 Pr\u00e4vention von \u00dcbelkeit und Erbrechen bei m\u00e4\u00dfig emetogener Chemotherapie aufgrund einer Krebserkrankung. Palonosetron Kalceks wird angewendet bei Kindern &hellip; <a href=\"https:\/\/www.everpharma.com\/aut\/products\/palonosetron-kalceks\/\">Continued<\/a><\/p>\n","protected":false},"featured_media":0,"template":"","class_list":["post-1005","product","type-product","status-publish","hentry"],"yoast_head":"<!-- This site is optimized with the Yoast SEO plugin v27.0 - https:\/\/yoast.com\/product\/yoast-seo-wordpress\/ -->\n<title>Palonosetron Kalceks - EVER Pharma Austria<\/title>\n<meta name=\"robots\" content=\"index, follow, max-snippet:-1, max-image-preview:large, max-video-preview:-1\" \/>\n<link rel=\"canonical\" href=\"https:\/\/www.everpharma.com\/aut\/products\/palonosetron-kalceks\/\" \/>\n<meta property=\"og:locale\" content=\"de_DE\" \/>\n<meta property=\"og:type\" content=\"article\" \/>\n<meta property=\"og:title\" content=\"Palonosetron Kalceks - EVER Pharma Austria\" \/>\n<meta property=\"og:description\" content=\"Darreichungsform Injektionsl\u00f6sung Wirkst\u00e4rke 250 Mikrogramm ATC Code A04AA05 Wirkstoffklasse Antiemetika und Mittel gegen \u00dcbelkeit, Serotonin (5HT3)-Antagonisten Indikation Palonosetron Kalceks wird angewendet bei Erwachsenen zur:\u2012 Pr\u00e4vention von akuter \u00dcbelkeit und Erbrechen bei stark emetogener Chemotherapie aufgrund einer Krebserkrankung,\u2012 Pr\u00e4vention von \u00dcbelkeit und Erbrechen bei m\u00e4\u00dfig emetogener Chemotherapie aufgrund einer Krebserkrankung. Palonosetron Kalceks wird angewendet bei Kindern &hellip; Continued\" \/>\n<meta property=\"og:url\" content=\"https:\/\/www.everpharma.com\/aut\/products\/palonosetron-kalceks\/\" \/>\n<meta property=\"og:site_name\" content=\"EVER Pharma Austria\" \/>\n<meta property=\"article:modified_time\" content=\"2023-09-04T12:31:20+00:00\" \/>\n<meta name=\"twitter:card\" content=\"summary_large_image\" \/>\n<meta name=\"twitter:label1\" content=\"Gesch\u00e4tzte Lesezeit\" \/>\n\t<meta name=\"twitter:data1\" content=\"1\u00a0Minute\" \/>\n<script type=\"application\/ld+json\" class=\"yoast-schema-graph\">{\"@context\":\"https:\/\/schema.org\",\"@graph\":[{\"@type\":\"WebPage\",\"@id\":\"https:\/\/www.everpharma.com\/aut\/products\/palonosetron-kalceks\/\",\"url\":\"https:\/\/www.everpharma.com\/aut\/products\/palonosetron-kalceks\/\",\"name\":\"Palonosetron Kalceks - EVER Pharma Austria\",\"isPartOf\":{\"@id\":\"https:\/\/www.everpharma.com\/aut\/#website\"},\"datePublished\":\"2023-09-04T12:31:19+00:00\",\"dateModified\":\"2023-09-04T12:31:20+00:00\",\"breadcrumb\":{\"@id\":\"https:\/\/www.everpharma.com\/aut\/products\/palonosetron-kalceks\/#breadcrumb\"},\"inLanguage\":\"de\",\"potentialAction\":[{\"@type\":\"ReadAction\",\"target\":[\"https:\/\/www.everpharma.com\/aut\/products\/palonosetron-kalceks\/\"]}]},{\"@type\":\"BreadcrumbList\",\"@id\":\"https:\/\/www.everpharma.com\/aut\/products\/palonosetron-kalceks\/#breadcrumb\",\"itemListElement\":[{\"@type\":\"ListItem\",\"position\":1,\"name\":\"Startseite\",\"item\":\"https:\/\/www.everpharma.com\/aut\/\"},{\"@type\":\"ListItem\",\"position\":2,\"name\":\"Products\",\"item\":\"https:\/\/www.everpharma.com\/aut\/products\/\"},{\"@type\":\"ListItem\",\"position\":3,\"name\":\"Palonosetron Kalceks\"}]},{\"@type\":\"WebSite\",\"@id\":\"https:\/\/www.everpharma.com\/aut\/#website\",\"url\":\"https:\/\/www.everpharma.com\/aut\/\",\"name\":\"EVER Pharma Austria\",\"description\":\"Dedicated to Health.\",\"potentialAction\":[{\"@type\":\"SearchAction\",\"target\":{\"@type\":\"EntryPoint\",\"urlTemplate\":\"https:\/\/www.everpharma.com\/aut\/?s={search_term_string}\"},\"query-input\":{\"@type\":\"PropertyValueSpecification\",\"valueRequired\":true,\"valueName\":\"search_term_string\"}}],\"inLanguage\":\"de\"}]}<\/script>\n<!-- \/ Yoast SEO plugin. -->","yoast_head_json":{"title":"Palonosetron Kalceks - EVER Pharma Austria","robots":{"index":"index","follow":"follow","max-snippet":"max-snippet:-1","max-image-preview":"max-image-preview:large","max-video-preview":"max-video-preview:-1"},"canonical":"https:\/\/www.everpharma.com\/aut\/products\/palonosetron-kalceks\/","og_locale":"de_DE","og_type":"article","og_title":"Palonosetron Kalceks - EVER Pharma Austria","og_description":"Darreichungsform Injektionsl\u00f6sung Wirkst\u00e4rke 250 Mikrogramm ATC Code A04AA05 Wirkstoffklasse Antiemetika und Mittel gegen \u00dcbelkeit, Serotonin (5HT3)-Antagonisten Indikation Palonosetron Kalceks wird angewendet bei Erwachsenen zur:\u2012 Pr\u00e4vention von akuter \u00dcbelkeit und Erbrechen bei stark emetogener Chemotherapie aufgrund einer Krebserkrankung,\u2012 Pr\u00e4vention von \u00dcbelkeit und Erbrechen bei m\u00e4\u00dfig emetogener Chemotherapie aufgrund einer Krebserkrankung. Palonosetron Kalceks wird angewendet bei Kindern &hellip; Continued","og_url":"https:\/\/www.everpharma.com\/aut\/products\/palonosetron-kalceks\/","og_site_name":"EVER Pharma Austria","article_modified_time":"2023-09-04T12:31:20+00:00","twitter_card":"summary_large_image","twitter_misc":{"Gesch\u00e4tzte Lesezeit":"1\u00a0Minute"},"schema":{"@context":"https:\/\/schema.org","@graph":[{"@type":"WebPage","@id":"https:\/\/www.everpharma.com\/aut\/products\/palonosetron-kalceks\/","url":"https:\/\/www.everpharma.com\/aut\/products\/palonosetron-kalceks\/","name":"Palonosetron Kalceks - EVER Pharma Austria","isPartOf":{"@id":"https:\/\/www.everpharma.com\/aut\/#website"},"datePublished":"2023-09-04T12:31:19+00:00","dateModified":"2023-09-04T12:31:20+00:00","breadcrumb":{"@id":"https:\/\/www.everpharma.com\/aut\/products\/palonosetron-kalceks\/#breadcrumb"},"inLanguage":"de","potentialAction":[{"@type":"ReadAction","target":["https:\/\/www.everpharma.com\/aut\/products\/palonosetron-kalceks\/"]}]},{"@type":"BreadcrumbList","@id":"https:\/\/www.everpharma.com\/aut\/products\/palonosetron-kalceks\/#breadcrumb","itemListElement":[{"@type":"ListItem","position":1,"name":"Startseite","item":"https:\/\/www.everpharma.com\/aut\/"},{"@type":"ListItem","position":2,"name":"Products","item":"https:\/\/www.everpharma.com\/aut\/products\/"},{"@type":"ListItem","position":3,"name":"Palonosetron Kalceks"}]},{"@type":"WebSite","@id":"https:\/\/www.everpharma.com\/aut\/#website","url":"https:\/\/www.everpharma.com\/aut\/","name":"EVER Pharma Austria","description":"Dedicated to Health.","potentialAction":[{"@type":"SearchAction","target":{"@type":"EntryPoint","urlTemplate":"https:\/\/www.everpharma.com\/aut\/?s={search_term_string}"},"query-input":{"@type":"PropertyValueSpecification","valueRequired":true,"valueName":"search_term_string"}}],"inLanguage":"de"}]}},"acf":[],"_links":{"self":[{"href":"https:\/\/www.everpharma.com\/aut\/wp-json\/wp\/v2\/product\/1005","targetHints":{"allow":["GET"]}}],"collection":[{"href":"https:\/\/www.everpharma.com\/aut\/wp-json\/wp\/v2\/product"}],"about":[{"href":"https:\/\/www.everpharma.com\/aut\/wp-json\/wp\/v2\/types\/product"}],"wp:attachment":[{"href":"https:\/\/www.everpharma.com\/aut\/wp-json\/wp\/v2\/media?parent=1005"}],"curies":[{"name":"wp","href":"https:\/\/api.w.org\/{rel}","templated":true}]}}