{"id":813,"date":"2021-10-29T16:08:23","date_gmt":"2021-10-29T16:08:23","guid":{"rendered":"https:\/\/www.everpharma.com\/aut\/?page_id=813"},"modified":"2025-02-17T16:36:35","modified_gmt":"2025-02-17T16:36:35","slug":"aerzteservice","status":"publish","type":"page","link":"https:\/\/www.everpharma.com\/aut\/aerzteservice\/","title":{"rendered":"\u00c4rzteservice"},"content":{"rendered":"\n<h1 class=\"wp-block-heading is-style-page-title\">\u00c4rzteservice. <\/h1>\n\n\n\n<div class=\"wp-block-columns is-layout-flex wp-container-core-columns-is-layout-9d6595d7 wp-block-columns-is-layout-flex\">\n<div class=\"wp-block-column is-layout-flow wp-block-column-is-layout-flow\" style=\"flex-basis:66.66%\">\n<p>Derzeit stehen hier keine Informationen zur Verf\u00fcgung. F\u00fcr Informationen zu den Produkten rufen Sie bitte die entsprechende Fachinformation im Bereich \u201eUnsere Produkte\u201c auf.<\/p>\n<\/div>\n\n\n\n<div class=\"wp-block-column is-layout-flow wp-block-column-is-layout-flow\" style=\"flex-basis:33.33%\">\n<aside id=\"login\" class=\"wp-block-group login-form-widget is-style-card has-theme-white-color has-theme-red-background-color has-text-color has-background\"><div class=\"wp-block-group__inner-container is-layout-flow wp-block-group-is-layout-flow\"><div class='gf_browser_gecko gform_wrapper gf_login_form gravity-theme' id='gform_wrapper_0'><form method='post' id='gform_0'><input type='hidden' name='login_redirect' value='\/aut\/wp-json\/wp\/v2\/pages\/813' \/><div class='gform_heading'><h3 class='gform_title'>Anmeldeformular<\/h3><\/div><div class='gform_body'><div id='gform_fields_login' class='gform_fields top_label'><div id=\"field_0_1\" class=\"gfield gfield--type-text gfield_contains_required field_sublabel_below gfield--no-description field_description_below field_validation_below gfield_visibility_visible\"  ><label class='gfield_label gform-field-label' for='input_1'>Benutzername<span class=\"gfield_required\"><span class=\"gfield_required gfield_required_text\">(erforderlich)<\/span><\/span><\/label><div class='ginput_container ginput_container_text'><input name='input_1' id='input_1' type='text' value='' class=''     aria-required=\"true\" aria-invalid=\"false\"   \/><\/div><\/div><div id=\"field_0_2\" class=\"gfield gfield--type-text gfield_contains_required field_sublabel_below gfield--no-description field_description_below field_validation_below gfield_visibility_visible\"  ><label class='gfield_label gform-field-label' for='input_2'>Passwort<span class=\"gfield_required\"><span class=\"gfield_required gfield_required_text\">(erforderlich)<\/span><\/span><\/label><div class='ginput_container ginput_container_text'><input name='input_2' id='input_2' type='password' value='' class=''     aria-required=\"true\" aria-invalid=\"false\"   \/><\/div><\/div><div id=\"field_0_3\" class=\"gfield gfield--type-remember_me field_sublabel_below gfield--no-description field_description_below hidden_label field_validation_below gfield_visibility_visible\"  ><label class='gfield_label gform-field-label screen-reader-text gfield_label_before_complex' ><\/label><div class='ginput_container ginput_container_checkbox'><div class='gfield_checkbox' id='input_3'><div class='gchoice gchoice_3'>\n\t\t\t\t\t\t<input class='gfield-choice-input' name='input_3.1' type='checkbox'  value='1'  id='choice_3'   \/>\n\t\t\t\t\t\t<label for='choice_3' id='label_3'>An mich erinnern<\/label>\n\t\t\t\t\t<\/div><\/div><\/div><\/div><\/div><\/div>\n        <div class='gform_footer top_label'> <input type='submit' id='gform_submit_button_0' class='gform_button button' onclick='gform.submission.handleButtonClick(this);' data-submission-type='submit' value='Anmelden'  \/> \n            <input type='hidden' class='gform_hidden' name='gform_submission_method' data-js='gform_submission_method_0' value='postback' \/>\n            <input type='hidden' class='gform_hidden' name='gform_theme' data-js='gform_theme_0' id='gform_theme_0' value='' \/>\n            <input type='hidden' class='gform_hidden' name='gform_style_settings' data-js='gform_style_settings_0' id='gform_style_settings_0' value='' \/>\n            <input type='hidden' class='gform_hidden' name='is_submit_0' value='1' \/>\n            <input type='hidden' class='gform_hidden' name='gform_submit' value='0' \/>\n            \n            <input type='hidden' class='gform_hidden' name='gform_currency' data-currency='EUR' value='2+Wh2ABwbwjQDh1gwLlbm5xYVT7ZBbNRu5RtmiGr4CYIvGy6ZoM1qgPVnx\/M3AkVrxh8jK9YMW0UspN6Ih30gxMP+lT9yvdCXqfBhYGmcdiwmM0=' \/>\n            <input type='hidden' class='gform_hidden' name='gform_unique_id' value='' \/>\n            <input type='hidden' class='gform_hidden' name='state_0' value='WyJbXSIsImM1MjEwYjk2MTI5MDViOWQ0NjhmMDlmMDNkOGQ1YzYwIl0=' \/>\n            <input type='hidden' autocomplete='off' class='gform_hidden' name='gform_target_page_number_0' id='gform_target_page_number_0' value='0' \/>\n            <input type='hidden' autocomplete='off' class='gform_hidden' name='gform_source_page_number_0' id='gform_source_page_number_0' value='1' \/>\n            <input type='hidden' name='gform_field_values' value='' \/>\n            \n        <\/div><\/form><\/div><nav class=\"gf_login_links\"><a href=\"https:\/\/www.everpharma.com\/aut\/registrierung\/\" title=\"Sie haben noch keinen Account? Sie k\u00f6nnen sich gerne hier registrieren.\">Sie haben noch keinen Account? Sie k\u00f6nnen sich gerne hier registrieren.<\/a><br \/><a href=\"https:\/\/www.everpharma.com\/aut\/wp-login.php?action=lostpassword\" title=\"Passwort vergessen?\">Passwort vergessen?<\/a><br \/><\/nav>\n<\/div><\/aside>\n<\/div>\n<\/div>\n\n\n\n<p><\/p>\n\n\n\n<div style=\"height:100px\" aria-hidden=\"true\" class=\"wp-block-spacer\"><\/div>\n","protected":false},"excerpt":{"rendered":"<p>\u00c4rzteservice. Derzeit stehen hier keine Informationen zur Verf\u00fcgung. F\u00fcr Informationen zu den Produkten rufen Sie bitte die entsprechende Fachinformation im Bereich \u201eUnsere Produkte\u201c auf.<\/p>\n","protected":false},"author":2,"featured_media":0,"parent":0,"menu_order":3,"comment_status":"closed","ping_status":"closed","template":"","meta":{"_acf_changed":false,"footnotes":""},"class_list":["post-813","page","type-page","status-publish","hentry"],"yoast_head":"<!-- This site is optimized with the Yoast SEO plugin v27.4 - https:\/\/yoast.com\/product\/yoast-seo-wordpress\/ -->\n<title>\u00c4rzteservice - EVER Pharma Austria<\/title>\n<meta name=\"robots\" content=\"index, follow, max-snippet:-1, max-image-preview:large, max-video-preview:-1\" \/>\n<link rel=\"canonical\" href=\"https:\/\/www.everpharma.com\/aut\/aerzteservice\/\" \/>\n<meta property=\"og:locale\" content=\"de_DE\" \/>\n<meta property=\"og:type\" content=\"article\" \/>\n<meta property=\"og:title\" content=\"\u00c4rzteservice - EVER Pharma Austria\" \/>\n<meta property=\"og:description\" content=\"\u00c4rzteservice. Derzeit stehen hier keine Informationen zur Verf\u00fcgung. F\u00fcr Informationen zu den Produkten rufen Sie bitte die entsprechende Fachinformation im Bereich \u201eUnsere Produkte\u201c auf.\" \/>\n<meta property=\"og:url\" content=\"https:\/\/www.everpharma.com\/aut\/aerzteservice\/\" \/>\n<meta property=\"og:site_name\" content=\"EVER Pharma Austria\" \/>\n<meta property=\"article:modified_time\" content=\"2025-02-17T16:36:35+00:00\" \/>\n<meta name=\"twitter:card\" content=\"summary_large_image\" \/>\n<script type=\"application\/ld+json\" class=\"yoast-schema-graph\">{\"@context\":\"https:\\\/\\\/schema.org\",\"@graph\":[{\"@type\":\"WebPage\",\"@id\":\"https:\\\/\\\/www.everpharma.com\\\/aut\\\/aerzteservice\\\/\",\"url\":\"https:\\\/\\\/www.everpharma.com\\\/aut\\\/aerzteservice\\\/\",\"name\":\"\u00c4rzteservice - EVER Pharma Austria\",\"isPartOf\":{\"@id\":\"https:\\\/\\\/www.everpharma.com\\\/aut\\\/#website\"},\"datePublished\":\"2021-10-29T16:08:23+00:00\",\"dateModified\":\"2025-02-17T16:36:35+00:00\",\"breadcrumb\":{\"@id\":\"https:\\\/\\\/www.everpharma.com\\\/aut\\\/aerzteservice\\\/#breadcrumb\"},\"inLanguage\":\"de\",\"potentialAction\":[{\"@type\":\"ReadAction\",\"target\":[\"https:\\\/\\\/www.everpharma.com\\\/aut\\\/aerzteservice\\\/\"]}]},{\"@type\":\"BreadcrumbList\",\"@id\":\"https:\\\/\\\/www.everpharma.com\\\/aut\\\/aerzteservice\\\/#breadcrumb\",\"itemListElement\":[{\"@type\":\"ListItem\",\"position\":1,\"name\":\"Startseite\",\"item\":\"https:\\\/\\\/www.everpharma.com\\\/aut\\\/\"},{\"@type\":\"ListItem\",\"position\":2,\"name\":\"\u00c4rzteservice\"}]},{\"@type\":\"WebSite\",\"@id\":\"https:\\\/\\\/www.everpharma.com\\\/aut\\\/#website\",\"url\":\"https:\\\/\\\/www.everpharma.com\\\/aut\\\/\",\"name\":\"EVER Pharma Austria\",\"description\":\"Dedicated to Health.\",\"potentialAction\":[{\"@type\":\"SearchAction\",\"target\":{\"@type\":\"EntryPoint\",\"urlTemplate\":\"https:\\\/\\\/www.everpharma.com\\\/aut\\\/?s={search_term_string}\"},\"query-input\":{\"@type\":\"PropertyValueSpecification\",\"valueRequired\":true,\"valueName\":\"search_term_string\"}}],\"inLanguage\":\"de\"}]}<\/script>\n<!-- \/ Yoast SEO plugin. -->","yoast_head_json":{"title":"\u00c4rzteservice - EVER Pharma Austria","robots":{"index":"index","follow":"follow","max-snippet":"max-snippet:-1","max-image-preview":"max-image-preview:large","max-video-preview":"max-video-preview:-1"},"canonical":"https:\/\/www.everpharma.com\/aut\/aerzteservice\/","og_locale":"de_DE","og_type":"article","og_title":"\u00c4rzteservice - EVER Pharma Austria","og_description":"\u00c4rzteservice. Derzeit stehen hier keine Informationen zur Verf\u00fcgung. F\u00fcr Informationen zu den Produkten rufen Sie bitte die entsprechende Fachinformation im Bereich \u201eUnsere Produkte\u201c auf.","og_url":"https:\/\/www.everpharma.com\/aut\/aerzteservice\/","og_site_name":"EVER Pharma Austria","article_modified_time":"2025-02-17T16:36:35+00:00","twitter_card":"summary_large_image","schema":{"@context":"https:\/\/schema.org","@graph":[{"@type":"WebPage","@id":"https:\/\/www.everpharma.com\/aut\/aerzteservice\/","url":"https:\/\/www.everpharma.com\/aut\/aerzteservice\/","name":"\u00c4rzteservice - EVER Pharma Austria","isPartOf":{"@id":"https:\/\/www.everpharma.com\/aut\/#website"},"datePublished":"2021-10-29T16:08:23+00:00","dateModified":"2025-02-17T16:36:35+00:00","breadcrumb":{"@id":"https:\/\/www.everpharma.com\/aut\/aerzteservice\/#breadcrumb"},"inLanguage":"de","potentialAction":[{"@type":"ReadAction","target":["https:\/\/www.everpharma.com\/aut\/aerzteservice\/"]}]},{"@type":"BreadcrumbList","@id":"https:\/\/www.everpharma.com\/aut\/aerzteservice\/#breadcrumb","itemListElement":[{"@type":"ListItem","position":1,"name":"Startseite","item":"https:\/\/www.everpharma.com\/aut\/"},{"@type":"ListItem","position":2,"name":"\u00c4rzteservice"}]},{"@type":"WebSite","@id":"https:\/\/www.everpharma.com\/aut\/#website","url":"https:\/\/www.everpharma.com\/aut\/","name":"EVER Pharma Austria","description":"Dedicated to Health.","potentialAction":[{"@type":"SearchAction","target":{"@type":"EntryPoint","urlTemplate":"https:\/\/www.everpharma.com\/aut\/?s={search_term_string}"},"query-input":{"@type":"PropertyValueSpecification","valueRequired":true,"valueName":"search_term_string"}}],"inLanguage":"de"}]}},"acf":[],"_links":{"self":[{"href":"https:\/\/www.everpharma.com\/aut\/wp-json\/wp\/v2\/pages\/813","targetHints":{"allow":["GET"]}}],"collection":[{"href":"https:\/\/www.everpharma.com\/aut\/wp-json\/wp\/v2\/pages"}],"about":[{"href":"https:\/\/www.everpharma.com\/aut\/wp-json\/wp\/v2\/types\/page"}],"author":[{"embeddable":true,"href":"https:\/\/www.everpharma.com\/aut\/wp-json\/wp\/v2\/users\/2"}],"replies":[{"embeddable":true,"href":"https:\/\/www.everpharma.com\/aut\/wp-json\/wp\/v2\/comments?post=813"}],"version-history":[{"count":7,"href":"https:\/\/www.everpharma.com\/aut\/wp-json\/wp\/v2\/pages\/813\/revisions"}],"predecessor-version":[{"id":1068,"href":"https:\/\/www.everpharma.com\/aut\/wp-json\/wp\/v2\/pages\/813\/revisions\/1068"}],"wp:attachment":[{"href":"https:\/\/www.everpharma.com\/aut\/wp-json\/wp\/v2\/media?parent=813"}],"curies":[{"name":"wp","href":"https:\/\/api.w.org\/{rel}","templated":true}]}}