{"id":418,"date":"2021-07-04T14:16:54","date_gmt":"2021-07-04T14:16:54","guid":{"rendered":"https:\/\/www.everpharma.com\/aut\/?page_id=418"},"modified":"2021-07-04T14:16:55","modified_gmt":"2021-07-04T14:16:55","slug":"datenschutz","status":"publish","type":"page","link":"https:\/\/www.everpharma.com\/aut\/datenschutz\/","title":{"rendered":"Datenschutz"},"content":{"rendered":"\n<h2 class=\"is-style-section-title wp-block-heading\">Datenschutz.<\/h2>\n\n\n\n<h4 class=\"wp-block-heading\">Informationspflichten nach Art. 13 EU Datenschutz-Grundverordnung (DSGVO)<\/h4>\n\n\n\n<p>Mit Ihrem Zugriff auf unsere Webseiten werden Informationen \u00fcber den Zugriff (Datum, Uhrzeit, betrachtete Seite, Datenmenge, abrufende IP-Adresse (anonymisiert)) als Logdateien auf unserem Server gespeichert. Dies erfolgt auf Rechtsgrundlage des berechtigten Interesses der Sicherstellung des reibungslosen Betriebs unseres Informationsangebots sowie zur Optimierung dieses Angebots. Diese Daten werden von uns ausschlie\u00dflich f\u00fcr eigene, statistische Zwecke, in anonymisierter Form ausgewertet.<\/p>\n\n\n\n<p>Die Verarbeitung findet im Namen der EVER Pharma in gemeinsamer Verantwortung mit den anderen Unternehmen der EVER Firmengruppe statt. Unsere Kontaktdaten finden Sie&nbsp;<a href=\"https:\/\/www.everaustria.at\/bottom-navigation\/impressum\/\">hier<\/a>.<\/p>\n\n\n\n<p>Ihre Daten werden grunds\u00e4tzlich nicht an Dritte weiter gegeben. Eine Ausnahme ist die Weitergabe an Auftragsverarbeiter, die ausschlie\u00dflich auf Weisung von EVER arbeiten, die Daten nicht f\u00fcr eigene Zwecke verwenden und \u00fcber eigene Vereinbarungen an die datenschutzrechtlichen Verpflichtungen der Datenschutzgrundverordnung gebunden sind.<\/p>\n\n\n\n<p>Sie haben das Recht auf Auskunft, Berichtigung und L\u00f6schung der Daten, das Recht auf Einschr\u00e4nkung der Verarbeitung, auf Widerspruch zur Verarbeitung sowie das Recht zur Beschwerde bei einer Aufsichtsbeh\u00f6rde.<\/p>\n\n\n\n<p><strong>Hinweis zum Einsatz von Cookies:<\/strong><\/p>\n\n\n\n<p>Auf dieser Website wird Software zur Analyse der Benutzung der Website eingesetzt.<\/p>\n\n\n\n<p>Durch die Auswertung dieser Daten k\u00f6nnen wertvolle Erkenntnisse \u00fcber die Bed\u00fcrfnisse der Nutzer gewonnen werden. Diese Erkenntnisse tragen dazu bei, die Qualit\u00e4t des Angebotes noch weiter zu verbessern.<\/p>\n\n\n\n<p>In diesem Zusammenhang kommen auch sogenannte Cookies zum Einsatz. Cookies sind Textdateien, die auf dem Computer des Besuchers der Website gespeichert werden und so die Wiedererkennung eines Besuchers auf anonymer Basis erm\u00f6glichen. Cookies k\u00f6nnen im Allgemeinen durch entsprechende Browsereinstellungen abgelehnt oder gel\u00f6scht werden.<\/p>\n\n\n\n<p>Diese Website benutzt Google Analytics, einen Webanalysedienst der Google Inc. (\u201eGoogle\u201c). Die durch den Google-Cookie erzeugten Informationen \u00fcber Ihre Benutzung dieser Website werden in der Regel an einen Server von Google in den USA \u00fcbertragen und dort gespeichert. Im Falle der Aktivierung der IP-Anonymisierung auf dieser Webseite, wird Ihre IP-Adresse von Google jedoch innerhalb von Mitgliedstaaten der Europ\u00e4ischen Union oder in anderen Vertragsstaaten des Abkommens \u00fcber den Europ\u00e4ischen Wirtschaftsraum zuvor gek\u00fcrzt. Nur in Ausnahmef\u00e4llen wird die volle IP-Adresse an einen Server von Google in den USA \u00fcbertragen und dort gek\u00fcrzt. Im Auftrag des Betreibers dieser Website wird Google diese Informationen benutzen, um Ihre Nutzung der Website auszuwerten, um Reports \u00fcber die Websiteaktivit\u00e4ten zusammenzustellen und um weitere mit der Websitenutzung und der Internetnutzung verbundene Dienstleistungen gegen\u00fcber dem Websitebetreiber zu erbringen. Die im Rahmen von Google Analytics von Ihrem Browser \u00fcbermittelte IP-Adresse wird nicht mit anderen Daten von Google zusammengef\u00fchrt. Sie k\u00f6nnen die Speicherung der Cookies durch eine entsprechende Einstellung Ihrer Browser-Software verhindern; wir weisen Sie jedoch darauf hin, dass Sie in diesem Fall gegebenenfalls nicht s\u00e4mtliche Funktionen dieser Website vollumf\u00e4nglich werden nutzen k\u00f6nnen.<\/p>\n\n\n\n<p>Sie k\u00f6nnen dar\u00fcber hinaus die Erfassung der durch das Cookie erzeugten und auf Ihre Nutzung der Website bezogenen Daten (inkl. Ihrer IP-Adresse) an Google sowie die Verarbeitung dieser Daten durch Google verhindern, indem sie das unter dem folgenden Link verf\u00fcgbare Browser-Plugin herunterladen und installieren&nbsp;<a href=\"http:\/\/tools.google.com\/dlpage\/gaoptout?hl=de\" target=\"_blank\" rel=\"noreferrer noopener\">http:\/\/tools.google.com\/dlpage\/gaoptout?hl=de<\/a>&nbsp;.<\/p>\n\n\n\n<p>N\u00e4here Informationen zu Nutzungsbedingungen und Datenschutz finden Sie unter den Google Analytics Bedingungen bzw. unter der Google Analytics \u00dcbersicht. Wir weisen Sie darauf hin, dass auf dieser Webseite Google Analytics um den Code &#8222;gat._anonymizeIp();&#8220; erweitert wurde, um eine anonymisierte Erfassung von IP-Adressen (sog. IP-Masking) zu gew\u00e4hrleisten. Die so von Google Analytics gesammelten Daten werden automatisch 26 Monate nach dem Website-Besuch gel\u00f6scht.<\/p>\n\n\n\n<div style=\"height:100px\" aria-hidden=\"true\" class=\"wp-block-spacer\"><\/div>\n","protected":false},"excerpt":{"rendered":"<p>Datenschutz. Informationspflichten nach Art. 13 EU Datenschutz-Grundverordnung (DSGVO) Mit Ihrem Zugriff auf unsere Webseiten werden Informationen \u00fcber den Zugriff (Datum, Uhrzeit, betrachtete Seite, Datenmenge, abrufende IP-Adresse (anonymisiert)) als Logdateien auf unserem Server gespeichert. Dies erfolgt auf Rechtsgrundlage des berechtigten Interesses der Sicherstellung des reibungslosen Betriebs unseres Informationsangebots sowie zur Optimierung dieses Angebots. Diese Daten werden &hellip; <a href=\"https:\/\/www.everpharma.com\/aut\/datenschutz\/\">Continued<\/a><\/p>\n","protected":false},"author":2,"featured_media":0,"parent":0,"menu_order":19,"comment_status":"closed","ping_status":"closed","template":"","meta":{"_acf_changed":false,"footnotes":""},"class_list":["post-418","page","type-page","status-publish","hentry"],"yoast_head":"<!-- This site is optimized with the Yoast SEO plugin v27.4 - https:\/\/yoast.com\/product\/yoast-seo-wordpress\/ -->\n<title>Datenschutz - EVER Pharma Austria<\/title>\n<meta name=\"robots\" content=\"index, follow, max-snippet:-1, max-image-preview:large, max-video-preview:-1\" \/>\n<link rel=\"canonical\" href=\"https:\/\/www.everpharma.com\/aut\/datenschutz\/\" \/>\n<meta property=\"og:locale\" content=\"de_DE\" \/>\n<meta property=\"og:type\" content=\"article\" \/>\n<meta property=\"og:title\" content=\"Datenschutz - EVER Pharma Austria\" \/>\n<meta property=\"og:description\" content=\"Datenschutz. Informationspflichten nach Art. 13 EU Datenschutz-Grundverordnung (DSGVO) Mit Ihrem Zugriff auf unsere Webseiten werden Informationen \u00fcber den Zugriff (Datum, Uhrzeit, betrachtete Seite, Datenmenge, abrufende IP-Adresse (anonymisiert)) als Logdateien auf unserem Server gespeichert. Dies erfolgt auf Rechtsgrundlage des berechtigten Interesses der Sicherstellung des reibungslosen Betriebs unseres Informationsangebots sowie zur Optimierung dieses Angebots. Diese Daten werden &hellip; Continued\" \/>\n<meta property=\"og:url\" content=\"https:\/\/www.everpharma.com\/aut\/datenschutz\/\" \/>\n<meta property=\"og:site_name\" content=\"EVER Pharma Austria\" \/>\n<meta property=\"article:modified_time\" content=\"2021-07-04T14:16:55+00:00\" \/>\n<meta name=\"twitter:card\" content=\"summary_large_image\" \/>\n<meta name=\"twitter:label1\" content=\"Gesch\u00e4tzte Lesezeit\" \/>\n\t<meta name=\"twitter:data1\" content=\"3\u00a0Minuten\" \/>\n<script type=\"application\/ld+json\" class=\"yoast-schema-graph\">{\"@context\":\"https:\\\/\\\/schema.org\",\"@graph\":[{\"@type\":\"WebPage\",\"@id\":\"https:\\\/\\\/www.everpharma.com\\\/aut\\\/datenschutz\\\/\",\"url\":\"https:\\\/\\\/www.everpharma.com\\\/aut\\\/datenschutz\\\/\",\"name\":\"Datenschutz - EVER Pharma Austria\",\"isPartOf\":{\"@id\":\"https:\\\/\\\/www.everpharma.com\\\/aut\\\/#website\"},\"datePublished\":\"2021-07-04T14:16:54+00:00\",\"dateModified\":\"2021-07-04T14:16:55+00:00\",\"breadcrumb\":{\"@id\":\"https:\\\/\\\/www.everpharma.com\\\/aut\\\/datenschutz\\\/#breadcrumb\"},\"inLanguage\":\"de\",\"potentialAction\":[{\"@type\":\"ReadAction\",\"target\":[\"https:\\\/\\\/www.everpharma.com\\\/aut\\\/datenschutz\\\/\"]}]},{\"@type\":\"BreadcrumbList\",\"@id\":\"https:\\\/\\\/www.everpharma.com\\\/aut\\\/datenschutz\\\/#breadcrumb\",\"itemListElement\":[{\"@type\":\"ListItem\",\"position\":1,\"name\":\"Startseite\",\"item\":\"https:\\\/\\\/www.everpharma.com\\\/aut\\\/\"},{\"@type\":\"ListItem\",\"position\":2,\"name\":\"Datenschutz\"}]},{\"@type\":\"WebSite\",\"@id\":\"https:\\\/\\\/www.everpharma.com\\\/aut\\\/#website\",\"url\":\"https:\\\/\\\/www.everpharma.com\\\/aut\\\/\",\"name\":\"EVER Pharma Austria\",\"description\":\"Dedicated to Health.\",\"potentialAction\":[{\"@type\":\"SearchAction\",\"target\":{\"@type\":\"EntryPoint\",\"urlTemplate\":\"https:\\\/\\\/www.everpharma.com\\\/aut\\\/?s={search_term_string}\"},\"query-input\":{\"@type\":\"PropertyValueSpecification\",\"valueRequired\":true,\"valueName\":\"search_term_string\"}}],\"inLanguage\":\"de\"}]}<\/script>\n<!-- \/ Yoast SEO plugin. -->","yoast_head_json":{"title":"Datenschutz - EVER Pharma Austria","robots":{"index":"index","follow":"follow","max-snippet":"max-snippet:-1","max-image-preview":"max-image-preview:large","max-video-preview":"max-video-preview:-1"},"canonical":"https:\/\/www.everpharma.com\/aut\/datenschutz\/","og_locale":"de_DE","og_type":"article","og_title":"Datenschutz - EVER Pharma Austria","og_description":"Datenschutz. Informationspflichten nach Art. 13 EU Datenschutz-Grundverordnung (DSGVO) Mit Ihrem Zugriff auf unsere Webseiten werden Informationen \u00fcber den Zugriff (Datum, Uhrzeit, betrachtete Seite, Datenmenge, abrufende IP-Adresse (anonymisiert)) als Logdateien auf unserem Server gespeichert. Dies erfolgt auf Rechtsgrundlage des berechtigten Interesses der Sicherstellung des reibungslosen Betriebs unseres Informationsangebots sowie zur Optimierung dieses Angebots. Diese Daten werden &hellip; Continued","og_url":"https:\/\/www.everpharma.com\/aut\/datenschutz\/","og_site_name":"EVER Pharma Austria","article_modified_time":"2021-07-04T14:16:55+00:00","twitter_card":"summary_large_image","twitter_misc":{"Gesch\u00e4tzte Lesezeit":"3\u00a0Minuten"},"schema":{"@context":"https:\/\/schema.org","@graph":[{"@type":"WebPage","@id":"https:\/\/www.everpharma.com\/aut\/datenschutz\/","url":"https:\/\/www.everpharma.com\/aut\/datenschutz\/","name":"Datenschutz - EVER Pharma Austria","isPartOf":{"@id":"https:\/\/www.everpharma.com\/aut\/#website"},"datePublished":"2021-07-04T14:16:54+00:00","dateModified":"2021-07-04T14:16:55+00:00","breadcrumb":{"@id":"https:\/\/www.everpharma.com\/aut\/datenschutz\/#breadcrumb"},"inLanguage":"de","potentialAction":[{"@type":"ReadAction","target":["https:\/\/www.everpharma.com\/aut\/datenschutz\/"]}]},{"@type":"BreadcrumbList","@id":"https:\/\/www.everpharma.com\/aut\/datenschutz\/#breadcrumb","itemListElement":[{"@type":"ListItem","position":1,"name":"Startseite","item":"https:\/\/www.everpharma.com\/aut\/"},{"@type":"ListItem","position":2,"name":"Datenschutz"}]},{"@type":"WebSite","@id":"https:\/\/www.everpharma.com\/aut\/#website","url":"https:\/\/www.everpharma.com\/aut\/","name":"EVER Pharma Austria","description":"Dedicated to Health.","potentialAction":[{"@type":"SearchAction","target":{"@type":"EntryPoint","urlTemplate":"https:\/\/www.everpharma.com\/aut\/?s={search_term_string}"},"query-input":{"@type":"PropertyValueSpecification","valueRequired":true,"valueName":"search_term_string"}}],"inLanguage":"de"}]}},"acf":[],"_links":{"self":[{"href":"https:\/\/www.everpharma.com\/aut\/wp-json\/wp\/v2\/pages\/418","targetHints":{"allow":["GET"]}}],"collection":[{"href":"https:\/\/www.everpharma.com\/aut\/wp-json\/wp\/v2\/pages"}],"about":[{"href":"https:\/\/www.everpharma.com\/aut\/wp-json\/wp\/v2\/types\/page"}],"author":[{"embeddable":true,"href":"https:\/\/www.everpharma.com\/aut\/wp-json\/wp\/v2\/users\/2"}],"replies":[{"embeddable":true,"href":"https:\/\/www.everpharma.com\/aut\/wp-json\/wp\/v2\/comments?post=418"}],"version-history":[{"count":1,"href":"https:\/\/www.everpharma.com\/aut\/wp-json\/wp\/v2\/pages\/418\/revisions"}],"predecessor-version":[{"id":419,"href":"https:\/\/www.everpharma.com\/aut\/wp-json\/wp\/v2\/pages\/418\/revisions\/419"}],"wp:attachment":[{"href":"https:\/\/www.everpharma.com\/aut\/wp-json\/wp\/v2\/media?parent=418"}],"curies":[{"name":"wp","href":"https:\/\/api.w.org\/{rel}","templated":true}]}}