{"id":203,"date":"2021-05-30T17:25:03","date_gmt":"2021-05-30T17:25:03","guid":{"rendered":"https:\/\/www.everpharma.com\/austria\/?page_id=203"},"modified":"2023-02-17T14:09:43","modified_gmt":"2023-02-17T14:09:43","slug":"fur-ihre-patienten","status":"publish","type":"page","link":"https:\/\/www.everpharma.com\/aut\/fur-ihre-patienten\/","title":{"rendered":"F\u00fcr Ihre Patienten"},"content":{"rendered":"\n<h2 class=\"is-style-page-title wp-block-heading\">F\u00fcr Ihre Patienten.<\/h2>\n\n\n\n<div class=\"wp-block-cover is-light\" style=\"min-height:350px;aspect-ratio:unset;\"><span aria-hidden=\"true\" class=\"has-theme-gray-background-color has-background-dim-100 wp-block-cover__gradient-background has-background-dim\"><\/span><div class=\"wp-block-cover__inner-container is-layout-flow wp-block-cover-is-layout-flow\">\n<div class=\"wp-block-columns are-vertically-aligned-center is-layout-flex wp-container-core-columns-is-layout-9d6595d7 wp-block-columns-is-layout-flex\">\n<div class=\"wp-block-column is-vertically-aligned-center is-layout-flow wp-block-column-is-layout-flow\" style=\"flex-basis:240px\">\n<div class=\"wp-block-image\"><figure class=\"alignleft size-full is-resized\"><img loading=\"lazy\" decoding=\"async\" src=\"https:\/\/www.everpharma.com\/aut\/wp-content\/uploads\/sites\/5\/2021\/08\/Amiodaron-1.gif\" alt=\"\" class=\"wp-image-739\" width=\"180\" height=\"255\"\/><\/figure><\/div>\n<\/div>\n\n\n\n<div class=\"wp-block-column is-vertically-aligned-center is-layout-flow wp-block-column-is-layout-flow\" style=\"flex-basis:90%\">\n<h4 class=\"has-theme-gray-dark-color has-text-color wp-block-heading\"><strong>Patienteninformation \u201eAmiodaron Arcana 200 mg Tabletten\u201c<\/strong> <\/h4>\n\n\n\n<p class=\"has-theme-gray-dark-color has-text-color\">In den letzten Jahren hat das Wissen \u00fcber Ursachen, den Verlauf und die Therapie von Vorhofflimmern stetig zugenommen. Patienten, die an Vorhofflimmern leiden, klagen oft \u00fcber eine deutliche Verringerung der Lebensqualit\u00e4t, \u00fcber k\u00f6rperliche Leistungseinschr\u00e4nkungen bis hin zu einer hohen psychischen Belastung. Die vorliegende Brosch\u00fcre enth\u00e4lt Informationen \u00fcber das Medikament Amiodaron sowie \u00fcber die Wirksamkeit und relevante Verhaltensma\u00dfnahmen w\u00e4hrend der Therapie. <\/p>\n\n\n\n<div class=\"wp-block-buttons is-layout-flex wp-block-buttons-is-layout-flex\">\n<div class=\"wp-block-button\"><a class=\"wp-block-button__link\" href=\"https:\/\/www.everaustria.at\/fileadmin\/user_upload\/pdf\/patientenbroschueren\/PRINT02%20-%20EVER%20AUSTRIA%20-%20Patientenbrosch%C3%BCre%20Amiodaron%20Arcana%201-2019.pdf\" target=\"_blank\" rel=\"noreferrer noopener\">PDF-Download<\/a><\/div>\n<\/div>\n<\/div>\n<\/div>\n\n\n\n<p><\/p>\n<\/div><\/div>\n\n\n\n<div style=\"height:10px\" aria-hidden=\"true\" class=\"wp-block-spacer\"><\/div>\n\n\n\n<div class=\"wp-block-cover is-light\" style=\"min-height:350px;aspect-ratio:unset;\"><span aria-hidden=\"true\" class=\"has-theme-gray-background-color has-background-dim-100 wp-block-cover__gradient-background has-background-dim\"><\/span><div class=\"wp-block-cover__inner-container is-layout-flow wp-block-cover-is-layout-flow\">\n<div class=\"wp-block-columns are-vertically-aligned-center is-layout-flex wp-container-core-columns-is-layout-9d6595d7 wp-block-columns-is-layout-flex\">\n<div class=\"wp-block-column is-vertically-aligned-center is-layout-flow wp-block-column-is-layout-flow\" style=\"flex-basis:240px\">\n<div class=\"wp-block-image\"><figure class=\"alignleft size-full is-resized\"><img loading=\"lazy\" decoding=\"async\" src=\"https:\/\/www.everpharma.com\/aut\/wp-content\/uploads\/sites\/5\/2021\/08\/csm_Fulvestrant-Mitfu__hrbescheinigung_12-2020_087c5b7e13-1.gif\" alt=\"\" class=\"wp-image-740\" width=\"180\" height=\"255\"\/><\/figure><\/div>\n<\/div>\n\n\n\n<div class=\"wp-block-column is-vertically-aligned-center is-layout-flow wp-block-column-is-layout-flow\" style=\"flex-basis:90%\">\n<h4 class=\"has-theme-gray-dark-color has-text-color wp-block-heading\"><strong><strong>\u00c4rztliche Mitf\u00fchrbescheinigung<\/strong> <\/strong><\/h4>\n\n\n\n<p class=\"has-theme-gray-dark-color has-text-color\">Die \u00c4rztliche Mitf\u00fchrbescheinigung dient dem Patienten bei Flugreisen, damit die Fulvestrant EVER Pharma-Fertigspritze mit dem Handgep\u00e4ck mitgef\u00fchrt werden darf. <\/p>\n\n\n\n<div class=\"wp-block-buttons is-layout-flex wp-block-buttons-is-layout-flex\">\n<div class=\"wp-block-button\"><a class=\"wp-block-button__link\" href=\"https:\/\/www.everaustria.at\/fileadmin\/user_upload\/pdf\/patientenbroschueren\/Fulvestrant-Mitfuehrbescheinigung_12-2020.pdf\" target=\"_blank\" rel=\"noreferrer noopener\">PDF-Download<\/a><\/div>\n<\/div>\n<\/div>\n<\/div>\n\n\n\n<p><\/p>\n<\/div><\/div>\n\n\n\n<div style=\"height:10px\" aria-hidden=\"true\" class=\"wp-block-spacer\"><\/div>\n\n\n\n<div class=\"wp-block-cover is-light\" style=\"min-height:350px;aspect-ratio:unset;\"><span aria-hidden=\"true\" class=\"has-theme-gray-background-color has-background-dim-100 wp-block-cover__gradient-background has-background-dim\"><\/span><div class=\"wp-block-cover__inner-container is-layout-flow wp-block-cover-is-layout-flow\">\n<div class=\"wp-block-columns are-vertically-aligned-center is-layout-flex wp-container-core-columns-is-layout-9d6595d7 wp-block-columns-is-layout-flex\">\n<div class=\"wp-block-column is-vertically-aligned-center is-layout-flow wp-block-column-is-layout-flow\" style=\"flex-basis:240px\">\n<div class=\"wp-block-image\"><figure class=\"alignleft size-full\"><img loading=\"lazy\" decoding=\"async\" width=\"446\" height=\"632\" src=\"https:\/\/www.everpharma.com\/aut\/wp-content\/uploads\/sites\/5\/2021\/08\/Dacepton.gif\" alt=\"\" class=\"wp-image-741\"\/><\/figure><\/div>\n<\/div>\n\n\n\n<div class=\"wp-block-column is-vertically-aligned-center is-layout-flow wp-block-column-is-layout-flow\" style=\"flex-basis:90%\">\n<h4 class=\"has-theme-gray-dark-color has-text-color wp-block-heading\"><strong><strong>Patientenbrosch\u00fcre &#8222;Was ist Dacepton?&#8220;<\/strong><\/strong><\/h4>\n\n\n\n<p class=\"has-theme-gray-dark-color has-text-color\">Dacepton\u00ae ist ein Medikament zur Behandlung von Patienten mit fortgeschrittenem Morbus Parkinson. Der aktive Wirkstoff von Dacepton\u00ae ist Apomorphin Hydrochlorid. Dacepton\u00ae ist ein starker und direkter Dopamin-Rezeptor-Agonist. Subkutan verabreicht hat Apomorphin\u00ae einen qualitativ rascheren Anti-Parkinson-Effekt in Vergleich zu Levodopa.<\/p>\n\n\n\n<p class=\"has-theme-gray-dark-color has-text-color\">Patientenbrosch\u00fcre: Kontinuierliche Dopaminerge Stimulation<br>Apomorphin Therapie bei fortgeschrittenem Morbus Parkinson<br>MORBUS PARKINSON IM FORTGESCHRITTENEM STADIUM: Die Parkinson-Erkrankung geht vom zentralen Nervensystem aus. Sie ist eine degenerative Erkrankung und im weiteren Verlauf wird der positive Effekt der oralen Medikamente zusehends unvorhersehbar. Im fortgeschrittenen Stadium sind motorische F\u00e4higkeiten betroffen. Betroffene erleben oft den Verlust \u00fcber die Kontrolle ihrer Bewegungen sowie h\u00e4ufige Bewegungsschwankungen. Die Brosch\u00fcre beantwortet die wichtigsten Fragen zum Thema \u201esubkutane Therapie mit Apomorphin\u201c.<\/p>\n\n\n\n<div class=\"wp-block-buttons is-layout-flex wp-block-buttons-is-layout-flex\">\n<div class=\"wp-block-button\"><a class=\"wp-block-button__link\" href=\"https:\/\/www.everaustria.at\/fileadmin\/user_upload\/pdf\/patientenbroschueren\/DAC_CDS_AT_DACAT0520161.PDF\" target=\"_blank\" rel=\"noreferrer noopener\">PDF-Download<\/a><\/div>\n<\/div>\n<\/div>\n<\/div>\n\n\n\n<p><\/p>\n<\/div><\/div>\n\n\n\n<div style=\"height:10px\" aria-hidden=\"true\" class=\"wp-block-spacer\"><\/div>\n\n\n\n<div class=\"wp-block-cover is-light\" style=\"min-height:350px;aspect-ratio:unset;\"><span aria-hidden=\"true\" class=\"has-theme-gray-background-color has-background-dim-100 wp-block-cover__gradient-background has-background-dim\"><\/span><div class=\"wp-block-cover__inner-container is-layout-flow wp-block-cover-is-layout-flow\">\n<div class=\"wp-block-columns are-vertically-aligned-center is-layout-flex wp-container-core-columns-is-layout-9d6595d7 wp-block-columns-is-layout-flex\">\n<div class=\"wp-block-column is-vertically-aligned-center is-layout-flow wp-block-column-is-layout-flow\" style=\"flex-basis:240px\">\n<div class=\"wp-block-image\"><figure class=\"alignleft size-full is-resized\"><img loading=\"lazy\" decoding=\"async\" src=\"https:\/\/www.everpharma.com\/aut\/wp-content\/uploads\/sites\/5\/2021\/08\/Metoject.gif\" alt=\"\" class=\"wp-image-744\" width=\"180\" height=\"255\"\/><\/figure><\/div>\n<\/div>\n\n\n\n<div class=\"wp-block-column is-vertically-aligned-center is-layout-flow wp-block-column-is-layout-flow\" style=\"flex-basis:90%\">\n<h4 class=\"has-theme-gray-dark-color has-text-color wp-block-heading\"><strong><strong>Metoject\u00ae Patientenbrosch\u00fcre<\/strong><\/strong><\/h4>\n\n\n\n<p class=\"has-theme-gray-dark-color has-text-color\">Methotrexat (Metoject\u00ae Fertigspritze) geh\u00f6rt zu den sogenannten Basistherapeutika, die zur Behandlung verschiedener Autoimmunerkrankungen wie z.B. Rheumatoide Arthritis, Psoriasis, Psoriasisarthritis und Morbus Crohn zum Einsatz kommen. Die Brosch\u00fcre kann das Gespr\u00e4ch mit dem Arzt nicht ersetzen. Sie dient lediglich dazu, erg\u00e4nzende Informationen in einer komprimierten Form zu \u00fcbermitteln.<\/p>\n\n\n\n<div class=\"wp-block-buttons is-layout-flex wp-block-buttons-is-layout-flex\">\n<div class=\"wp-block-button\"><a class=\"wp-block-button__link\" href=\"https:\/\/www.everaustria.at\/fileadmin\/user_upload\/pdf\/guidelines\/PRINT-EVER_Metoject_Pat_Brosch_2017.pdf\" target=\"_blank\" rel=\"noreferrer noopener\">PDF-Download<\/a><\/div>\n<\/div>\n<\/div>\n<\/div>\n\n\n\n<p><\/p>\n<\/div><\/div>\n\n\n\n<div style=\"height:100px\" aria-hidden=\"true\" class=\"wp-block-spacer\"><\/div>\n","protected":false},"excerpt":{"rendered":"<p>F\u00fcr Ihre Patienten.<\/p>\n","protected":false},"author":2,"featured_media":0,"parent":0,"menu_order":31,"comment_status":"closed","ping_status":"closed","template":"","meta":{"_acf_changed":false,"footnotes":""},"class_list":["post-203","page","type-page","status-publish","hentry"],"yoast_head":"<!-- This site is optimized with the Yoast SEO plugin v27.0 - https:\/\/yoast.com\/product\/yoast-seo-wordpress\/ -->\n<title>F\u00fcr Ihre Patienten - EVER Pharma Austria<\/title>\n<meta name=\"robots\" content=\"index, follow, max-snippet:-1, max-image-preview:large, max-video-preview:-1\" \/>\n<link rel=\"canonical\" href=\"https:\/\/www.everpharma.com\/aut\/fur-ihre-patienten\/\" \/>\n<meta property=\"og:locale\" content=\"de_DE\" \/>\n<meta property=\"og:type\" content=\"article\" \/>\n<meta property=\"og:title\" content=\"F\u00fcr Ihre Patienten - EVER Pharma Austria\" \/>\n<meta property=\"og:description\" content=\"F\u00fcr Ihre Patienten.\" \/>\n<meta property=\"og:url\" content=\"https:\/\/www.everpharma.com\/aut\/fur-ihre-patienten\/\" \/>\n<meta property=\"og:site_name\" content=\"EVER Pharma Austria\" \/>\n<meta property=\"article:modified_time\" content=\"2023-02-17T14:09:43+00:00\" \/>\n<meta property=\"og:image\" content=\"https:\/\/www.everpharma.com\/aut\/wp-content\/uploads\/sites\/5\/2021\/08\/Amiodaron-1.gif\" \/>\n<meta name=\"twitter:card\" content=\"summary_large_image\" \/>\n<meta name=\"twitter:label1\" content=\"Gesch\u00e4tzte Lesezeit\" \/>\n\t<meta name=\"twitter:data1\" content=\"1\u00a0Minute\" \/>\n<script type=\"application\/ld+json\" class=\"yoast-schema-graph\">{\"@context\":\"https:\/\/schema.org\",\"@graph\":[{\"@type\":\"WebPage\",\"@id\":\"https:\/\/www.everpharma.com\/aut\/fur-ihre-patienten\/\",\"url\":\"https:\/\/www.everpharma.com\/aut\/fur-ihre-patienten\/\",\"name\":\"F\u00fcr Ihre Patienten - EVER Pharma Austria\",\"isPartOf\":{\"@id\":\"https:\/\/www.everpharma.com\/aut\/#website\"},\"primaryImageOfPage\":{\"@id\":\"https:\/\/www.everpharma.com\/aut\/fur-ihre-patienten\/#primaryimage\"},\"image\":{\"@id\":\"https:\/\/www.everpharma.com\/aut\/fur-ihre-patienten\/#primaryimage\"},\"thumbnailUrl\":\"https:\/\/www.everpharma.com\/aut\/wp-content\/uploads\/sites\/5\/2021\/08\/Amiodaron-1.gif\",\"datePublished\":\"2021-05-30T17:25:03+00:00\",\"dateModified\":\"2023-02-17T14:09:43+00:00\",\"breadcrumb\":{\"@id\":\"https:\/\/www.everpharma.com\/aut\/fur-ihre-patienten\/#breadcrumb\"},\"inLanguage\":\"de\",\"potentialAction\":[{\"@type\":\"ReadAction\",\"target\":[\"https:\/\/www.everpharma.com\/aut\/fur-ihre-patienten\/\"]}]},{\"@type\":\"ImageObject\",\"inLanguage\":\"de\",\"@id\":\"https:\/\/www.everpharma.com\/aut\/fur-ihre-patienten\/#primaryimage\",\"url\":\"https:\/\/www.everpharma.com\/aut\/wp-content\/uploads\/sites\/5\/2021\/08\/Amiodaron-1.gif\",\"contentUrl\":\"https:\/\/www.everpharma.com\/aut\/wp-content\/uploads\/sites\/5\/2021\/08\/Amiodaron-1.gif\",\"width\":431,\"height\":607},{\"@type\":\"BreadcrumbList\",\"@id\":\"https:\/\/www.everpharma.com\/aut\/fur-ihre-patienten\/#breadcrumb\",\"itemListElement\":[{\"@type\":\"ListItem\",\"position\":1,\"name\":\"Startseite\",\"item\":\"https:\/\/www.everpharma.com\/aut\/\"},{\"@type\":\"ListItem\",\"position\":2,\"name\":\"F\u00fcr Ihre Patienten\"}]},{\"@type\":\"WebSite\",\"@id\":\"https:\/\/www.everpharma.com\/aut\/#website\",\"url\":\"https:\/\/www.everpharma.com\/aut\/\",\"name\":\"EVER Pharma Austria\",\"description\":\"Dedicated to Health.\",\"potentialAction\":[{\"@type\":\"SearchAction\",\"target\":{\"@type\":\"EntryPoint\",\"urlTemplate\":\"https:\/\/www.everpharma.com\/aut\/?s={search_term_string}\"},\"query-input\":{\"@type\":\"PropertyValueSpecification\",\"valueRequired\":true,\"valueName\":\"search_term_string\"}}],\"inLanguage\":\"de\"}]}<\/script>\n<!-- \/ Yoast SEO plugin. -->","yoast_head_json":{"title":"F\u00fcr Ihre Patienten - EVER Pharma Austria","robots":{"index":"index","follow":"follow","max-snippet":"max-snippet:-1","max-image-preview":"max-image-preview:large","max-video-preview":"max-video-preview:-1"},"canonical":"https:\/\/www.everpharma.com\/aut\/fur-ihre-patienten\/","og_locale":"de_DE","og_type":"article","og_title":"F\u00fcr Ihre Patienten - EVER Pharma Austria","og_description":"F\u00fcr Ihre Patienten.","og_url":"https:\/\/www.everpharma.com\/aut\/fur-ihre-patienten\/","og_site_name":"EVER Pharma Austria","article_modified_time":"2023-02-17T14:09:43+00:00","og_image":[{"url":"https:\/\/www.everpharma.com\/aut\/wp-content\/uploads\/sites\/5\/2021\/08\/Amiodaron-1.gif","type":"","width":"","height":""}],"twitter_card":"summary_large_image","twitter_misc":{"Gesch\u00e4tzte Lesezeit":"1\u00a0Minute"},"schema":{"@context":"https:\/\/schema.org","@graph":[{"@type":"WebPage","@id":"https:\/\/www.everpharma.com\/aut\/fur-ihre-patienten\/","url":"https:\/\/www.everpharma.com\/aut\/fur-ihre-patienten\/","name":"F\u00fcr Ihre Patienten - EVER Pharma Austria","isPartOf":{"@id":"https:\/\/www.everpharma.com\/aut\/#website"},"primaryImageOfPage":{"@id":"https:\/\/www.everpharma.com\/aut\/fur-ihre-patienten\/#primaryimage"},"image":{"@id":"https:\/\/www.everpharma.com\/aut\/fur-ihre-patienten\/#primaryimage"},"thumbnailUrl":"https:\/\/www.everpharma.com\/aut\/wp-content\/uploads\/sites\/5\/2021\/08\/Amiodaron-1.gif","datePublished":"2021-05-30T17:25:03+00:00","dateModified":"2023-02-17T14:09:43+00:00","breadcrumb":{"@id":"https:\/\/www.everpharma.com\/aut\/fur-ihre-patienten\/#breadcrumb"},"inLanguage":"de","potentialAction":[{"@type":"ReadAction","target":["https:\/\/www.everpharma.com\/aut\/fur-ihre-patienten\/"]}]},{"@type":"ImageObject","inLanguage":"de","@id":"https:\/\/www.everpharma.com\/aut\/fur-ihre-patienten\/#primaryimage","url":"https:\/\/www.everpharma.com\/aut\/wp-content\/uploads\/sites\/5\/2021\/08\/Amiodaron-1.gif","contentUrl":"https:\/\/www.everpharma.com\/aut\/wp-content\/uploads\/sites\/5\/2021\/08\/Amiodaron-1.gif","width":431,"height":607},{"@type":"BreadcrumbList","@id":"https:\/\/www.everpharma.com\/aut\/fur-ihre-patienten\/#breadcrumb","itemListElement":[{"@type":"ListItem","position":1,"name":"Startseite","item":"https:\/\/www.everpharma.com\/aut\/"},{"@type":"ListItem","position":2,"name":"F\u00fcr Ihre Patienten"}]},{"@type":"WebSite","@id":"https:\/\/www.everpharma.com\/aut\/#website","url":"https:\/\/www.everpharma.com\/aut\/","name":"EVER Pharma Austria","description":"Dedicated to Health.","potentialAction":[{"@type":"SearchAction","target":{"@type":"EntryPoint","urlTemplate":"https:\/\/www.everpharma.com\/aut\/?s={search_term_string}"},"query-input":{"@type":"PropertyValueSpecification","valueRequired":true,"valueName":"search_term_string"}}],"inLanguage":"de"}]}},"acf":[],"_links":{"self":[{"href":"https:\/\/www.everpharma.com\/aut\/wp-json\/wp\/v2\/pages\/203","targetHints":{"allow":["GET"]}}],"collection":[{"href":"https:\/\/www.everpharma.com\/aut\/wp-json\/wp\/v2\/pages"}],"about":[{"href":"https:\/\/www.everpharma.com\/aut\/wp-json\/wp\/v2\/types\/page"}],"author":[{"embeddable":true,"href":"https:\/\/www.everpharma.com\/aut\/wp-json\/wp\/v2\/users\/2"}],"replies":[{"embeddable":true,"href":"https:\/\/www.everpharma.com\/aut\/wp-json\/wp\/v2\/comments?post=203"}],"version-history":[{"count":18,"href":"https:\/\/www.everpharma.com\/aut\/wp-json\/wp\/v2\/pages\/203\/revisions"}],"predecessor-version":[{"id":990,"href":"https:\/\/www.everpharma.com\/aut\/wp-json\/wp\/v2\/pages\/203\/revisions\/990"}],"wp:attachment":[{"href":"https:\/\/www.everpharma.com\/aut\/wp-json\/wp\/v2\/media?parent=203"}],"curies":[{"name":"wp","href":"https:\/\/api.w.org\/{rel}","templated":true}]}}