{"id":100,"date":"2021-05-26T04:58:12","date_gmt":"2021-05-26T04:58:12","guid":{"rendered":"https:\/\/www.everpharma.com\/austria\/?page_id=100"},"modified":"2025-06-30T09:42:15","modified_gmt":"2025-06-30T09:42:15","slug":"commitments","status":"publish","type":"page","link":"https:\/\/www.everpharma.com\/aut\/commitments\/","title":{"rendered":"Commitments"},"content":{"rendered":"\n<div class=\"wp-block-cover is-style-floating-overlay\"><img decoding=\"async\" class=\"wp-block-cover__image-background wp-image-100\" alt=\"\" src=\"https:\/\/www.everpharma.com\/wp-content\/uploads\/2021\/02\/ET2B1567.jpg\" data-object-fit=\"cover\"\/><span aria-hidden=\"true\" class=\"wp-block-cover__background has-background-dim-0 has-background-dim\"><\/span><div class=\"wp-block-cover__inner-container is-layout-flow wp-block-cover-is-layout-flow\">\n<p class=\"has-text-align-center has-large-font-size\"><\/p>\n<\/div><\/div>\n\n\n\n<h1 class=\"wp-block-heading is-style-page-title\" id=\"Verantwortung\">Unsere Verantwortung.<\/h1>\n\n\n\n<div class=\"wp-block-columns is-layout-flex wp-container-core-columns-is-layout-9d6595d7 wp-block-columns-is-layout-flex\">\n<div class=\"wp-block-column is-layout-flow wp-block-column-is-layout-flow\" style=\"flex-basis:50%\">\n<p>Wir arbeiten f\u00fcr das gr\u00f6\u00dfte Wohl der Menschheit \u2013 Ihre Gesundheit! Das Wohlergehen des Patienten steht im Mittelpunkt unseres Handelns. Durch Innovation, Fokussierung und Unternehmergeist bringen wir spezialisierte therapeutische L\u00f6sungen mit Zusatznutzen auf den Markt, die Gesundheitssysteme rund um den Globus unterst\u00fctzen.<\/p>\n<\/div>\n\n\n\n<div class=\"wp-block-column is-layout-flow wp-block-column-is-layout-flow\" style=\"flex-basis:50%\">\n<p>Das gibt unserer t\u00e4glichen Arbeit einen Sinn und stellt die Essenz unseres Engagements f\u00fcr die Gesundheit dar.<\/p>\n<\/div>\n<\/div>\n\n\n\n<hr class=\"wp-block-separator has-css-opacity is-style-default\"\/>\n\n\n\n<div style=\"height:100px\" aria-hidden=\"true\" class=\"wp-block-spacer\"><\/div>\n\n\n\n<div style=\"height:50px\" aria-hidden=\"true\" class=\"wp-block-spacer\"><\/div>\n\n\n\n<h2 class=\"wp-block-heading is-style-section-title\" id=\"Arbeitnehmerbelange\">Transparenz &amp; Offenlegung. <\/h2>\n\n\n\n<div class=\"wp-block-columns is-layout-flex wp-container-core-columns-is-layout-9d6595d7 wp-block-columns-is-layout-flex\">\n<div class=\"wp-block-column is-layout-flow wp-block-column-is-layout-flow\">\n<p>Um den medizinischen Fortschritt in der Diagnose und Behandlung von Krankheiten sicher zu stellen, ist eine Zusammenarbeit von Pharmaunternehmen und Angeh\u00f6rigen der Fachkreise sowie Institutionen erforderlich.<\/p>\n\n\n\n<p>Entsprechend Artikel 9 des PHARMIG Verhaltenskodex (Transparenz) legt die Firma&nbsp;EVER&nbsp;Pharma die geldwerten Leistungen an \u00c4rzte, Apotheker, etc. sowie Institutionen offen.<\/p>\n<\/div>\n\n\n\n<div class=\"wp-block-column is-layout-flow wp-block-column-is-layout-flow\">\n<div class=\"wp-block-file\"><a id=\"wp-block-file--media-d22dff67-ba05-44da-a1ea-9dd01775b228\" href=\"https:\/\/www.everpharma.com\/aut\/wp-content\/uploads\/sites\/5\/2025\/06\/VHC_Offenlegung_2024.pdf\">VHC_Offenlegung_2024<\/a><a href=\"https:\/\/www.everpharma.com\/aut\/wp-content\/uploads\/sites\/5\/2025\/06\/VHC_Offenlegung_2024.pdf\" class=\"wp-block-file__button wp-element-button\" download aria-describedby=\"wp-block-file--media-d22dff67-ba05-44da-a1ea-9dd01775b228\">Download<\/a><\/div>\n\n\n\n<div class=\"wp-block-file\"><a id=\"wp-block-file--media-0ff7a6dc-1314-459f-bd5e-78430ba6cb34\" href=\"https:\/\/www.everpharma.com\/aut\/wp-content\/uploads\/sites\/5\/2024\/06\/VHC_Offenlegung_2023.pdf\">VHC_Offenlegung_2023<\/a><a href=\"https:\/\/www.everpharma.com\/aut\/wp-content\/uploads\/sites\/5\/2024\/06\/VHC_Offenlegung_2023.pdf\" class=\"wp-block-file__button wp-element-button\" download aria-describedby=\"wp-block-file--media-0ff7a6dc-1314-459f-bd5e-78430ba6cb34\">Download<\/a><\/div>\n\n\n\n<div class=\"wp-block-file\"><a id=\"wp-block-file--media-fc65ad44-8f05-4c84-8c37-23f1ce473570\" href=\"https:\/\/www.everpharma.com\/aut\/wp-content\/uploads\/sites\/5\/2023\/07\/VHC_Offenlegung_2022.pdf\">VHC_Offenlegung_2022<\/a><a href=\"https:\/\/www.everpharma.com\/aut\/wp-content\/uploads\/sites\/5\/2023\/07\/VHC_Offenlegung_2022.pdf\" class=\"wp-block-file__button wp-element-button\" download aria-describedby=\"wp-block-file--media-fc65ad44-8f05-4c84-8c37-23f1ce473570\">Download<\/a><\/div>\n<\/div>\n<\/div>\n\n\n\n<div style=\"height:50px\" aria-hidden=\"true\" class=\"wp-block-spacer\"><\/div>\n\n\n\n<h2 class=\"wp-block-heading is-style-section-title\">Firmendaten. <\/h2>\n\n\n\n<div class=\"wp-block-columns is-layout-flex wp-container-core-columns-is-layout-9d6595d7 wp-block-columns-is-layout-flex\">\n<div class=\"wp-block-column is-layout-flow wp-block-column-is-layout-flow\">\n<div class=\"wp-block-group is-style-card has-theme-copy-color has-theme-light-gray-background-color has-text-color has-background\"><div class=\"wp-block-group__inner-container is-layout-flow wp-block-group-is-layout-flow\">\n<p><strong>EVER Pharma AT GmbH<br><\/strong>Lainzer Stra\u00dfe 121\/9<br>A-1130 Wien<\/p>\n\n\n\n<p><strong>Telefon:<\/strong>&nbsp;+43 1 879 16 76 0<br><strong>Telefax:<\/strong>&nbsp;+43 1 879 16 76 414<br><strong>Email:<\/strong><a href=\"linkTo_UnCryptMailto('pdlowr-riilfh1DWChyhuskdupd1frp');\">office.AT (at) everpharma.com<\/a><\/p>\n<\/div><\/div>\n<\/div>\n\n\n\n<div class=\"wp-block-column is-layout-flow wp-block-column-is-layout-flow\">\n<div class=\"wp-block-group is-style-card has-theme-copy-color has-theme-light-gray-background-color has-text-color has-background\"><div class=\"wp-block-group__inner-container is-layout-flow wp-block-group-is-layout-flow\">\n<p><strong>DATEN:<\/strong><br>Gr\u00fcndung: M\u00e4rz 2010<br>Anzahl der Mitarbeiter: 7 (Stand 2020)<\/p>\n\n\n\n<p>FN: 343608g<br>Firmenbuchgericht: Handelsgericht Wien<\/p>\n\n\n\n<p><strong>Gesch\u00e4ftsf\u00fchrung:<\/strong>&nbsp;Wolfgang Krickl, MBA<\/p>\n<\/div><\/div>\n<\/div>\n\n\n\n<div class=\"wp-block-column is-layout-flow wp-block-column-is-layout-flow\">\n<div class=\"wp-block-group is-style-card has-theme-copy-color has-theme-light-gray-background-color has-text-color has-background\"><div class=\"wp-block-group__inner-container is-layout-flow wp-block-group-is-layout-flow\">\n<p><strong>Bankverbindung<\/strong>:<br>Bank: Bank Austria<br>KontoNr.: 50662 039 771<br>BLZ: 12.000<br>IBAN: AT43 1200 0506 6203 9771<br>BIC: BKAUATWW<br>UID: ATU65664300<\/p>\n<\/div><\/div>\n<\/div>\n<\/div>\n\n\n\n<div style=\"height:100px\" aria-hidden=\"true\" class=\"wp-block-spacer\"><\/div>\n\n\n\n<div class=\"wp-block-group alignfull has-theme-light-gray-background-color has-background\"><div class=\"wp-block-group__inner-container is-layout-flow wp-block-group-is-layout-flow\">\n<div style=\"height:50px\" aria-hidden=\"true\" class=\"wp-block-spacer\"><\/div>\n\n\n\n<div class=\"wp-block-columns are-vertically-aligned-center is-layout-flex wp-container-core-columns-is-layout-9d6595d7 wp-block-columns-is-layout-flex\">\n<div class=\"wp-block-column is-vertically-aligned-center is-layout-flow wp-block-column-is-layout-flow\" style=\"flex-basis:100%\">\n<h2 class=\"wp-block-heading is-style-section-title\" id=\"Unternehmenskultur\">Unsere Unternehmenskultur.<\/h2>\n\n\n\n<h6 class=\"wp-block-heading\"><strong>Der Kunde im Mittelpunkt unserer Arbeit.<\/strong><\/h6>\n\n\n\n<div class=\"wp-block-columns is-layout-flex wp-container-core-columns-is-layout-9d6595d7 wp-block-columns-is-layout-flex\">\n<div class=\"wp-block-column is-layout-flow wp-block-column-is-layout-flow\" style=\"flex-basis:100%\">\n<p>Die Bed\u00fcrfnisse unserer Kunden zu verstehen und zu erf\u00fcllen, hat f\u00fcr uns h\u00f6chste Priorit\u00e4t. Das Leben von Patienten zu verbessern und die Arbeit von medizinischem Fachpersonal zu unterst\u00fctzen, steht im Mittelpunkt unserer Aufgabe als Unternehmen in den Bereichen Forschung, Produktion und Lieferung.<\/p>\n<\/div>\n<\/div>\n\n\n\n<h6 class=\"wp-block-heading\"><strong>Unsere Mitarbeiter sind die S\u00e4ule unseres Erfolgs. <\/strong><\/h6>\n\n\n\n<p>Unser Team ist unser gr\u00f6\u00dftes Kapital: Forscher, Wissenschaftler, Techniker, Produktionsmitarbeiter, Qualit\u00e4tsbeauftragte, Vertriebsmitarbeiter, medizinische Vertreter und auch unsere Verwaltungsfunktionen die als agiles, engagiertes und respektvolles Team zusammenarbeiten, sind der Schl\u00fcssel zu unserem Erfolg.<\/p>\n\n\n\n<h6 class=\"wp-block-heading\"><strong>Innovation als Treiber f\u00fcr unsere zuk\u00fcnftige Entwicklung.<\/strong><\/h6>\n\n\n\n<p>Innovation ist ein wesentliches Element unserer Arbeitskultur. Ob bei der Infragestellung etablierter Paradigmen, der Integration von Mehrwert-Funktionen f\u00fcr unsere Kunden oder der Entdeckung neuer Therapien und medizinischer Anwendungen, unsere Entwicklung und unser Wachstum sind eine Funktion unserer Innovationsf\u00e4higkeit.<\/p>\n<\/div>\n<\/div>\n\n\n\n<div style=\"height:50px\" aria-hidden=\"true\" class=\"wp-block-spacer\"><\/div>\n<\/div><\/div>\n\n\n\n<div style=\"height:50px\" aria-hidden=\"true\" class=\"wp-block-spacer\"><\/div>\n\n\n\n<h2 class=\"wp-block-heading is-style-section-title\" id=\"Umwelt\">Umwelt.<\/h2>\n\n\n\n<div class=\"wp-block-columns is-layout-flex wp-container-core-columns-is-layout-9d6595d7 wp-block-columns-is-layout-flex\">\n<div class=\"wp-block-column is-layout-flow wp-block-column-is-layout-flow\" style=\"flex-basis:50%\">\n<p>Nachhaltigkeit ist in der Kultur von EVER Pharma verankert, wir wenden die h\u00f6chsten Standards an, um die Umweltbelastung zu reduzieren. Au\u00dferdem stellen wir sicher, dass unsere Produktionsanlagen die Anforderungen moderner Umweltmanagementstandards erf\u00fcllen.<\/p>\n<\/div>\n\n\n\n<div class=\"wp-block-column is-layout-flow wp-block-column-is-layout-flow\" style=\"flex-basis:50%\">\n<div class=\"wp-block-group alignwide\"><div class=\"wp-block-group__inner-container is-layout-flow wp-block-group-is-layout-flow\">\n<figure class=\"wp-block-image size-large is-style-default\"><img decoding=\"async\" src=\"https:\/\/www.everpharma.com\/wp-content\/uploads\/2021\/02\/EVER_09-1024x682.jpg\" alt=\"\" class=\"wp-image-104\"\/><\/figure>\n<\/div><\/div>\n<\/div>\n<\/div>\n\n\n\n<div style=\"height:100px\" aria-hidden=\"true\" class=\"wp-block-spacer\"><\/div>\n","protected":false},"excerpt":{"rendered":"<p>Unsere Verantwortung. Wir arbeiten f\u00fcr das gr\u00f6\u00dfte Wohl der Menschheit \u2013 Ihre Gesundheit! Das Wohlergehen des Patienten steht im Mittelpunkt unseres Handelns. Durch Innovation, Fokussierung und Unternehmergeist bringen wir spezialisierte therapeutische L\u00f6sungen mit Zusatznutzen auf den Markt, die Gesundheitssysteme rund um den Globus unterst\u00fctzen. Das gibt unserer t\u00e4glichen Arbeit einen Sinn und stellt die Essenz &hellip; <a href=\"https:\/\/www.everpharma.com\/aut\/commitments\/\">Continued<\/a><\/p>\n","protected":false},"author":2,"featured_media":0,"parent":0,"menu_order":11,"comment_status":"closed","ping_status":"closed","template":"","meta":{"_acf_changed":false,"footnotes":""},"class_list":["post-100","page","type-page","status-publish","hentry"],"yoast_head":"<!-- This site is optimized with the Yoast SEO plugin v27.4 - https:\/\/yoast.com\/product\/yoast-seo-wordpress\/ -->\n<title>Commitments - EVER Pharma Austria<\/title>\n<meta name=\"robots\" content=\"index, follow, max-snippet:-1, max-image-preview:large, max-video-preview:-1\" \/>\n<link rel=\"canonical\" href=\"https:\/\/www.everpharma.com\/aut\/commitments\/\" \/>\n<meta property=\"og:locale\" content=\"de_DE\" \/>\n<meta property=\"og:type\" content=\"article\" \/>\n<meta property=\"og:title\" content=\"Commitments - EVER Pharma Austria\" \/>\n<meta property=\"og:description\" content=\"Unsere Verantwortung. Wir arbeiten f\u00fcr das gr\u00f6\u00dfte Wohl der Menschheit \u2013 Ihre Gesundheit! Das Wohlergehen des Patienten steht im Mittelpunkt unseres Handelns. Durch Innovation, Fokussierung und Unternehmergeist bringen wir spezialisierte therapeutische L\u00f6sungen mit Zusatznutzen auf den Markt, die Gesundheitssysteme rund um den Globus unterst\u00fctzen. Das gibt unserer t\u00e4glichen Arbeit einen Sinn und stellt die Essenz &hellip; Continued\" \/>\n<meta property=\"og:url\" content=\"https:\/\/www.everpharma.com\/aut\/commitments\/\" \/>\n<meta property=\"og:site_name\" content=\"EVER Pharma Austria\" \/>\n<meta property=\"article:modified_time\" content=\"2025-06-30T09:42:15+00:00\" \/>\n<meta name=\"twitter:card\" content=\"summary_large_image\" \/>\n<meta name=\"twitter:label1\" content=\"Gesch\u00e4tzte Lesezeit\" \/>\n\t<meta name=\"twitter:data1\" content=\"2\u00a0Minuten\" \/>\n<script type=\"application\/ld+json\" class=\"yoast-schema-graph\">{\"@context\":\"https:\\\/\\\/schema.org\",\"@graph\":[{\"@type\":\"WebPage\",\"@id\":\"https:\\\/\\\/www.everpharma.com\\\/aut\\\/commitments\\\/\",\"url\":\"https:\\\/\\\/www.everpharma.com\\\/aut\\\/commitments\\\/\",\"name\":\"Commitments - EVER Pharma Austria\",\"isPartOf\":{\"@id\":\"https:\\\/\\\/www.everpharma.com\\\/aut\\\/#website\"},\"primaryImageOfPage\":{\"@id\":\"https:\\\/\\\/www.everpharma.com\\\/aut\\\/commitments\\\/#primaryimage\"},\"image\":{\"@id\":\"https:\\\/\\\/www.everpharma.com\\\/aut\\\/commitments\\\/#primaryimage\"},\"thumbnailUrl\":\"https:\\\/\\\/www.everpharma.com\\\/wp-content\\\/uploads\\\/2021\\\/02\\\/ET2B1567.jpg\",\"datePublished\":\"2021-05-26T04:58:12+00:00\",\"dateModified\":\"2025-06-30T09:42:15+00:00\",\"breadcrumb\":{\"@id\":\"https:\\\/\\\/www.everpharma.com\\\/aut\\\/commitments\\\/#breadcrumb\"},\"inLanguage\":\"de\",\"potentialAction\":[{\"@type\":\"ReadAction\",\"target\":[\"https:\\\/\\\/www.everpharma.com\\\/aut\\\/commitments\\\/\"]}]},{\"@type\":\"ImageObject\",\"inLanguage\":\"de\",\"@id\":\"https:\\\/\\\/www.everpharma.com\\\/aut\\\/commitments\\\/#primaryimage\",\"url\":\"https:\\\/\\\/www.everpharma.com\\\/wp-content\\\/uploads\\\/2021\\\/02\\\/ET2B1567.jpg\",\"contentUrl\":\"https:\\\/\\\/www.everpharma.com\\\/wp-content\\\/uploads\\\/2021\\\/02\\\/ET2B1567.jpg\"},{\"@type\":\"BreadcrumbList\",\"@id\":\"https:\\\/\\\/www.everpharma.com\\\/aut\\\/commitments\\\/#breadcrumb\",\"itemListElement\":[{\"@type\":\"ListItem\",\"position\":1,\"name\":\"Startseite\",\"item\":\"https:\\\/\\\/www.everpharma.com\\\/aut\\\/\"},{\"@type\":\"ListItem\",\"position\":2,\"name\":\"Commitments\"}]},{\"@type\":\"WebSite\",\"@id\":\"https:\\\/\\\/www.everpharma.com\\\/aut\\\/#website\",\"url\":\"https:\\\/\\\/www.everpharma.com\\\/aut\\\/\",\"name\":\"EVER Pharma Austria\",\"description\":\"Dedicated to Health.\",\"potentialAction\":[{\"@type\":\"SearchAction\",\"target\":{\"@type\":\"EntryPoint\",\"urlTemplate\":\"https:\\\/\\\/www.everpharma.com\\\/aut\\\/?s={search_term_string}\"},\"query-input\":{\"@type\":\"PropertyValueSpecification\",\"valueRequired\":true,\"valueName\":\"search_term_string\"}}],\"inLanguage\":\"de\"}]}<\/script>\n<!-- \/ Yoast SEO plugin. -->","yoast_head_json":{"title":"Commitments - EVER Pharma Austria","robots":{"index":"index","follow":"follow","max-snippet":"max-snippet:-1","max-image-preview":"max-image-preview:large","max-video-preview":"max-video-preview:-1"},"canonical":"https:\/\/www.everpharma.com\/aut\/commitments\/","og_locale":"de_DE","og_type":"article","og_title":"Commitments - EVER Pharma Austria","og_description":"Unsere Verantwortung. Wir arbeiten f\u00fcr das gr\u00f6\u00dfte Wohl der Menschheit \u2013 Ihre Gesundheit! Das Wohlergehen des Patienten steht im Mittelpunkt unseres Handelns. Durch Innovation, Fokussierung und Unternehmergeist bringen wir spezialisierte therapeutische L\u00f6sungen mit Zusatznutzen auf den Markt, die Gesundheitssysteme rund um den Globus unterst\u00fctzen. Das gibt unserer t\u00e4glichen Arbeit einen Sinn und stellt die Essenz &hellip; Continued","og_url":"https:\/\/www.everpharma.com\/aut\/commitments\/","og_site_name":"EVER Pharma Austria","article_modified_time":"2025-06-30T09:42:15+00:00","twitter_card":"summary_large_image","twitter_misc":{"Gesch\u00e4tzte Lesezeit":"2\u00a0Minuten"},"schema":{"@context":"https:\/\/schema.org","@graph":[{"@type":"WebPage","@id":"https:\/\/www.everpharma.com\/aut\/commitments\/","url":"https:\/\/www.everpharma.com\/aut\/commitments\/","name":"Commitments - EVER Pharma Austria","isPartOf":{"@id":"https:\/\/www.everpharma.com\/aut\/#website"},"primaryImageOfPage":{"@id":"https:\/\/www.everpharma.com\/aut\/commitments\/#primaryimage"},"image":{"@id":"https:\/\/www.everpharma.com\/aut\/commitments\/#primaryimage"},"thumbnailUrl":"https:\/\/www.everpharma.com\/wp-content\/uploads\/2021\/02\/ET2B1567.jpg","datePublished":"2021-05-26T04:58:12+00:00","dateModified":"2025-06-30T09:42:15+00:00","breadcrumb":{"@id":"https:\/\/www.everpharma.com\/aut\/commitments\/#breadcrumb"},"inLanguage":"de","potentialAction":[{"@type":"ReadAction","target":["https:\/\/www.everpharma.com\/aut\/commitments\/"]}]},{"@type":"ImageObject","inLanguage":"de","@id":"https:\/\/www.everpharma.com\/aut\/commitments\/#primaryimage","url":"https:\/\/www.everpharma.com\/wp-content\/uploads\/2021\/02\/ET2B1567.jpg","contentUrl":"https:\/\/www.everpharma.com\/wp-content\/uploads\/2021\/02\/ET2B1567.jpg"},{"@type":"BreadcrumbList","@id":"https:\/\/www.everpharma.com\/aut\/commitments\/#breadcrumb","itemListElement":[{"@type":"ListItem","position":1,"name":"Startseite","item":"https:\/\/www.everpharma.com\/aut\/"},{"@type":"ListItem","position":2,"name":"Commitments"}]},{"@type":"WebSite","@id":"https:\/\/www.everpharma.com\/aut\/#website","url":"https:\/\/www.everpharma.com\/aut\/","name":"EVER Pharma Austria","description":"Dedicated to Health.","potentialAction":[{"@type":"SearchAction","target":{"@type":"EntryPoint","urlTemplate":"https:\/\/www.everpharma.com\/aut\/?s={search_term_string}"},"query-input":{"@type":"PropertyValueSpecification","valueRequired":true,"valueName":"search_term_string"}}],"inLanguage":"de"}]}},"acf":[],"_links":{"self":[{"href":"https:\/\/www.everpharma.com\/aut\/wp-json\/wp\/v2\/pages\/100","targetHints":{"allow":["GET"]}}],"collection":[{"href":"https:\/\/www.everpharma.com\/aut\/wp-json\/wp\/v2\/pages"}],"about":[{"href":"https:\/\/www.everpharma.com\/aut\/wp-json\/wp\/v2\/types\/page"}],"author":[{"embeddable":true,"href":"https:\/\/www.everpharma.com\/aut\/wp-json\/wp\/v2\/users\/2"}],"replies":[{"embeddable":true,"href":"https:\/\/www.everpharma.com\/aut\/wp-json\/wp\/v2\/comments?post=100"}],"version-history":[{"count":25,"href":"https:\/\/www.everpharma.com\/aut\/wp-json\/wp\/v2\/pages\/100\/revisions"}],"predecessor-version":[{"id":1087,"href":"https:\/\/www.everpharma.com\/aut\/wp-json\/wp\/v2\/pages\/100\/revisions\/1087"}],"wp:attachment":[{"href":"https:\/\/www.everpharma.com\/aut\/wp-json\/wp\/v2\/media?parent=100"}],"curies":[{"name":"wp","href":"https:\/\/api.w.org\/{rel}","templated":true}]}}